{"id":52729,"date":"2022-02-15T17:22:44","date_gmt":"2022-02-15T17:22:44","guid":{"rendered":"https:\/\/global.herzog.ac.il\/?page_id=52729"},"modified":"2023-01-11T13:44:20","modified_gmt":"2023-01-11T13:44:20","slug":"desarrollo-profesional","status":"publish","type":"page","link":"https:\/\/global.herzog.ac.il\/es\/desarrollo-profesional\/","title":{"rendered":"Desarrollo profesional"},"content":{"rendered":"<p>[et_pb_section fb_built=\u00bb1&#8243; _builder_version=\u00bb4.16&#8243; _module_preset=\u00bbdefault\u00bb background_color=\u00bb#6EA6A7&#8243; custom_padding=\u00bb10px|0px|10px|0px|true|false\u00bb global_colors_info=\u00bb{}\u00bb][et_pb_row _builder_version=\u00bb4.16&#8243; _module_preset=\u00bbdefault\u00bb custom_padding=\u00bb||5px|||\u00bb global_colors_info=\u00bb{}\u00bb][et_pb_column type=\u00bb4_4&#8243; _builder_version=\u00bb4.16&#8243; _module_preset=\u00bbdefault\u00bb global_colors_info=\u00bb{}\u00bb][et_pb_text _builder_version=\u00bb4.16&#8243; _module_preset=\u00bbd023f3ec-85f2-4118-ae8d-7be804cb4acd\u00bb header_font=\u00bb|700|||||||\u00bb header_text_color=\u00bb#FFFFFF\u00bb header_font_size=\u00bb36px\u00bb header_line_height=\u00bb1.1em\u00bb custom_margin=\u00bb||3px|||\u00bb custom_padding=\u00bb||14px|||\u00bb global_colors_info=\u00bb{}\u00bb]<\/p>\n<h1>Programa de desarrollo profesional para maestros jud\u00edos<\/h1>\n<p>[\/et_pb_text][\/et_pb_column][\/et_pb_row][\/et_pb_section][et_pb_section fb_built=\u00bb1&#8243; make_equal=\u00bbon\u00bb use_custom_gutter=\u00bbon\u00bb gutter_width=\u00bb2&#8243; specialty=\u00bbon\u00bb _builder_version=\u00bb4.16&#8243; inner_max_width=\u00bb1280px\u00bb custom_padding=\u00bb60px|0px|60px|0px|true|false\u00bb global_colors_info=\u00bb{}\u00bb][et_pb_column type=\u00bb1_2&#8243; specialty_columns=\u00bb2&#8243; _builder_version=\u00bb4.16&#8243; custom_padding=\u00bb|||\u00bb global_colors_info=\u00bb{}\u00bb parallax__hover=\u00bboff\u00bb parallax_method__hover=\u00bbon\u00bb custom_padding__hover=\u00bb|||\u00bb][et_pb_row_inner column_structure=\u00bb1_2,1_2&#8243; use_custom_gutter=\u00bbon\u00bb gutter_width=\u00bb2&#8243; make_equal=\u00bbon\u00bb _builder_version=\u00bb4.16&#8243; custom_margin=\u00bb12px|||||\u00bb custom_padding=\u00bb4px|||||\u00bb global_colors_info=\u00bb{}\u00bb][et_pb_column_inner type=\u00bb1_2&#8243; saved_specialty_column_type=\u00bb1_2&#8243; _builder_version=\u00bb4.16&#8243; custom_padding=\u00bb||20px||false|false\u00bb border_radii=\u00bbon|5px|5px|5px|5px\u00bb box_shadow_style=\u00bbpreset1&#8243; box_shadow_vertical=\u00bb29px\u00bb box_shadow_blur=\u00bb75px\u00bb box_shadow_color=\u00bbrgba(165,165,165,0.3)\u00bb global_colors_info=\u00bb{}\u00bb parallax__hover=\u00bboff\u00bb parallax_method__hover=\u00bbon\u00bb custom_padding__hover=\u00bb|||\u00bb box_shadow_vertical__hover=\u00bb80px\u00bb box_shadow_vertical__hover_enabled=\u00bbon|desktop\u00bb box_shadow_blur__hover=\u00bb80px\u00bb box_shadow_blur__hover_enabled=\u00bbon|hover\u00bb box_shadow_color__hover=\u00bbrgba(114,114,114,0.31)\u00bb box_shadow_color__hover_enabled=\u00bbon|desktop\u00bb][et_pb_image src=\u00bbhttps:\/\/global.herzog.ac.il\/wp-content\/uploads\/2021\/12\/Teaching-600&#215;400-1.png\u00bb alt=\u00bbProfessional Development Program for Jewish Teachers\u00bb title_text=\u00bbTeaching 600&#215;400&#8243; url=\u00bbhttps:\/\/global.herzog.ac.il\/es\/resources\/rimonim-program\/\u00bb align_tablet=\u00bbcenter\u00bb align_phone=\u00bb\u00bb align_last_edited=\u00bbon|desktop\u00bb _builder_version=\u00bb4.16&#8243; global_colors_info=\u00bb{}\u00bb][\/et_pb_image][et_pb_text _builder_version=\u00bb4.16&#8243; _module_preset=\u00bbdefault\u00bb text_orientation=\u00bbcenter\u00bb custom_margin=\u00bb0px|5px|0px|5px|true|true\u00bb link_option_url=\u00bbhttps:\/\/global.herzog.ac.il\/es\/resources\/rimonim-program\/\u00bb global_colors_info=\u00bb{}\u00bb]<\/p>\n<p>Rimonim Programa de desarrollo profesional para maestros jud\u00edos<\/p>\n<p>[\/et_pb_text][et_pb_button button_url=\u00bbhttps:\/\/global.herzog.ac.il\/es\/resources\/rimonim-program\/\u00bb url_new_window=\u00bbon\u00bb button_text=\u00bbleer m\u00e1s \u00bb button_alignment=\u00bbcenter\u00bb _builder_version=\u00bb4.16&#8243; custom_button=\u00bbon\u00bb button_text_size=\u00bb14px\u00bb button_text_color=\u00bb#B4183D\u00bb button_bg_color=\u00bbrgba(56,56,56,0)\u00bb button_border_width=\u00bb0px\u00bb button_border_color=\u00bb#383838&#8243; button_border_radius=\u00bb0px\u00bb button_letter_spacing=\u00bb1px\u00bb button_font=\u00bbPoppins|700||on|||||\u00bb button_icon=\u00bb&#x24;||divi||400&#8243; button_on_hover=\u00bboff\u00bb custom_margin=\u00bb||||false|false\u00bb custom_margin_tablet=\u00bb|||0px\u00bb custom_margin_phone=\u00bb|||0px\u00bb custom_margin_last_edited=\u00bbon|tablet\u00bb custom_padding=\u00bb0px|0px|0px|0px|true|true\u00bb global_colors_info=\u00bb{}\u00bb button_bg_color__hover_enabled=\u00bbon\u00bb button_bg_color__hover=\u00bbrgba(191,191,191,0)\u00bb button_letter_spacing__hover_enabled=\u00bbon\u00bb button_letter_spacing__hover=\u00bb2px\u00bb button_border_color__hover_enabled=\u00bbon\u00bb button_border_color__hover=\u00bbrgba(191,191,191,0)\u00bb button_text_color__hover_enabled=\u00bbon\u00bb button_text_color__hover=\u00bb#000000&#8243;][\/et_pb_button][\/et_pb_column_inner][et_pb_column_inner type=\u00bb1_2&#8243; saved_specialty_column_type=\u00bb1_2&#8243; _builder_version=\u00bb4.16&#8243; custom_padding=\u00bb|||\u00bb border_radii=\u00bbon|5px|5px|5px|5px\u00bb box_shadow_style=\u00bbpreset1&#8243; box_shadow_vertical=\u00bb29px\u00bb box_shadow_blur=\u00bb75px\u00bb box_shadow_color=\u00bbrgba(165,165,165,0.3)\u00bb global_colors_info=\u00bb{}\u00bb parallax__hover=\u00bboff\u00bb parallax_method__hover=\u00bbon\u00bb custom_padding__hover=\u00bb|||\u00bb box_shadow_vertical__hover=\u00bb80px\u00bb box_shadow_vertical__hover_enabled=\u00bbon|desktop\u00bb box_shadow_blur__hover=\u00bb80px\u00bb box_shadow_blur__hover_enabled=\u00bbon|hover\u00bb box_shadow_color__hover=\u00bbrgba(114,114,114,0.31)\u00bb box_shadow_color__hover_enabled=\u00bbon|desktop\u00bb][et_pb_image src=\u00bbhttps:\/\/global.herzog.ac.il\/wp-content\/uploads\/2022\/01\/Teacher-Training-600&#215;400-1.png\u00bb alt=\u00bbRabbi Menachem Leibtag\u00bb title_text=\u00bbTeacher Training 600&#215;400&#8243; url=\u00bbhttps:\/\/global.herzog.ac.il\/resources\/online-classroom-skills-courses\/\u00bb align_tablet=\u00bbcenter\u00bb align_phone=\u00bb\u00bb align_last_edited=\u00bbon|desktop\u00bb _builder_version=\u00bb4.16&#8243; global_colors_info=\u00bb{}\u00bb][\/et_pb_image][et_pb_text _builder_version=\u00bb4.16&#8243; _module_preset=\u00bbdefault\u00bb text_orientation=\u00bbcenter\u00bb custom_margin=\u00bb0px|10px|0px|10px|true|true\u00bb link_option_url=\u00bbhttps:\/\/global.herzog.ac.il\/es\/resources\/capacitacion-en-servicio-para-escuelas\/\u00bb global_colors_info=\u00bb{}\u00bb]<\/p>\n<p>Capacitaci\u00f3n en servicio para escuelas<\/p>\n<p>[\/et_pb_text][et_pb_button button_url=\u00bbhttps:\/\/global.herzog.ac.il\/es\/resources\/capacitacion-en-servicio-para-escuelas\/\u00bb url_new_window=\u00bbon\u00bb button_text=\u00bbleer m\u00e1s \u00bb button_alignment=\u00bbcenter\u00bb admin_label=\u00bbButton\u00bb _builder_version=\u00bb4.16&#8243; custom_button=\u00bbon\u00bb button_text_size=\u00bb14px\u00bb button_text_color=\u00bb#B4183D\u00bb button_bg_color=\u00bbrgba(56,56,56,0)\u00bb button_border_width=\u00bb0px\u00bb button_border_color=\u00bb#383838&#8243; button_border_radius=\u00bb0px\u00bb button_letter_spacing=\u00bb1px\u00bb button_font=\u00bbPoppins|700||on|||||\u00bb button_icon=\u00bb&#x24;||divi||400&#8243; button_on_hover=\u00bboff\u00bb custom_margin=\u00bb||||false|false\u00bb custom_margin_tablet=\u00bb|||0px\u00bb custom_margin_phone=\u00bb|||0px\u00bb custom_margin_last_edited=\u00bbon|tablet\u00bb custom_padding=\u00bb0px|0px|0px|0px|true|true\u00bb global_colors_info=\u00bb{}\u00bb button_bg_color__hover_enabled=\u00bbon\u00bb button_bg_color__hover=\u00bbrgba(191,191,191,0)\u00bb button_letter_spacing__hover_enabled=\u00bbon\u00bb button_letter_spacing__hover=\u00bb2px\u00bb button_border_color__hover_enabled=\u00bbon\u00bb button_border_color__hover=\u00bbrgba(191,191,191,0)\u00bb button_text_color__hover_enabled=\u00bbon\u00bb button_text_color__hover=\u00bb#000000&#8243;][\/et_pb_button][\/et_pb_column_inner][\/et_pb_row_inner][et_pb_row_inner use_custom_gutter=\u00bbon\u00bb gutter_width=\u00bb2&#8243; make_equal=\u00bbon\u00bb _builder_version=\u00bb4.16&#8243; custom_padding=\u00bb0|0px|31.0469px|0px|false|false\u00bb border_radii=\u00bbon|5px|5px|5px|5px\u00bb box_shadow_style=\u00bbpreset1&#8243; box_shadow_vertical=\u00bb29px\u00bb box_shadow_blur=\u00bb75px\u00bb box_shadow_color=\u00bbrgba(165,165,165,0.3)\u00bb global_colors_info=\u00bb{}\u00bb box_shadow_vertical__hover=\u00bb80px\u00bb box_shadow_vertical__hover_enabled=\u00bbon|desktop\u00bb box_shadow_blur__hover=\u00bb80px\u00bb box_shadow_blur__hover_enabled=\u00bbon|hover\u00bb box_shadow_color__hover=\u00bbrgba(114,114,114,0.31)\u00bb box_shadow_color__hover_enabled=\u00bbon|desktop\u00bb][et_pb_column_inner saved_specialty_column_type=\u00bb1_2&#8243; _builder_version=\u00bb4.16&#8243; custom_padding=\u00bb|||\u00bb global_colors_info=\u00bb{}\u00bb parallax__hover=\u00bboff\u00bb parallax_method__hover=\u00bbon\u00bb custom_padding__hover=\u00bb|||\u00bb][et_pb_image src=\u00bbhttps:\/\/global.herzog.ac.il\/wp-content\/uploads\/2022\/01\/Herzog-Class.jpg\u00bb alt=\u00bbHerzog Rimonim Class\u00bb title_text=\u00bbHerzog Class\u00bb force_fullwidth=\u00bbon\u00bb align_tablet=\u00bbcenter\u00bb align_phone=\u00bb\u00bb align_last_edited=\u00bbon|desktop\u00bb _builder_version=\u00bb4.16&#8243; global_colors_info=\u00bb{}\u00bb][\/et_pb_image][et_pb_text _builder_version=\u00bb4.19.4&#8243; _module_preset=\u00bbdefault\u00bb text_orientation=\u00bbcenter\u00bb custom_margin=\u00bb0px|10px|0px|10px|true|true\u00bb link_option_url=\u00bbhttps:\/\/global.herzog.ac.il\/es\/nuevos-coursos\/\u00bb global_colors_info=\u00bb{}\u00bb]<\/p>\n<p>Nuevos cursos 2023<\/p>\n<p>[\/et_pb_text][et_pb_button button_url=\u00bbhttps:\/\/global.herzog.ac.il\/es\/nuevos-coursos\/\u00bb url_new_window=\u00bbon\u00bb button_text=\u00bbleer m\u00e1s \u00bb button_alignment=\u00bbcenter\u00bb _builder_version=\u00bb4.16&#8243; custom_button=\u00bbon\u00bb button_text_size=\u00bb14px\u00bb button_text_color=\u00bb#B4183D\u00bb button_bg_color=\u00bbrgba(56,56,56,0)\u00bb button_border_width=\u00bb0px\u00bb button_border_color=\u00bb#383838&#8243; button_border_radius=\u00bb0px\u00bb button_letter_spacing=\u00bb1px\u00bb button_font=\u00bbPoppins|700||on|||||\u00bb button_icon=\u00bb&#x24;||divi||400&#8243; button_on_hover=\u00bboff\u00bb custom_margin=\u00bb||||false|false\u00bb custom_margin_tablet=\u00bb|||0px\u00bb custom_margin_phone=\u00bb|||0px\u00bb custom_margin_last_edited=\u00bbon|tablet\u00bb custom_padding=\u00bb0px|0px|0px|0px|true|true\u00bb global_colors_info=\u00bb{}\u00bb button_bg_color__hover_enabled=\u00bbon\u00bb button_bg_color__hover=\u00bbrgba(191,191,191,0)\u00bb button_letter_spacing__hover_enabled=\u00bbon\u00bb button_letter_spacing__hover=\u00bb2px\u00bb button_border_color__hover_enabled=\u00bbon\u00bb button_border_color__hover=\u00bbrgba(191,191,191,0)\u00bb button_text_color__hover_enabled=\u00bbon\u00bb button_text_color__hover=\u00bb#000000&#8243;][\/et_pb_button][\/et_pb_column_inner][\/et_pb_row_inner][\/et_pb_column][et_pb_column type=\u00bb1_2&#8243; _builder_version=\u00bb4.16&#8243; custom_padding=\u00bb|||\u00bb global_colors_info=\u00bb{}\u00bb parallax__hover=\u00bboff\u00bb parallax_method__hover=\u00bbon\u00bb custom_padding__hover=\u00bb|||\u00bb][et_pb_text _builder_version=\u00bb4.16&#8243; text_font=\u00bbRoboto|300|||||||\u00bb text_text_color=\u00bb#000000&#8243; text_font_size=\u00bb20px\u00bb text_line_height=\u00bb1.8em\u00bb header_font=\u00bbPoppins|700||on|||||\u00bb header_text_color=\u00bb#000000&#8243; header_line_height=\u00bb1.3em\u00bb header_2_line_height=\u00bb1.4em\u00bb custom_margin=\u00bb-15px|||30px\u00bb custom_margin_tablet=\u00bb|||0px\u00bb custom_margin_phone=\u00bb|||0px\u00bb custom_margin_last_edited=\u00bbon|tablet\u00bb header_font_size_tablet=\u00bb\u00bb header_font_size_phone=\u00bb25px\u00bb header_font_size_last_edited=\u00bbon|desktop\u00bb global_colors_info=\u00bb{}\u00bb]<\/p>\n<h2>Cursos de formaci\u00f3n para educadores jud\u00edos de todo el mundo<\/h2>\n<p>[\/et_pb_text][et_pb_text _builder_version=\u00bb4.17.3&#8243; text_font=\u00bbRoboto||||||||\u00bb text_text_color=\u00bbgcid-a4889336-8d7c-448a-acc4-c0864f964547&#8243; text_font_size=\u00bb17px\u00bb text_line_height=\u00bb1.8em\u00bb header_font=\u00bbNunito Sans|700|||||||\u00bb header_text_color=\u00bb#297FCA\u00bb header_line_height=\u00bb1.3em\u00bb text_orientation=\u00bbjustified\u00bb custom_margin=\u00bb|||30px\u00bb custom_margin_tablet=\u00bb|||0px\u00bb custom_margin_phone=\u00bb|||0px\u00bb custom_margin_last_edited=\u00bbon|tablet\u00bb link_option_url=\u00bbhttps:\/\/global.herzog.ac.il\/es\/nuevos-cursos\/\u00bb global_colors_info=\u00bb{%22gcid-a4c50432-d390-47a5-9e6a-961a87c39e2a%22:%91%22header_2_text_color%22,%22header_2_text_color%22,%22header_2_text_color%22%93,%22gcid-a4889336-8d7c-448a-acc4-c0864f964547%22:%91%22text_text_color%22%93}\u00bb]<\/p>\n<p><strong>El Programa Internacional de Formaci\u00f3n de docentes de Herzog College para Estudios Judaicos comprende cursos semesteriales online, que comienzan dos veces al a\u00f1o. Los cursos califican para recibir cr\u00e9ditos que son reconocidos por el ministerio de educaci\u00f3n de Israel y por instituciones academicas en el mundo.<\/strong><\/p>\n<p>[\/et_pb_text][et_pb_text _builder_version=\u00bb4.16&#8243; text_font=\u00bbRoboto||||||||\u00bb text_text_color=\u00bbgcid-a4889336-8d7c-448a-acc4-c0864f964547&#8243; text_font_size=\u00bb17px\u00bb text_line_height=\u00bb1.8em\u00bb header_font=\u00bbNunito Sans|700|||||||\u00bb header_text_color=\u00bb#297FCA\u00bb header_line_height=\u00bb1.3em\u00bb text_orientation=\u00bbjustified\u00bb custom_margin=\u00bb||5px|30px||\u00bb custom_margin_tablet=\u00bb|||0px\u00bb custom_margin_phone=\u00bb|||0px\u00bb custom_margin_last_edited=\u00bbon|tablet\u00bb global_colors_info=\u00bb{%22gcid-a4c50432-d390-47a5-9e6a-961a87c39e2a%22:%91%22header_2_text_color%22,%22header_2_text_color%22,%22header_2_text_color%22%93,%22gcid-a4889336-8d7c-448a-acc4-c0864f964547%22:%91%22text_text_color%22%93}\u00bb]<\/p>\n<p>Este programa altamente subsidiado se ofrece actualmente en espa\u00f1ol e ingl\u00e9s. Los cursos de nivel acad\u00e9mico incluyen estudios b\u00edblicos, tora oral, filosof\u00eda jud\u00eda, historia jud\u00eda, tecnopedagog\u00eda y desaf\u00edos educativos del siglo XXI. Los profesores pueden inscribirse en cursos individuales online\u00a0 asincr\u00f3nicas.<\/p>\n<p>[\/et_pb_text][et_pb_text _builder_version=\u00bb4.16&#8243; text_font=\u00bbRoboto||||||||\u00bb text_text_color=\u00bbgcid-a4889336-8d7c-448a-acc4-c0864f964547&#8243; text_font_size=\u00bb17px\u00bb text_line_height=\u00bb1.8em\u00bb header_font=\u00bbNunito Sans|700|||||||\u00bb header_text_color=\u00bb#297FCA\u00bb header_line_height=\u00bb1.3em\u00bb text_orientation=\u00bbjustified\u00bb custom_margin=\u00bb40px||5px|30px||\u00bb custom_margin_tablet=\u00bb|||0px\u00bb custom_margin_phone=\u00bb|||0px\u00bb custom_margin_last_edited=\u00bbon|tablet\u00bb global_colors_info=\u00bb{%22gcid-a4c50432-d390-47a5-9e6a-961a87c39e2a%22:%91%22header_2_text_color%22%93,%22gcid-a4889336-8d7c-448a-acc4-c0864f964547%22:%91%22text_text_color%22%93}\u00bb]<\/p>\n<p>Herzog Global re\u00fane a educadores l\u00edderes con amplia experiencia en temas espec\u00edficos para impartir nuestros cursos de desarrollo profesional online.<\/p>\n<p>Para m\u00e1s datos ingresar <a href=\"https:\/\/global.herzog.ac.il\/es\/nuevos-cursos\/\">aqu\u00ed<\/a><\/p>\n<p>&nbsp;<\/p>\n<p>[\/et_pb_text][\/et_pb_column][\/et_pb_section][et_pb_section fb_built=\u00bb1&#8243; _builder_version=\u00bb4.16&#8243; _module_preset=\u00bbdefault\u00bb background_color=\u00bbgcid-0707c5da-5794-4aae-8458-ec0263b8f831&#8243; custom_padding=\u00bb13px||5px|||\u00bb saved_tabs=\u00bball\u00bb locked=\u00bboff\u00bb global_colors_info=\u00bb{%22gcid-0707c5da-5794-4aae-8458-ec0263b8f831%22:%91%22background_color%22%93}\u00bb][et_pb_row _builder_version=\u00bb4.16&#8243; _module_preset=\u00bbdefault\u00bb global_colors_info=\u00bb{}\u00bb][et_pb_column type=\u00bb4_4&#8243; _builder_version=\u00bb4.16&#8243; _module_preset=\u00bbdefault\u00bb global_colors_info=\u00bb{}\u00bb][et_pb_text _builder_version=\u00bb4.17.3&#8243; _module_preset=\u00bbd023f3ec-85f2-4118-ae8d-7be804cb4acd\u00bb link_option_url=\u00bbhttps:\/\/global.herzog.ac.il\/es\/nuevos-cursos\/\u00bb global_colors_info=\u00bb{}\u00bb]<\/p>\n<h1>Nuevos Cursos 2023<\/h1>\n<p>[\/et_pb_text][et_pb_shop posts_number=\u00bb13&#8243; columns_number=\u00bb3&#8243; icon_hover_color=\u00bb#ffffff\u00bb hover_overlay_color=\u00bbrgba(15,79,88,0.27)\u00bb hover_icon=\u00bb&#x55;||divi||400&#8243; show_name=\u00bboff\u00bb show_price=\u00bboff\u00bb show_rating=\u00bboff\u00bb show_sale_badge=\u00bboff\u00bb _builder_version=\u00bb4.19.4&#8243; _module_preset=\u00bbdefault\u00bb title_font=\u00bb|600|||||||\u00bb title_text_color=\u00bb#000000&#8243; title_font_size=\u00bb16px\u00bb title_line_height=\u00bb1.4em\u00bb custom_padding=\u00bb20px|20px|20px|20px|true|true\u00bb hover_enabled=\u00bb0&#8243; custom_css_product=\u00bbborder-radius: 5px;||padding: 20px !important;||box-shadow: 0px 23px 64px 0px rgb(170 170 170 \/ 30%);\u00bb border_color_all=\u00bb#000000&#8243; global_colors_info=\u00bb{}\u00bb type=\u00bbproduct_category\u00bb include_categories=\u00bb91&#8243; sticky_enabled=\u00bb0&#8243;][\/et_pb_shop][\/et_pb_column][\/et_pb_row][\/et_pb_section]<\/p>\n","protected":false},"excerpt":{"rendered":"<p>Programa de desarrollo profesional para maestros jud\u00edosRimonim Programa de desarrollo profesional para maestros jud\u00edosCapacitaci\u00f3n en servicio para escuelasNuevos cursos 2023Cursos de formaci\u00f3n para educadores jud\u00edos de todo el mundoEl Programa Internacional de Formaci\u00f3n de docentes de Herzog College para Estudios Judaicos comprende cursos semesteriales online, que comienzan dos veces al a\u00f1o. Los cursos califican para [&hellip;]<\/p>\n","protected":false},"author":5,"featured_media":0,"parent":0,"menu_order":0,"comment_status":"closed","ping_status":"closed","template":"","meta":{"_acf_changed":false,"_et_pb_use_builder":"on","_et_pb_old_content":"","_et_gb_content_width":"","_monsterinsights_skip_tracking":false,"_monsterinsights_sitenote_active":false,"_monsterinsights_sitenote_note":"","_monsterinsights_sitenote_category":0,"footnotes":""},"class_list":["post-52729","page","type-page","status-publish","hentry"],"acf":[],"yoast_head":"<!-- This site is optimized with the Yoast SEO plugin v27.5 - https:\/\/yoast.com\/product\/yoast-seo-wordpress\/ -->\n<title>Desarrollo profesional - Herzog College<\/title>\n<meta name=\"robots\" content=\"index, follow, max-snippet:-1, max-image-preview:large, max-video-preview:-1\" \/>\n<link rel=\"canonical\" href=\"https:\/\/global.herzog.ac.il\/teacher-education\/\" \/>\n<meta property=\"og:locale\" content=\"es_ES\" \/>\n<meta property=\"og:type\" content=\"article\" \/>\n<meta property=\"og:title\" content=\"Desarrollo profesional - Herzog College\" \/>\n<meta property=\"og:description\" content=\"Programa de desarrollo profesional para maestros jud\u00edosRimonim Programa de desarrollo profesional para maestros jud\u00edosCapacitaci\u00f3n en servicio para escuelasNuevos cursos 2023Cursos de formaci\u00f3n para educadores jud\u00edos de todo el mundoEl Programa Internacional de Formaci\u00f3n de docentes de Herzog College para Estudios Judaicos comprende cursos semesteriales online, que comienzan dos veces al a\u00f1o. Los cursos califican para [&hellip;]\" \/>\n<meta property=\"og:site_name\" content=\"Herzog College\" \/>\n<meta property=\"article:modified_time\" content=\"2023-01-11T13:44:20+00:00\" \/>\n<meta name=\"twitter:card\" content=\"summary_large_image\" \/>\n<meta name=\"twitter:label1\" content=\"Tiempo de lectura\" \/>\n\t<meta name=\"twitter:data1\" content=\"3 minutos\" \/>\n<script type=\"application\/ld+json\" class=\"yoast-schema-graph\">{\"@context\":\"https:\\\/\\\/schema.org\",\"@graph\":[{\"@type\":\"WebPage\",\"@id\":\"https:\\\/\\\/global.herzog.ac.il\\\/teacher-education\\\/\",\"url\":\"https:\\\/\\\/global.herzog.ac.il\\\/teacher-education\\\/\",\"name\":\"Desarrollo profesional - Herzog College\",\"isPartOf\":{\"@id\":\"https:\\\/\\\/global.herzog.ac.il\\\/#website\"},\"datePublished\":\"2022-02-15T17:22:44+00:00\",\"dateModified\":\"2023-01-11T13:44:20+00:00\",\"breadcrumb\":{\"@id\":\"https:\\\/\\\/global.herzog.ac.il\\\/teacher-education\\\/#breadcrumb\"},\"inLanguage\":\"es\",\"potentialAction\":[{\"@type\":\"ReadAction\",\"target\":[\"https:\\\/\\\/global.herzog.ac.il\\\/teacher-education\\\/\"]}]},{\"@type\":\"BreadcrumbList\",\"@id\":\"https:\\\/\\\/global.herzog.ac.il\\\/teacher-education\\\/#breadcrumb\",\"itemListElement\":[{\"@type\":\"ListItem\",\"position\":1,\"name\":\"Home\",\"item\":\"https:\\\/\\\/global.herzog.ac.il\\\/\"},{\"@type\":\"ListItem\",\"position\":2,\"name\":\"Desarrollo profesional\"}]},{\"@type\":\"WebSite\",\"@id\":\"https:\\\/\\\/global.herzog.ac.il\\\/#website\",\"url\":\"https:\\\/\\\/global.herzog.ac.il\\\/\",\"name\":\"Herzog College\",\"description\":\"Empowering Jewish Education\",\"publisher\":{\"@id\":\"https:\\\/\\\/global.herzog.ac.il\\\/#organization\"},\"potentialAction\":[{\"@type\":\"SearchAction\",\"target\":{\"@type\":\"EntryPoint\",\"urlTemplate\":\"https:\\\/\\\/global.herzog.ac.il\\\/?s={search_term_string}\"},\"query-input\":{\"@type\":\"PropertyValueSpecification\",\"valueRequired\":true,\"valueName\":\"search_term_string\"}}],\"inLanguage\":\"es\"},{\"@type\":\"Organization\",\"@id\":\"https:\\\/\\\/global.herzog.ac.il\\\/#organization\",\"name\":\"Herzog College Global Courses\",\"url\":\"https:\\\/\\\/global.herzog.ac.il\\\/\",\"logo\":{\"@type\":\"ImageObject\",\"inLanguage\":\"es\",\"@id\":\"https:\\\/\\\/global.herzog.ac.il\\\/#\\\/schema\\\/logo\\\/image\\\/\",\"url\":\"https:\\\/\\\/global.herzog.ac.il\\\/wp-content\\\/uploads\\\/2021\\\/12\\\/logo-herzog-bg.jpg\",\"contentUrl\":\"https:\\\/\\\/global.herzog.ac.il\\\/wp-content\\\/uploads\\\/2021\\\/12\\\/logo-herzog-bg.jpg\",\"width\":410,\"height\":110,\"caption\":\"Herzog College Global Courses\"},\"image\":{\"@id\":\"https:\\\/\\\/global.herzog.ac.il\\\/#\\\/schema\\\/logo\\\/image\\\/\"}}]}<\/script>\n<!-- \/ Yoast SEO plugin. -->","yoast_head_json":{"title":"Desarrollo profesional - Herzog College","robots":{"index":"index","follow":"follow","max-snippet":"max-snippet:-1","max-image-preview":"max-image-preview:large","max-video-preview":"max-video-preview:-1"},"canonical":"https:\/\/global.herzog.ac.il\/teacher-education\/","og_locale":"es_ES","og_type":"article","og_title":"Desarrollo profesional - Herzog College","og_description":"Programa de desarrollo profesional para maestros jud\u00edosRimonim Programa de desarrollo profesional para maestros jud\u00edosCapacitaci\u00f3n en servicio para escuelasNuevos cursos 2023Cursos de formaci\u00f3n para educadores jud\u00edos de todo el mundoEl Programa Internacional de Formaci\u00f3n de docentes de Herzog College para Estudios Judaicos comprende cursos semesteriales online, que comienzan dos veces al a\u00f1o. Los cursos califican para [&hellip;]","og_site_name":"Herzog College","article_modified_time":"2023-01-11T13:44:20+00:00","twitter_card":"summary_large_image","twitter_misc":{"Tiempo de lectura":"3 minutos"},"schema":{"@context":"https:\/\/schema.org","@graph":[{"@type":"WebPage","@id":"https:\/\/global.herzog.ac.il\/teacher-education\/","url":"https:\/\/global.herzog.ac.il\/teacher-education\/","name":"Desarrollo profesional - Herzog College","isPartOf":{"@id":"https:\/\/global.herzog.ac.il\/#website"},"datePublished":"2022-02-15T17:22:44+00:00","dateModified":"2023-01-11T13:44:20+00:00","breadcrumb":{"@id":"https:\/\/global.herzog.ac.il\/teacher-education\/#breadcrumb"},"inLanguage":"es","potentialAction":[{"@type":"ReadAction","target":["https:\/\/global.herzog.ac.il\/teacher-education\/"]}]},{"@type":"BreadcrumbList","@id":"https:\/\/global.herzog.ac.il\/teacher-education\/#breadcrumb","itemListElement":[{"@type":"ListItem","position":1,"name":"Home","item":"https:\/\/global.herzog.ac.il\/"},{"@type":"ListItem","position":2,"name":"Desarrollo profesional"}]},{"@type":"WebSite","@id":"https:\/\/global.herzog.ac.il\/#website","url":"https:\/\/global.herzog.ac.il\/","name":"Herzog College","description":"Empowering Jewish Education","publisher":{"@id":"https:\/\/global.herzog.ac.il\/#organization"},"potentialAction":[{"@type":"SearchAction","target":{"@type":"EntryPoint","urlTemplate":"https:\/\/global.herzog.ac.il\/?s={search_term_string}"},"query-input":{"@type":"PropertyValueSpecification","valueRequired":true,"valueName":"search_term_string"}}],"inLanguage":"es"},{"@type":"Organization","@id":"https:\/\/global.herzog.ac.il\/#organization","name":"Herzog College Global Courses","url":"https:\/\/global.herzog.ac.il\/","logo":{"@type":"ImageObject","inLanguage":"es","@id":"https:\/\/global.herzog.ac.il\/#\/schema\/logo\/image\/","url":"https:\/\/global.herzog.ac.il\/wp-content\/uploads\/2021\/12\/logo-herzog-bg.jpg","contentUrl":"https:\/\/global.herzog.ac.il\/wp-content\/uploads\/2021\/12\/logo-herzog-bg.jpg","width":410,"height":110,"caption":"Herzog College Global Courses"},"image":{"@id":"https:\/\/global.herzog.ac.il\/#\/schema\/logo\/image\/"}}]}},"_links":{"self":[{"href":"https:\/\/global.herzog.ac.il\/es\/wp-json\/wp\/v2\/pages\/52729","targetHints":{"allow":["GET"]}}],"collection":[{"href":"https:\/\/global.herzog.ac.il\/es\/wp-json\/wp\/v2\/pages"}],"about":[{"href":"https:\/\/global.herzog.ac.il\/es\/wp-json\/wp\/v2\/types\/page"}],"author":[{"embeddable":true,"href":"https:\/\/global.herzog.ac.il\/es\/wp-json\/wp\/v2\/users\/5"}],"replies":[{"embeddable":true,"href":"https:\/\/global.herzog.ac.il\/es\/wp-json\/wp\/v2\/comments?post=52729"}],"version-history":[{"count":16,"href":"https:\/\/global.herzog.ac.il\/es\/wp-json\/wp\/v2\/pages\/52729\/revisions"}],"predecessor-version":[{"id":56824,"href":"https:\/\/global.herzog.ac.il\/es\/wp-json\/wp\/v2\/pages\/52729\/revisions\/56824"}],"wp:attachment":[{"href":"https:\/\/global.herzog.ac.il\/es\/wp-json\/wp\/v2\/media?parent=52729"}],"curies":[{"name":"wp","href":"https:\/\/api.w.org\/{rel}","templated":true}]}}