{"id":52732,"date":"2022-02-15T17:36:24","date_gmt":"2022-02-15T17:36:24","guid":{"rendered":"https:\/\/global.herzog.ac.il\/?page_id=52732"},"modified":"2024-08-11T08:55:06","modified_gmt":"2024-08-11T08:55:06","slug":"recursos-educativos","status":"publish","type":"page","link":"https:\/\/global.herzog.ac.il\/es\/recursos-educativos\/","title":{"rendered":"Recursos digitales"},"content":{"rendered":"<p>[et_pb_section fb_built=\u00bb1&#8243; _builder_version=\u00bb4.16&#8243; _module_preset=\u00bbdefault\u00bb background_color=\u00bb#6EA6A7&#8243; custom_padding=\u00bb10px|0px|10px|0px|true|false\u00bb global_colors_info=\u00bb{}\u00bb][et_pb_row _builder_version=\u00bb4.16&#8243; _module_preset=\u00bbdefault\u00bb custom_padding=\u00bb||5px|||\u00bb global_colors_info=\u00bb{}\u00bb][et_pb_column type=\u00bb4_4&#8243; _builder_version=\u00bb4.16&#8243; _module_preset=\u00bbdefault\u00bb global_colors_info=\u00bb{}\u00bb][et_pb_text _builder_version=\u00bb4.16&#8243; _module_preset=\u00bbd023f3ec-85f2-4118-ae8d-7be804cb4acd\u00bb header_font=\u00bb|700|||||||\u00bb header_text_color=\u00bb#FFFFFF\u00bb header_font_size=\u00bb36px\u00bb header_line_height=\u00bb1.1em\u00bb custom_margin=\u00bb||3px|||\u00bb custom_padding=\u00bb||14px|||\u00bb global_colors_info=\u00bb{}\u00bb]<\/p>\n<h1><span class=\"VIiyi\" lang=\"es\"><span class=\"JLqJ4b ChMk0b\" data-language-for-alternatives=\"es\" data-language-to-translate-into=\"en\" data-phrase-index=\"0\" data-number-of-phrases=\"1\">Ense\u00f1ando el Tanaj a trav\u00e9s de la tecnolog\u00eda<\/span><\/span><\/h1>\n<p>[\/et_pb_text][\/et_pb_column][\/et_pb_row][\/et_pb_section][et_pb_section fb_built=\u00bb1&#8243; _builder_version=\u00bb4.16&#8243; _module_preset=\u00bbdefault\u00bb custom_padding=\u00bb||18px|||\u00bb global_colors_info=\u00bb{}\u00bb][et_pb_row _builder_version=\u00bb4.16&#8243; _module_preset=\u00bbdefault\u00bb global_colors_info=\u00bb{}\u00bb][et_pb_column type=\u00bb4_4&#8243; _builder_version=\u00bb4.16&#8243; _module_preset=\u00bbdefault\u00bb global_colors_info=\u00bb{}\u00bb][et_pb_text _builder_version=\u00bb4.16&#8243; _module_preset=\u00bb61839bf9-de29-4e2a-8cbd-a5a3f4b3a583&#8243; header_2_font_size=\u00bb40px\u00bb header_2_letter_spacing=\u00bb0px\u00bb global_colors_info=\u00bb{}\u00bb]<\/p>\n<h2>Recursos digitales para el aula de Estudios Judaicos<\/h2>\n<p>[\/et_pb_text][et_pb_text _builder_version=\u00bb4.17.3&#8243; _module_preset=\u00bbdefault\u00bb text_font_size=\u00bb18px\u00bb text_line_height=\u00bb1.8em\u00bb text_orientation=\u00bbcenter\u00bb custom_margin=\u00bb||12px|||\u00bb global_colors_info=\u00bb{}\u00bb]<\/p>\n<p>Herzog Global es el principal proveedor de herramientas y recursos online para educadores jud\u00edos y sus estudiantes. Durante los \u00faltimos 10 a\u00f1os, Herzog College ha desarrollado herramientas de tecnolog\u00eda educativa de vanguardia, trabajando con expertos en pedagog\u00eda de Israel y de todo el mundo, para traer el Tanaj y las fuentes jud\u00edas a la vida y hacer que los mensajes sean m\u00e1s relevantes para los estudiantes de hoy.<\/p>\n<p>[\/et_pb_text][\/et_pb_column][\/et_pb_row][\/et_pb_section][et_pb_section fb_built=\u00bb1&#8243; _builder_version=\u00bb4.16&#8243; custom_padding=\u00bb0|0px|0|0px|true|false\u00bb global_colors_info=\u00bb{}\u00bb][et_pb_row column_structure=\u00bb1_3,1_3,1_3&#8243; make_equal=\u00bbon\u00bb module_class=\u00bb et_pb_row_fullwidth\u00bb _builder_version=\u00bb4.16&#8243; width=\u00bb100%\u00bb width_tablet=\u00bb100%\u00bb width_phone=\u00bb\u00bb width_last_edited=\u00bbon|desktop\u00bb max_width_tablet=\u00bb100%\u00bb max_width_phone=\u00bb\u00bb max_width_last_edited=\u00bbon|desktop\u00bb custom_padding=\u00bb0|0px|0|0px|true|false\u00bb border_color_top=\u00bb#efefef\u00bb border_width_top_tablet=\u00bb0px\u00bb border_width_top_phone=\u00bb0px\u00bb border_width_top_last_edited=\u00bbon|tablet\u00bb make_fullwidth=\u00bbon\u00bb global_colors_info=\u00bb{}\u00bb][et_pb_column type=\u00bb1_3&#8243; _builder_version=\u00bb4.16&#8243; custom_padding=\u00bb|||\u00bb global_colors_info=\u00bb{}\u00bb custom_padding__hover=\u00bb|||\u00bb][et_pb_blurb title=\u00bbTANAJ.ORG\u00bb image=\u00bbhttps:\/\/global.herzog.ac.il\/wp-content\/uploads\/2022\/05\/logo-mas-chico.png\u00bb alt=\u00bbTanah logo\u00bb icon_placement=\u00bbtop\u00bb image_icon_width=\u00bb80%\u00bb _builder_version=\u00bb4.17.3&#8243; header_font=\u00bbPoppins|700||on|||||\u00bb header_text_align=\u00bbcenter\u00bb header_text_color=\u00bb#6EA6A7&#8243; header_font_size=\u00bb20px\u00bb header_line_height=\u00bb1.4em\u00bb body_font=\u00bbRoboto||||||||\u00bb body_text_align=\u00bbcenter\u00bb body_text_color=\u00bb#000000&#8243; body_font_size=\u00bb15px\u00bb body_line_height=\u00bb1.8em\u00bb module_alignment=\u00bbcenter\u00bb custom_margin=\u00bb||8px||false|false\u00bb custom_padding=\u00bb73px||\u00bb link_option_url=\u00bbhttp:\/\/tanaj.org\/\u00bb link_option_url_new_window=\u00bbon\u00bb border_width_right=\u00bb1px\u00bb border_color_right=\u00bbrgba(0,0,0,0)\u00bb border_width_left=\u00bb1px\u00bb border_color_left=\u00bbrgba(0,0,0,0)\u00bb border_width_all_tablet=\u00bb\u00bb border_width_all_phone=\u00bb\u00bb border_width_all_last_edited=\u00bbon|tablet\u00bb border_color_all_tablet=\u00bbrgba(0,0,0,0)\u00bb border_color_all_phone=\u00bbrgba(0,0,0,0)\u00bb border_color_all_last_edited=\u00bbon|desktop\u00bb icon_font_size=\u00bb60px\u00bb global_colors_info=\u00bb{}\u00bb]<\/p>\n<p>\u00abTanaj a tu alcance-Google del Tanaj\u00bb, donde los textos b\u00edblicos cobran vida con mapas codificados y herramientas multimedia para el estudio y la exploraci\u00f3n interactivos y pr\u00e1cticos a trav\u00e9s de textos, audios, videos y mapas interactivos. Busqueda de materiales por parasha, cap\u00edtulo, libro, autor, etc&#8230;<\/p>\n<p>[\/et_pb_blurb][\/et_pb_column][et_pb_column type=\u00bb1_3&#8243; _builder_version=\u00bb4.16&#8243; custom_padding=\u00bb|||\u00bb global_colors_info=\u00bb{}\u00bb custom_padding__hover=\u00bb|||\u00bb][et_pb_blurb title=\u00bbMATERIALES INTERACTIVOS \u00bb image=\u00bbhttps:\/\/global.herzog.ac.il\/wp-content\/uploads\/2022\/05\/libreria.png\u00bb icon_placement=\u00bbtop\u00bb image_icon_width=\u00bb80%\u00bb _builder_version=\u00bb4.17.3&#8243; header_font=\u00bbPoppins|700||on|||||\u00bb header_text_align=\u00bbcenter\u00bb header_text_color=\u00bb#6EA6A7&#8243; header_font_size=\u00bb20px\u00bb header_line_height=\u00bb1.4em\u00bb body_font=\u00bbRoboto||||||||\u00bb body_text_align=\u00bbcenter\u00bb body_text_color=\u00bb#000000&#8243; body_font_size=\u00bb15px\u00bb body_line_height=\u00bb1.8em\u00bb module_alignment=\u00bbcenter\u00bb custom_margin=\u00bb||8px||false|false\u00bb custom_padding=\u00bb73px||\u00bb link_option_url=\u00bbhttps:\/\/www.classe.world\/library\/materiales\/home-page\u00bb link_option_url_new_window=\u00bbon\u00bb border_width_right=\u00bb1px\u00bb border_color_right=\u00bbrgba(0,0,0,0)\u00bb border_width_left=\u00bb1px\u00bb border_color_left=\u00bbrgba(0,0,0,0)\u00bb border_width_all_tablet=\u00bb\u00bb border_width_all_phone=\u00bb\u00bb border_width_all_last_edited=\u00bbon|tablet\u00bb border_color_all_tablet=\u00bbrgba(0,0,0,0)\u00bb border_color_all_phone=\u00bbrgba(0,0,0,0)\u00bb border_color_all_last_edited=\u00bbon|desktop\u00bb icon_font_size=\u00bb60px\u00bb global_colors_info=\u00bb{}\u00bb]<\/p>\n<p>En la biblioteca de Herzog en la plataforma Classe, pueden encontrar decenas de clases interactivas sobre Tanaj y sobre Juda\u00edsmo ya listas para ense\u00f1ar en la kita o para dar a los alumnos como tarea complementaria a los temas que se estudian . Los materiales se pueden adaptar a trav\u00e9s del docente para distintas necesidades y niveles.<\/p>\n<p>[\/et_pb_blurb][\/et_pb_column][et_pb_column type=\u00bb1_3&#8243; _builder_version=\u00bb4.16&#8243; custom_padding=\u00bb|||\u00bb global_colors_info=\u00bb{}\u00bb custom_padding__hover=\u00bb|||\u00bb][et_pb_blurb title=\u00bbAPLICACION DE APRENDIZAJE DE TANAJ\u00bb url_new_window=\u00bbon\u00bb image=\u00bbhttps:\/\/global.herzog.ac.il\/wp-content\/uploads\/2022\/01\/hainu-kejolmim-1.jpg\u00bb icon_placement=\u00bbtop\u00bb image_icon_width=\u00bb80%\u00bb _builder_version=\u00bb4.17.3&#8243; header_font=\u00bbPoppins|700||on|||||\u00bb header_text_align=\u00bbcenter\u00bb header_text_color=\u00bb#6EA6A7&#8243; header_font_size=\u00bb20px\u00bb header_line_height=\u00bb1.4em\u00bb body_font=\u00bbRoboto||||||||\u00bb body_text_align=\u00bbcenter\u00bb body_text_color=\u00bb#000000&#8243; body_font_size=\u00bb15px\u00bb body_line_height=\u00bb1.8em\u00bb module_alignment=\u00bbcenter\u00bb custom_margin=\u00bb||8px||false|false\u00bb custom_padding=\u00bb73px||\u00bb link_option_url=\u00bbhttp:\/\/tanaj.org\/juegos\u00bb link_option_url_new_window=\u00bbon\u00bb border_width_right=\u00bb1px\u00bb border_color_right=\u00bbrgba(0,0,0,0)\u00bb border_width_left=\u00bb1px\u00bb border_color_left=\u00bbrgba(0,0,0,0)\u00bb border_width_all_tablet=\u00bb\u00bb border_width_all_phone=\u00bb\u00bb border_width_all_last_edited=\u00bbon|tablet\u00bb border_color_all_tablet=\u00bbrgba(0,0,0,0)\u00bb border_color_all_phone=\u00bbrgba(0,0,0,0)\u00bb border_color_all_last_edited=\u00bbon|desktop\u00bb icon_font_size=\u00bb60px\u00bb global_colors_info=\u00bb{}\u00bb]<\/p>\n<p>Herzog ha creado una serie de aplicaciones de aprendizaje de Tanaj gamificadas en hebreo, espa\u00f1ol e ingl\u00e9s para jovenes de 11 a 16 a\u00f1os principalmente. Aqu\u00ed pueden encontrar materiales en espa\u00f1ol sobre los libros Bereshit, Shemot, Vaikra, Yeoshua, Shoftim, Shmuel, Melajim, Rut, Ezra.<\/p>\n<p>[\/et_pb_blurb][\/et_pb_column][\/et_pb_row][et_pb_row column_structure=\u00bb1_3,1_3,1_3&#8243; make_equal=\u00bbon\u00bb module_class=\u00bb et_pb_row_fullwidth\u00bb _builder_version=\u00bb4.16&#8243; width_tablet=\u00bb100%\u00bb width_phone=\u00bb\u00bb width_last_edited=\u00bbon|desktop\u00bb max_width_tablet=\u00bb100%\u00bb max_width_phone=\u00bb\u00bb max_width_last_edited=\u00bbon|desktop\u00bb custom_padding=\u00bb0|0px|0|0px|true|false\u00bb border_color_top=\u00bb#efefef\u00bb border_width_top_tablet=\u00bb0px\u00bb border_width_top_phone=\u00bb0px\u00bb border_width_top_last_edited=\u00bbon|tablet\u00bb make_fullwidth=\u00bbon\u00bb global_colors_info=\u00bb{}\u00bb][et_pb_column type=\u00bb1_3&#8243; _builder_version=\u00bb4.16&#8243; custom_padding=\u00bb|||\u00bb global_colors_info=\u00bb{}\u00bb custom_padding__hover=\u00bb|||\u00bb][et_pb_blurb title=\u00bbLev La\u2019Da\u2019at\u00bb image=\u00bbhttps:\/\/global.herzog.ac.il\/wp-content\/uploads\/2022\/01\/lev-daat-1.jpg\u00bb icon_placement=\u00bbtop\u00bb image_icon_width=\u00bb80%\u00bb _builder_version=\u00bb4.16&#8243; header_font=\u00bbPoppins|700||on|||||\u00bb header_text_align=\u00bbcenter\u00bb header_text_color=\u00bb#6EA6A7&#8243; header_font_size=\u00bb20px\u00bb header_line_height=\u00bb1.4em\u00bb body_font=\u00bbRoboto||||||||\u00bb body_text_align=\u00bbcenter\u00bb body_text_color=\u00bb#000000&#8243; body_font_size=\u00bb15px\u00bb body_line_height=\u00bb1.8em\u00bb module_alignment=\u00bbcenter\u00bb custom_margin=\u00bb||8px||false|false\u00bb custom_padding=\u00bb73px||\u00bb link_option_url=\u00bbhttps:\/\/www.levladaat.org\/\u00bb link_option_url_new_window=\u00bbon\u00bb border_width_right=\u00bb1px\u00bb border_color_right=\u00bbrgba(0,0,0,0)\u00bb border_width_left=\u00bb1px\u00bb border_color_left=\u00bbrgba(0,0,0,0)\u00bb border_width_all_tablet=\u00bb\u00bb border_width_all_phone=\u00bb\u00bb border_width_all_last_edited=\u00bbon|tablet\u00bb border_color_all_tablet=\u00bbrgba(0,0,0,0)\u00bb border_color_all_phone=\u00bbrgba(0,0,0,0)\u00bb border_color_all_last_edited=\u00bbon|desktop\u00bb icon_font_size=\u00bb60px\u00bb global_colors_info=\u00bb{}\u00bb]<\/p>\n<p>Lev La&#8217;Da&#8217;at es una empresa conjunta entre Herzog College y el Ministerio de Educaci\u00f3n de Israel, que ayuda a los maestros a planificar lecciones m\u00e1s significativas y relevantes para sus alumnos. Actualmente, estos recursos solo est\u00e1n disponibles en hebreo.<\/p>\n<p>[\/et_pb_blurb][\/et_pb_column][et_pb_column type=\u00bb1_3&#8243; _builder_version=\u00bb4.16&#8243; custom_padding=\u00bb|||\u00bb global_colors_info=\u00bb{}\u00bb custom_padding__hover=\u00bb|||\u00bb][et_pb_blurb title=\u00bbDa&#8217;at\u00bb image=\u00bbhttps:\/\/global.herzog.ac.il\/wp-content\/uploads\/2022\/01\/Daat.jpg\u00bb icon_placement=\u00bbtop\u00bb image_icon_width=\u00bb80%\u00bb _builder_version=\u00bb4.16&#8243; header_font=\u00bbPoppins|700||on|||||\u00bb header_text_align=\u00bbcenter\u00bb header_text_color=\u00bb#6EA6A7&#8243; header_font_size=\u00bb20px\u00bb header_line_height=\u00bb1.4em\u00bb body_font=\u00bbRoboto||||||||\u00bb body_text_align=\u00bbcenter\u00bb body_text_color=\u00bb#000000&#8243; body_font_size=\u00bb15px\u00bb body_line_height=\u00bb1.8em\u00bb module_alignment=\u00bbcenter\u00bb custom_margin=\u00bb||8px||false|false\u00bb custom_padding=\u00bb73px||\u00bb link_option_url=\u00bbhttps:\/\/www.daat.ac.il\/\u00bb link_option_url_new_window=\u00bbon\u00bb border_width_right=\u00bb1px\u00bb border_color_right=\u00bbrgba(0,0,0,0)\u00bb border_width_left=\u00bb1px\u00bb border_color_left=\u00bbrgba(0,0,0,0)\u00bb border_width_all_tablet=\u00bb\u00bb border_width_all_phone=\u00bb\u00bb border_width_all_last_edited=\u00bbon|tablet\u00bb border_color_all_tablet=\u00bbrgba(0,0,0,0)\u00bb border_color_all_phone=\u00bbrgba(0,0,0,0)\u00bb border_color_all_last_edited=\u00bbon|desktop\u00bb icon_font_size=\u00bb60px\u00bb global_colors_info=\u00bb{}\u00bb]<\/p>\n<p>Da&#8217;at es el recurso hebreo m\u00e1s completo de Internet para el juda\u00edsmo y la educaci\u00f3n, con medio mill\u00f3n de visitantes al mes.<\/p>\n<p>[\/et_pb_blurb][\/et_pb_column][et_pb_column type=\u00bb1_3&#8243; _builder_version=\u00bb4.16&#8243; custom_padding=\u00bb|||\u00bb global_colors_info=\u00bb{}\u00bb custom_padding__hover=\u00bb|||\u00bb][et_pb_blurb title=\u00bbRECURSOS DE V\u00cdDEO\u00bb image=\u00bbhttps:\/\/global.herzog.ac.il\/wp-content\/uploads\/2022\/01\/Herzog-global-youtube.jpg\u00bb icon_placement=\u00bbtop\u00bb image_icon_width=\u00bb80%\u00bb _builder_version=\u00bb4.17.3&#8243; header_font=\u00bbPoppins|700||on|||||\u00bb header_text_align=\u00bbcenter\u00bb header_text_color=\u00bb#6EA6A7&#8243; header_font_size=\u00bb20px\u00bb header_line_height=\u00bb1.4em\u00bb body_font=\u00bbRoboto||||||||\u00bb body_text_align=\u00bbcenter\u00bb body_text_color=\u00bb#000000&#8243; body_font_size=\u00bb15px\u00bb body_line_height=\u00bb1.8em\u00bb module_alignment=\u00bbcenter\u00bb custom_margin=\u00bb||8px||false|false\u00bb custom_padding=\u00bb73px||\u00bb link_option_url=\u00bbhttps:\/\/www.youtube.com\/channel\/UCuvW4DH6cnQ9zPdXBhV6ZUw\/videos\u00bb link_option_url_new_window=\u00bbon\u00bb border_width_right=\u00bb1px\u00bb border_color_right=\u00bbrgba(0,0,0,0)\u00bb border_width_left=\u00bb1px\u00bb border_color_left=\u00bbrgba(0,0,0,0)\u00bb border_width_all_tablet=\u00bb\u00bb border_width_all_phone=\u00bb\u00bb border_width_all_last_edited=\u00bbon|tablet\u00bb border_color_all_tablet=\u00bbrgba(0,0,0,0)\u00bb border_color_all_phone=\u00bbrgba(0,0,0,0)\u00bb border_color_all_last_edited=\u00bbon|desktop\u00bb icon_font_size=\u00bb60px\u00bb global_colors_info=\u00bb{}\u00bb]<\/p>\n<p>El canal de YouTube <span>Tanaj a tu alcance Herzog-Masuah<\/span> contiene videos \u00ablocalizados\u00bb de todo Israel que exploran diferentes temas de Tanaj, adem\u00e1s de otros recursos de video \u00fatiles para profesores de estudios judaicos.<\/p>\n<p>[\/et_pb_blurb][\/et_pb_column][\/et_pb_row][\/et_pb_section]<\/p>\n","protected":false},"excerpt":{"rendered":"<p>Exciting digital resources for today\u2019s Judaic Studies classroom from Herzog Global.<\/p>\n","protected":false},"author":5,"featured_media":0,"parent":0,"menu_order":0,"comment_status":"closed","ping_status":"closed","template":"","meta":{"_acf_changed":false,"_et_pb_use_builder":"on","_et_pb_old_content":"","_et_gb_content_width":"","_monsterinsights_skip_tracking":false,"_monsterinsights_sitenote_active":false,"_monsterinsights_sitenote_note":"","_monsterinsights_sitenote_category":0,"footnotes":""},"class_list":["post-52732","page","type-page","status-publish","hentry"],"acf":[],"yoast_head":"<!-- This site is optimized with the Yoast SEO plugin v27.3 - https:\/\/yoast.com\/product\/yoast-seo-wordpress\/ -->\n<title>Recursos digitales - Herzog College<\/title>\n<meta name=\"robots\" content=\"index, follow, max-snippet:-1, max-image-preview:large, max-video-preview:-1\" \/>\n<link rel=\"canonical\" href=\"https:\/\/global.herzog.ac.il\/es\/recursos-educativos\/\" \/>\n<meta property=\"og:locale\" content=\"es_ES\" \/>\n<meta property=\"og:type\" content=\"article\" \/>\n<meta property=\"og:title\" content=\"Recursos digitales - Herzog College\" \/>\n<meta property=\"og:description\" content=\"Exciting digital resources for today\u2019s Judaic Studies classroom from Herzog Global.\" \/>\n<meta property=\"og:site_name\" content=\"Herzog College\" \/>\n<meta property=\"article:modified_time\" content=\"2024-08-11T08:55:06+00:00\" \/>\n<meta name=\"twitter:card\" content=\"summary_large_image\" \/>\n<meta name=\"twitter:label1\" content=\"Tiempo de lectura\" \/>\n\t<meta name=\"twitter:data1\" content=\"3 minutos\" \/>\n<script type=\"application\/ld+json\" class=\"yoast-schema-graph\">{\"@context\":\"https:\\\/\\\/schema.org\",\"@graph\":[{\"@type\":\"WebPage\",\"@id\":\"https:\\\/\\\/global.herzog.ac.il\\\/es\\\/recursos-educativos\\\/\",\"url\":\"https:\\\/\\\/global.herzog.ac.il\\\/es\\\/recursos-educativos\\\/\",\"name\":\"Recursos digitales - Herzog College\",\"isPartOf\":{\"@id\":\"https:\\\/\\\/global.herzog.ac.il\\\/#website\"},\"datePublished\":\"2022-02-15T17:36:24+00:00\",\"dateModified\":\"2024-08-11T08:55:06+00:00\",\"breadcrumb\":{\"@id\":\"https:\\\/\\\/global.herzog.ac.il\\\/es\\\/recursos-educativos\\\/#breadcrumb\"},\"inLanguage\":\"es\",\"potentialAction\":[{\"@type\":\"ReadAction\",\"target\":[\"https:\\\/\\\/global.herzog.ac.il\\\/es\\\/recursos-educativos\\\/\"]}]},{\"@type\":\"BreadcrumbList\",\"@id\":\"https:\\\/\\\/global.herzog.ac.il\\\/es\\\/recursos-educativos\\\/#breadcrumb\",\"itemListElement\":[{\"@type\":\"ListItem\",\"position\":1,\"name\":\"Home\",\"item\":\"https:\\\/\\\/global.herzog.ac.il\\\/\"},{\"@type\":\"ListItem\",\"position\":2,\"name\":\"Recursos digitales\"}]},{\"@type\":\"WebSite\",\"@id\":\"https:\\\/\\\/global.herzog.ac.il\\\/#website\",\"url\":\"https:\\\/\\\/global.herzog.ac.il\\\/\",\"name\":\"Herzog College\",\"description\":\"Empowering Jewish Education\",\"publisher\":{\"@id\":\"https:\\\/\\\/global.herzog.ac.il\\\/#organization\"},\"potentialAction\":[{\"@type\":\"SearchAction\",\"target\":{\"@type\":\"EntryPoint\",\"urlTemplate\":\"https:\\\/\\\/global.herzog.ac.il\\\/?s={search_term_string}\"},\"query-input\":{\"@type\":\"PropertyValueSpecification\",\"valueRequired\":true,\"valueName\":\"search_term_string\"}}],\"inLanguage\":\"es\"},{\"@type\":\"Organization\",\"@id\":\"https:\\\/\\\/global.herzog.ac.il\\\/#organization\",\"name\":\"Herzog College Global Courses\",\"url\":\"https:\\\/\\\/global.herzog.ac.il\\\/\",\"logo\":{\"@type\":\"ImageObject\",\"inLanguage\":\"es\",\"@id\":\"https:\\\/\\\/global.herzog.ac.il\\\/#\\\/schema\\\/logo\\\/image\\\/\",\"url\":\"https:\\\/\\\/global.herzog.ac.il\\\/wp-content\\\/uploads\\\/2021\\\/12\\\/logo-herzog-bg.jpg\",\"contentUrl\":\"https:\\\/\\\/global.herzog.ac.il\\\/wp-content\\\/uploads\\\/2021\\\/12\\\/logo-herzog-bg.jpg\",\"width\":410,\"height\":110,\"caption\":\"Herzog College Global Courses\"},\"image\":{\"@id\":\"https:\\\/\\\/global.herzog.ac.il\\\/#\\\/schema\\\/logo\\\/image\\\/\"}}]}<\/script>\n<!-- \/ Yoast SEO plugin. -->","yoast_head_json":{"title":"Recursos digitales - Herzog College","robots":{"index":"index","follow":"follow","max-snippet":"max-snippet:-1","max-image-preview":"max-image-preview:large","max-video-preview":"max-video-preview:-1"},"canonical":"https:\/\/global.herzog.ac.il\/es\/recursos-educativos\/","og_locale":"es_ES","og_type":"article","og_title":"Recursos digitales - Herzog College","og_description":"Exciting digital resources for today\u2019s Judaic Studies classroom from Herzog Global.","og_site_name":"Herzog College","article_modified_time":"2024-08-11T08:55:06+00:00","twitter_card":"summary_large_image","twitter_misc":{"Tiempo de lectura":"3 minutos"},"schema":{"@context":"https:\/\/schema.org","@graph":[{"@type":"WebPage","@id":"https:\/\/global.herzog.ac.il\/es\/recursos-educativos\/","url":"https:\/\/global.herzog.ac.il\/es\/recursos-educativos\/","name":"Recursos digitales - Herzog College","isPartOf":{"@id":"https:\/\/global.herzog.ac.il\/#website"},"datePublished":"2022-02-15T17:36:24+00:00","dateModified":"2024-08-11T08:55:06+00:00","breadcrumb":{"@id":"https:\/\/global.herzog.ac.il\/es\/recursos-educativos\/#breadcrumb"},"inLanguage":"es","potentialAction":[{"@type":"ReadAction","target":["https:\/\/global.herzog.ac.il\/es\/recursos-educativos\/"]}]},{"@type":"BreadcrumbList","@id":"https:\/\/global.herzog.ac.il\/es\/recursos-educativos\/#breadcrumb","itemListElement":[{"@type":"ListItem","position":1,"name":"Home","item":"https:\/\/global.herzog.ac.il\/"},{"@type":"ListItem","position":2,"name":"Recursos digitales"}]},{"@type":"WebSite","@id":"https:\/\/global.herzog.ac.il\/#website","url":"https:\/\/global.herzog.ac.il\/","name":"Herzog College","description":"Empowering Jewish Education","publisher":{"@id":"https:\/\/global.herzog.ac.il\/#organization"},"potentialAction":[{"@type":"SearchAction","target":{"@type":"EntryPoint","urlTemplate":"https:\/\/global.herzog.ac.il\/?s={search_term_string}"},"query-input":{"@type":"PropertyValueSpecification","valueRequired":true,"valueName":"search_term_string"}}],"inLanguage":"es"},{"@type":"Organization","@id":"https:\/\/global.herzog.ac.il\/#organization","name":"Herzog College Global Courses","url":"https:\/\/global.herzog.ac.il\/","logo":{"@type":"ImageObject","inLanguage":"es","@id":"https:\/\/global.herzog.ac.il\/#\/schema\/logo\/image\/","url":"https:\/\/global.herzog.ac.il\/wp-content\/uploads\/2021\/12\/logo-herzog-bg.jpg","contentUrl":"https:\/\/global.herzog.ac.il\/wp-content\/uploads\/2021\/12\/logo-herzog-bg.jpg","width":410,"height":110,"caption":"Herzog College Global Courses"},"image":{"@id":"https:\/\/global.herzog.ac.il\/#\/schema\/logo\/image\/"}}]}},"_links":{"self":[{"href":"https:\/\/global.herzog.ac.il\/es\/wp-json\/wp\/v2\/pages\/52732","targetHints":{"allow":["GET"]}}],"collection":[{"href":"https:\/\/global.herzog.ac.il\/es\/wp-json\/wp\/v2\/pages"}],"about":[{"href":"https:\/\/global.herzog.ac.il\/es\/wp-json\/wp\/v2\/types\/page"}],"author":[{"embeddable":true,"href":"https:\/\/global.herzog.ac.il\/es\/wp-json\/wp\/v2\/users\/5"}],"replies":[{"embeddable":true,"href":"https:\/\/global.herzog.ac.il\/es\/wp-json\/wp\/v2\/comments?post=52732"}],"version-history":[{"count":16,"href":"https:\/\/global.herzog.ac.il\/es\/wp-json\/wp\/v2\/pages\/52732\/revisions"}],"predecessor-version":[{"id":64963,"href":"https:\/\/global.herzog.ac.il\/es\/wp-json\/wp\/v2\/pages\/52732\/revisions\/64963"}],"wp:attachment":[{"href":"https:\/\/global.herzog.ac.il\/es\/wp-json\/wp\/v2\/media?parent=52732"}],"curies":[{"name":"wp","href":"https:\/\/api.w.org\/{rel}","templated":true}]}}