{"id":52737,"date":"2022-02-15T17:39:10","date_gmt":"2022-02-15T17:39:10","guid":{"rendered":"https:\/\/global.herzog.ac.il\/?page_id=52737"},"modified":"2022-05-01T13:15:37","modified_gmt":"2022-05-01T13:15:37","slug":"teaching-resources","status":"publish","type":"page","link":"https:\/\/global.herzog.ac.il\/es\/teaching-resources\/","title":{"rendered":"Materiales Curriculares"},"content":{"rendered":"","protected":false},"excerpt":{"rendered":"<p>Herzog Global provides teaching resources for the Judaic Studies classroom that highlight the relevance of our precious Biblical sources and the important Jewish values we derive from them.<\/p>\n","protected":false},"author":5,"featured_media":0,"parent":0,"menu_order":0,"comment_status":"closed","ping_status":"closed","template":"","meta":{"_acf_changed":false,"_et_pb_use_builder":"on","_et_pb_old_content":"","_et_gb_content_width":"","_monsterinsights_skip_tracking":false,"_monsterinsights_sitenote_active":false,"_monsterinsights_sitenote_note":"","_monsterinsights_sitenote_category":0,"footnotes":""},"class_list":["post-52737","page","type-page","status-publish","hentry"],"acf":[],"yoast_head":"<!-- This site is optimized with the Yoast SEO plugin v27.3 - https:\/\/yoast.com\/product\/yoast-seo-wordpress\/ -->\n<title>Materiales Curriculares - Herzog College<\/title>\n<meta name=\"description\" content=\"Nuestros recursos did\u00e1cticos para el aula de estudios judaicos destacan la relevancia de nuestras preciosas fuentes b\u00edblicas y los importantes valores jud\u00edos que derivamos de ellas.\" \/>\n<meta name=\"robots\" content=\"index, follow, max-snippet:-1, max-image-preview:large, max-video-preview:-1\" \/>\n<link rel=\"canonical\" href=\"https:\/\/global.herzog.ac.il\/teaching-resources\/\" \/>\n<meta property=\"og:locale\" content=\"es_ES\" \/>\n<meta property=\"og:type\" content=\"article\" \/>\n<meta property=\"og:title\" content=\"Materiales Curriculares - Herzog College\" \/>\n<meta property=\"og:description\" content=\"Nuestros recursos did\u00e1cticos para el aula de estudios judaicos destacan la relevancia de nuestras preciosas fuentes b\u00edblicas y los importantes valores jud\u00edos que derivamos de ellas.\" \/>\n<meta property=\"og:site_name\" content=\"Herzog College\" \/>\n<meta property=\"article:modified_time\" content=\"2022-05-01T13:15:37+00:00\" \/>\n<meta name=\"twitter:card\" content=\"summary_large_image\" \/>\n<meta name=\"twitter:label1\" content=\"Tiempo de lectura\" \/>\n\t<meta name=\"twitter:data1\" content=\"2 minutos\" \/>\n<script type=\"application\/ld+json\" class=\"yoast-schema-graph\">{\"@context\":\"https:\\\/\\\/schema.org\",\"@graph\":[{\"@type\":\"WebPage\",\"@id\":\"https:\\\/\\\/global.herzog.ac.il\\\/teaching-resources\\\/\",\"url\":\"https:\\\/\\\/global.herzog.ac.il\\\/teaching-resources\\\/\",\"name\":\"Materiales Curriculares - Herzog College\",\"isPartOf\":{\"@id\":\"https:\\\/\\\/global.herzog.ac.il\\\/#website\"},\"datePublished\":\"2022-02-15T17:39:10+00:00\",\"dateModified\":\"2022-05-01T13:15:37+00:00\",\"description\":\"Nuestros recursos did\u00e1cticos para el aula de estudios judaicos destacan la relevancia de nuestras preciosas fuentes b\u00edblicas y los importantes valores jud\u00edos que derivamos de ellas.\",\"breadcrumb\":{\"@id\":\"https:\\\/\\\/global.herzog.ac.il\\\/teaching-resources\\\/#breadcrumb\"},\"inLanguage\":\"es\",\"potentialAction\":[{\"@type\":\"ReadAction\",\"target\":[\"https:\\\/\\\/global.herzog.ac.il\\\/teaching-resources\\\/\"]}]},{\"@type\":\"BreadcrumbList\",\"@id\":\"https:\\\/\\\/global.herzog.ac.il\\\/teaching-resources\\\/#breadcrumb\",\"itemListElement\":[{\"@type\":\"ListItem\",\"position\":1,\"name\":\"Home\",\"item\":\"https:\\\/\\\/global.herzog.ac.il\\\/\"},{\"@type\":\"ListItem\",\"position\":2,\"name\":\"Materiales Curriculares\"}]},{\"@type\":\"WebSite\",\"@id\":\"https:\\\/\\\/global.herzog.ac.il\\\/#website\",\"url\":\"https:\\\/\\\/global.herzog.ac.il\\\/\",\"name\":\"Herzog College\",\"description\":\"Empowering Jewish Education\",\"publisher\":{\"@id\":\"https:\\\/\\\/global.herzog.ac.il\\\/#organization\"},\"potentialAction\":[{\"@type\":\"SearchAction\",\"target\":{\"@type\":\"EntryPoint\",\"urlTemplate\":\"https:\\\/\\\/global.herzog.ac.il\\\/?s={search_term_string}\"},\"query-input\":{\"@type\":\"PropertyValueSpecification\",\"valueRequired\":true,\"valueName\":\"search_term_string\"}}],\"inLanguage\":\"es\"},{\"@type\":\"Organization\",\"@id\":\"https:\\\/\\\/global.herzog.ac.il\\\/#organization\",\"name\":\"Herzog College Global Courses\",\"url\":\"https:\\\/\\\/global.herzog.ac.il\\\/\",\"logo\":{\"@type\":\"ImageObject\",\"inLanguage\":\"es\",\"@id\":\"https:\\\/\\\/global.herzog.ac.il\\\/#\\\/schema\\\/logo\\\/image\\\/\",\"url\":\"https:\\\/\\\/global.herzog.ac.il\\\/wp-content\\\/uploads\\\/2021\\\/12\\\/logo-herzog-bg.jpg\",\"contentUrl\":\"https:\\\/\\\/global.herzog.ac.il\\\/wp-content\\\/uploads\\\/2021\\\/12\\\/logo-herzog-bg.jpg\",\"width\":410,\"height\":110,\"caption\":\"Herzog College Global Courses\"},\"image\":{\"@id\":\"https:\\\/\\\/global.herzog.ac.il\\\/#\\\/schema\\\/logo\\\/image\\\/\"}}]}<\/script>\n<!-- \/ Yoast SEO plugin. -->","yoast_head_json":{"title":"Materiales Curriculares - Herzog College","description":"Nuestros recursos did\u00e1cticos para el aula de estudios judaicos destacan la relevancia de nuestras preciosas fuentes b\u00edblicas y los importantes valores jud\u00edos que derivamos de ellas.","robots":{"index":"index","follow":"follow","max-snippet":"max-snippet:-1","max-image-preview":"max-image-preview:large","max-video-preview":"max-video-preview:-1"},"canonical":"https:\/\/global.herzog.ac.il\/teaching-resources\/","og_locale":"es_ES","og_type":"article","og_title":"Materiales Curriculares - Herzog College","og_description":"Nuestros recursos did\u00e1cticos para el aula de estudios judaicos destacan la relevancia de nuestras preciosas fuentes b\u00edblicas y los importantes valores jud\u00edos que derivamos de ellas.","og_site_name":"Herzog College","article_modified_time":"2022-05-01T13:15:37+00:00","twitter_card":"summary_large_image","twitter_misc":{"Tiempo de lectura":"2 minutos"},"schema":{"@context":"https:\/\/schema.org","@graph":[{"@type":"WebPage","@id":"https:\/\/global.herzog.ac.il\/teaching-resources\/","url":"https:\/\/global.herzog.ac.il\/teaching-resources\/","name":"Materiales Curriculares - Herzog College","isPartOf":{"@id":"https:\/\/global.herzog.ac.il\/#website"},"datePublished":"2022-02-15T17:39:10+00:00","dateModified":"2022-05-01T13:15:37+00:00","description":"Nuestros recursos did\u00e1cticos para el aula de estudios judaicos destacan la relevancia de nuestras preciosas fuentes b\u00edblicas y los importantes valores jud\u00edos que derivamos de ellas.","breadcrumb":{"@id":"https:\/\/global.herzog.ac.il\/teaching-resources\/#breadcrumb"},"inLanguage":"es","potentialAction":[{"@type":"ReadAction","target":["https:\/\/global.herzog.ac.il\/teaching-resources\/"]}]},{"@type":"BreadcrumbList","@id":"https:\/\/global.herzog.ac.il\/teaching-resources\/#breadcrumb","itemListElement":[{"@type":"ListItem","position":1,"name":"Home","item":"https:\/\/global.herzog.ac.il\/"},{"@type":"ListItem","position":2,"name":"Materiales Curriculares"}]},{"@type":"WebSite","@id":"https:\/\/global.herzog.ac.il\/#website","url":"https:\/\/global.herzog.ac.il\/","name":"Herzog College","description":"Empowering Jewish Education","publisher":{"@id":"https:\/\/global.herzog.ac.il\/#organization"},"potentialAction":[{"@type":"SearchAction","target":{"@type":"EntryPoint","urlTemplate":"https:\/\/global.herzog.ac.il\/?s={search_term_string}"},"query-input":{"@type":"PropertyValueSpecification","valueRequired":true,"valueName":"search_term_string"}}],"inLanguage":"es"},{"@type":"Organization","@id":"https:\/\/global.herzog.ac.il\/#organization","name":"Herzog College Global Courses","url":"https:\/\/global.herzog.ac.il\/","logo":{"@type":"ImageObject","inLanguage":"es","@id":"https:\/\/global.herzog.ac.il\/#\/schema\/logo\/image\/","url":"https:\/\/global.herzog.ac.il\/wp-content\/uploads\/2021\/12\/logo-herzog-bg.jpg","contentUrl":"https:\/\/global.herzog.ac.il\/wp-content\/uploads\/2021\/12\/logo-herzog-bg.jpg","width":410,"height":110,"caption":"Herzog College Global Courses"},"image":{"@id":"https:\/\/global.herzog.ac.il\/#\/schema\/logo\/image\/"}}]}},"_links":{"self":[{"href":"https:\/\/global.herzog.ac.il\/es\/wp-json\/wp\/v2\/pages\/52737","targetHints":{"allow":["GET"]}}],"collection":[{"href":"https:\/\/global.herzog.ac.il\/es\/wp-json\/wp\/v2\/pages"}],"about":[{"href":"https:\/\/global.herzog.ac.il\/es\/wp-json\/wp\/v2\/types\/page"}],"author":[{"embeddable":true,"href":"https:\/\/global.herzog.ac.il\/es\/wp-json\/wp\/v2\/users\/5"}],"replies":[{"embeddable":true,"href":"https:\/\/global.herzog.ac.il\/es\/wp-json\/wp\/v2\/comments?post=52737"}],"version-history":[{"count":12,"href":"https:\/\/global.herzog.ac.il\/es\/wp-json\/wp\/v2\/pages\/52737\/revisions"}],"predecessor-version":[{"id":53943,"href":"https:\/\/global.herzog.ac.il\/es\/wp-json\/wp\/v2\/pages\/52737\/revisions\/53943"}],"wp:attachment":[{"href":"https:\/\/global.herzog.ac.il\/es\/wp-json\/wp\/v2\/media?parent=52737"}],"curies":[{"name":"wp","href":"https:\/\/api.w.org\/{rel}","templated":true}]}}