{"id":53317,"date":"2022-03-24T12:38:03","date_gmt":"2022-03-24T12:38:03","guid":{"rendered":"https:\/\/global.herzog.ac.il\/?page_id=53317"},"modified":"2024-06-30T13:35:14","modified_gmt":"2024-06-30T13:35:14","slug":"nuevos-cursos","status":"publish","type":"page","link":"https:\/\/global.herzog.ac.il\/es\/nuevos-cursos\/","title":{"rendered":"Nuevos Cursos"},"content":{"rendered":"<p>[et_pb_section fb_built=\u00bb1&#8243; _builder_version=\u00bb4.16.1&#8243; _module_preset=\u00bbdefault\u00bb global_colors_info=\u00bb{}\u00bb][et_pb_row _builder_version=\u00bb4.16.0&#8243; _module_preset=\u00bbdefault\u00bb global_colors_info=\u00bb{}\u00bb][et_pb_column type=\u00bb4_4&#8243; _builder_version=\u00bb4.16&#8243; _module_preset=\u00bbdefault\u00bb global_colors_info=\u00bb{}\u00bb][et_pb_text _builder_version=\u00bb4.23.1&#8243; _module_preset=\u00bbd023f3ec-85f2-4118-ae8d-7be804cb4acd\u00bb global_colors_info=\u00bb{}\u00bb]<\/p>\n<h1 align=\"center\">Cursos Acad\u00e9micos de Herzog College<\/h1>\n<h1 align=\"center\">\u00a0<img loading=\"lazy\" decoding=\"async\" class=\"wp-image-15 alignnone size-medium\" style=\"font-size: 52px;\" src=\"https:\/\/global.herzog.ac.il\/wp-content\/uploads\/2021\/11\/Herzog-Global-Logo-300x133.jpg\" alt=\"\" width=\"251\" height=\"111\" \/><img loading=\"lazy\" decoding=\"async\" class=\"wp-image-57798 size-large\" src=\"https:\/\/global.herzog.ac.il\/wp-content\/uploads\/2023\/05\/\u05dc\u05d5\u05d2\u05d5-\u05d9\u05d5\u05e0\u05d9\u05d9\u05d8\u05d0\u05d3-\u05d7\u05d3\u05e9-1-1024x426.png\" alt=\"United logo\" width=\"224\" height=\"93\" srcset=\"https:\/\/global.herzog.ac.il\/wp-content\/uploads\/2023\/05\/\u05dc\u05d5\u05d2\u05d5-\u05d9\u05d5\u05e0\u05d9\u05d9\u05d8\u05d0\u05d3-\u05d7\u05d3\u05e9-1-1024x426.png 1024w, https:\/\/global.herzog.ac.il\/wp-content\/uploads\/2023\/05\/\u05dc\u05d5\u05d2\u05d5-\u05d9\u05d5\u05e0\u05d9\u05d9\u05d8\u05d0\u05d3-\u05d7\u05d3\u05e9-1-300x125.png 300w, https:\/\/global.herzog.ac.il\/wp-content\/uploads\/2023\/05\/\u05dc\u05d5\u05d2\u05d5-\u05d9\u05d5\u05e0\u05d9\u05d9\u05d8\u05d0\u05d3-\u05d7\u05d3\u05e9-1-768x320.png 768w, https:\/\/global.herzog.ac.il\/wp-content\/uploads\/2023\/05\/\u05dc\u05d5\u05d2\u05d5-\u05d9\u05d5\u05e0\u05d9\u05d9\u05d8\u05d0\u05d3-\u05d7\u05d3\u05e9-1-1536x639.png 1536w, https:\/\/global.herzog.ac.il\/wp-content\/uploads\/2023\/05\/\u05dc\u05d5\u05d2\u05d5-\u05d9\u05d5\u05e0\u05d9\u05d9\u05d8\u05d0\u05d3-\u05d7\u05d3\u05e9-1-2048x852.png 2048w, https:\/\/global.herzog.ac.il\/wp-content\/uploads\/2023\/05\/\u05dc\u05d5\u05d2\u05d5-\u05d9\u05d5\u05e0\u05d9\u05d9\u05d8\u05d0\u05d3-\u05d7\u05d3\u05e9-1-1080x449.png 1080w, https:\/\/global.herzog.ac.il\/wp-content\/uploads\/2023\/05\/\u05dc\u05d5\u05d2\u05d5-\u05d9\u05d5\u05e0\u05d9\u05d9\u05d8\u05d0\u05d3-\u05d7\u05d3\u05e9-1-1280x533.png 1280w, https:\/\/global.herzog.ac.il\/wp-content\/uploads\/2023\/05\/\u05dc\u05d5\u05d2\u05d5-\u05d9\u05d5\u05e0\u05d9\u05d9\u05d8\u05d0\u05d3-\u05d7\u05d3\u05e9-1-980x408.png 980w, https:\/\/global.herzog.ac.il\/wp-content\/uploads\/2023\/05\/\u05dc\u05d5\u05d2\u05d5-\u05d9\u05d5\u05e0\u05d9\u05d9\u05d8\u05d0\u05d3-\u05d7\u05d3\u05e9-1-480x200.png 480w, https:\/\/global.herzog.ac.il\/wp-content\/uploads\/2023\/05\/\u05dc\u05d5\u05d2\u05d5-\u05d9\u05d5\u05e0\u05d9\u05d9\u05d8\u05d0\u05d3-\u05d7\u05d3\u05e9-1-600x250.png 600w\" sizes=\"(max-width: 224px) 100vw, 224px\" \/><\/h1>\n<h1 align=\"center\">Ciclo 2024<\/h1>\n<p>[\/et_pb_text][et_pb_text _builder_version=\u00bb4.23.1&#8243; _module_preset=\u00bbdefault\u00bb text_text_color=\u00bbgcid-a4889336-8d7c-448a-acc4-c0864f964547&#8243; text_orientation=\u00bbcenter\u00bb global_colors_info=\u00bb{%22gcid-a4c50432-d390-47a5-9e6a-961a87c39e2a%22:%91%22header_2_text_color%22,%22header_2_text_color%22%93,%22gcid-a4889336-8d7c-448a-acc4-c0864f964547%22:%91%22text_text_color%22%93}\u00bb]<\/p>\n<div class=\"et_fb_editing_enabled et-module-55fb3b23-eea2-4cea-9d01-0e8aa45f9a3b et_pb_text et_pb_module ui-sortable et_pb_text_2 et-animated--vb et_pb_text_align_left et_pb_bg_layout_light et-pb-with-global-presets et-first-child\" data-address=\"3.0.0.0\">\n<div class=\"et_pb_text_inner\">\n<div class=\"et-fb-popover-tinymce\" data-shortcode-id=\"3.0.0.0-1649085185280\" data-quickaccess-editable=\"yes\">\n<div class=\"mce-content-body\" style=\"position: relative;\" contenteditable=\"true\">\n<p align=\"center\"><b>Los cursos comenzar\u00e1n a partir del 20\/02\/2024<\/b><\/p>\n<p align=\"center\"><b>Los estudios se realizan entre los meses de febrero\u00a0y\u00a0junio<\/b><\/p>\n<p><span style=\"font-size: 16px;\">Cada curso tiene entre 8 y 10 unidades a estudiar. Los cursos otorgan creditos acad\u00e9micos. Los estudios son asincr\u00f3nicos en la plataforma Moodle , en el tiempo disponible del participante (algunos cursos requieren de dos encuentros sincr\u00f3nicos que a la vez son filmados). Cada dos semanas se abre una nueva unidad y en promedio a los estudiantes les requiere cada curso una hora de dedicaci\u00f3n por semana. Durante los cursos se requiere hacer trabajos y entregas.\u00a0<\/span><\/p>\n<p>El costo por curso a pagar con tarjeta de credito es de 25 d\u00f3lares para Morim de escuelas jud\u00edas que est\u00e1n en contacto con UNITED o de 150 d\u00f3lares para estudiantes externos. El n\u00famero de cupos que tenemos por curso es limitado, como m\u00e1ximo cada participante puede anotarse en tres cursos de acuerdo al orden de sus preferencias y\u00a0 responderemos por mail a cada inscripto si se lo podra aceptar en todos los cursos o solo en parte de ellos.<\/p>\n<div class=\"et_fb_editing_enabled et-module-55fb3b23-eea2-4cea-9d01-0e8aa45f9a3b et_pb_text et_pb_module ui-sortable et_pb_text_2 et-animated--vb et_pb_text_align_left et_pb_bg_layout_light et-pb-with-global-presets et-first-child\" data-address=\"3.0.0.0\">\n<div class=\"et_pb_text_inner\">\n<div class=\"et-fb-popover-tinymce\" data-shortcode-id=\"3.0.0.0-1649085185280\" data-quickaccess-editable=\"yes\">\n<div class=\"mce-content-body\" style=\"position: relative;\" contenteditable=\"true\">\n<p>Pueden entrar a continuaci\u00f3n y ver los contenidos de cada uno de los cursos, alli tambi\u00e9n se realiza la inscripci\u00f3n.<\/p>\n<p>Ante cualquier duda pueden dirigirse a nosotros por mail a <a href=\"mailto:amlat@herzog.ac.il\">amlat@herzog.ac.il<\/a>.<\/p>\n<p><span style=\"font-size: 16px;\">Este programa se puede realizar gracias al apoyo de UNITED.<\/span><\/p>\n<\/div>\n<\/div>\n<\/div>\n<\/div>\n<\/div>\n<\/div>\n<\/div>\n<\/div>\n<p>[\/et_pb_text][et_pb_shop type=\u00bbproduct_category\u00bb posts_number=\u00bb16&#8243; include_categories=\u00bb137&#8243; columns_number=\u00bb3&#8243; icon_hover_color=\u00bb#ffffff\u00bb hover_overlay_color=\u00bbrgba(15,79,88,0.27)\u00bb hover_icon=\u00bb&#x55;||divi||400&#8243; show_name=\u00bboff\u00bb show_price=\u00bboff\u00bb show_rating=\u00bboff\u00bb show_sale_badge=\u00bboff\u00bb _builder_version=\u00bb4.24.0&#8243; _module_preset=\u00bbdefault\u00bb title_font=\u00bb|700|||||||\u00bb title_text_color=\u00bb#0F4F58&#8243; title_font_size=\u00bb19px\u00bb title_line_height=\u00bb1.3em\u00bb max_height=\u00bb300px\u00bb custom_padding=\u00bb0px|20px|0px|20px|false|true\u00bb custom_css_product=\u00bbborder-radius: 5px;||padding: 20px !important;||box-shadow: 0px 23px 64px 0px rgb(170 170 170 \/ 30%);\u00bb border_color_all=\u00bb#000000&#8243; global_colors_info=\u00bb{}\u00bb][\/et_pb_shop][\/et_pb_column][\/et_pb_row][\/et_pb_section][et_pb_section fb_built=\u00bb1&#8243; _builder_version=\u00bb4.17.6&#8243; _module_preset=\u00bbdefault\u00bb global_colors_info=\u00bb{}\u00bb][\/et_pb_section]<\/p>\n","protected":false},"excerpt":{"rendered":"<p>Cursos Acad\u00e9micos de Herzog College \u00a0 Ciclo 2024 Los cursos comenzar\u00e1n a partir del 20\/02\/2024 Los estudios se realizan entre los meses de febrero\u00a0y\u00a0junio Cada curso tiene entre 8 y 10 unidades a estudiar. Los cursos otorgan creditos acad\u00e9micos. Los estudios son asincr\u00f3nicos en la plataforma Moodle , en el tiempo disponible del participante (algunos [&hellip;]<\/p>\n","protected":false},"author":5,"featured_media":61984,"parent":0,"menu_order":0,"comment_status":"closed","ping_status":"closed","template":"","meta":{"_acf_changed":false,"_et_pb_use_builder":"on","_et_pb_old_content":"[et_pb_section fb_built=\"1\" _builder_version=\"4.14.7\" _module_preset=\"default\" global_colors_info=\"{}\"][et_pb_row _builder_version=\"4.14.7\" _module_preset=\"default\" global_colors_info=\"{}\"][et_pb_column type=\"4_4\" _builder_version=\"4.14.7\" _module_preset=\"default\" global_colors_info=\"{}\"][et_pb_text _builder_version=\"4.14.7\" _module_preset=\"d023f3ec-85f2-4118-ae8d-7be804cb4acd\" global_colors_info=\"{}\"]<h1>New Online Courses<\/h1>[\/et_pb_text][et_pb_text _builder_version=\"4.14.7\" _module_preset=\"default\" text_text_color=\"gcid-a4889336-8d7c-448a-acc4-c0864f964547\" text_orientation=\"center\" global_colors_info=\"{%22gcid-a4c50432-d390-47a5-9e6a-961a87c39e2a%22:%91%22header_2_text_color%22,%22header_2_text_color%22%93,%22gcid-a4889336-8d7c-448a-acc4-c0864f964547%22:%91%22text_text_color%22%93}\"]<p>You are invited to sign up for these upcoming online classroom skills courses from Herzog College, commencing February 2022.<\/p>[\/et_pb_text][et_pb_shop posts_number=\"3\" columns_number=\"3\" icon_hover_color=\"#ffffff\" hover_overlay_color=\"rgba(15,79,88,0.27)\" hover_icon=\"U||divi||400\" show_price=\"off\" show_rating=\"off\" show_sale_badge=\"off\" _builder_version=\"4.14.7\" _module_preset=\"default\" title_font=\"|700|||||||\" title_text_color=\"#0F4F58\" title_font_size=\"19px\" title_line_height=\"1.3em\" custom_padding=\"20px|20px|20px|20px|true|true\" custom_css_product=\"border-radius: 5px;||padding: 20px !important;||box-shadow: 0px 23px 64px 0px rgb(170 170 170 \/ 30%);\" border_color_all=\"#000000\" global_colors_info=\"{}\"][\/et_pb_shop][\/et_pb_column][\/et_pb_row][et_pb_row _builder_version=\"4.14.7\" _module_preset=\"default\"][et_pb_column _builder_version=\"4.14.7\" _module_preset=\"default\" type=\"4_4\"][et_pb_text _builder_version=\"4.14.7\" _module_preset=\"default\" hover_enabled=\"0\" sticky_enabled=\"0\"]<p>Interested in hearing about more classroom skills courses? Got an idea for a course that would help you? Send us a message using the form below.<\/p>[\/et_pb_text][et_pb_contact_form _builder_version=\"4.14.7\" _module_preset=\"default\" _unique_id=\"2caba29c-6c31-450e-a342-c66741794ffc\" success_message=\"Thank you for your message. We will get back to you.\" captcha=\"off\" hover_enabled=\"0\" sticky_enabled=\"0\"][et_pb_contact_field field_id=\"Name\" field_title=\"Name\" _builder_version=\"3.16\" global_colors_info=\"{}\" button_text_size__hover_enabled=\"off\" button_one_text_size__hover_enabled=\"off\" button_two_text_size__hover_enabled=\"off\" button_text_color__hover_enabled=\"off\" button_one_text_color__hover_enabled=\"off\" button_two_text_color__hover_enabled=\"off\" button_border_width__hover_enabled=\"off\" button_one_border_width__hover_enabled=\"off\" button_two_border_width__hover_enabled=\"off\" button_border_color__hover_enabled=\"off\" button_one_border_color__hover_enabled=\"off\" button_two_border_color__hover_enabled=\"off\" button_border_radius__hover_enabled=\"off\" button_one_border_radius__hover_enabled=\"off\" button_two_border_radius__hover_enabled=\"off\" button_letter_spacing__hover_enabled=\"off\" button_one_letter_spacing__hover_enabled=\"off\" button_two_letter_spacing__hover_enabled=\"off\" button_bg_color__hover_enabled=\"off\" button_one_bg_color__hover_enabled=\"off\" button_two_bg_color__hover_enabled=\"off\"][\/et_pb_contact_field][et_pb_contact_field field_id=\"Email\" field_title=\"Email Address\" field_type=\"email\" _builder_version=\"3.16\" global_colors_info=\"{}\" button_text_size__hover_enabled=\"off\" button_one_text_size__hover_enabled=\"off\" button_two_text_size__hover_enabled=\"off\" button_text_color__hover_enabled=\"off\" button_one_text_color__hover_enabled=\"off\" button_two_text_color__hover_enabled=\"off\" button_border_width__hover_enabled=\"off\" button_one_border_width__hover_enabled=\"off\" button_two_border_width__hover_enabled=\"off\" button_border_color__hover_enabled=\"off\" button_one_border_color__hover_enabled=\"off\" button_two_border_color__hover_enabled=\"off\" button_border_radius__hover_enabled=\"off\" button_one_border_radius__hover_enabled=\"off\" button_two_border_radius__hover_enabled=\"off\" button_letter_spacing__hover_enabled=\"off\" button_one_letter_spacing__hover_enabled=\"off\" button_two_letter_spacing__hover_enabled=\"off\" button_bg_color__hover_enabled=\"off\" button_one_bg_color__hover_enabled=\"off\" button_two_bg_color__hover_enabled=\"off\"][\/et_pb_contact_field][et_pb_contact_field field_id=\"Message\" field_title=\"Message\" field_type=\"text\" fullwidth_field=\"on\" _builder_version=\"3.16\" global_colors_info=\"{}\" button_text_size__hover_enabled=\"off\" button_one_text_size__hover_enabled=\"off\" button_two_text_size__hover_enabled=\"off\" button_text_color__hover_enabled=\"off\" button_one_text_color__hover_enabled=\"off\" button_two_text_color__hover_enabled=\"off\" button_border_width__hover_enabled=\"off\" button_one_border_width__hover_enabled=\"off\" button_two_border_width__hover_enabled=\"off\" button_border_color__hover_enabled=\"off\" button_one_border_color__hover_enabled=\"off\" button_two_border_color__hover_enabled=\"off\" button_border_radius__hover_enabled=\"off\" button_one_border_radius__hover_enabled=\"off\" button_two_border_radius__hover_enabled=\"off\" button_letter_spacing__hover_enabled=\"off\" button_one_letter_spacing__hover_enabled=\"off\" button_two_letter_spacing__hover_enabled=\"off\" button_bg_color__hover_enabled=\"off\" button_one_bg_color__hover_enabled=\"off\" button_two_bg_color__hover_enabled=\"off\"][\/et_pb_contact_field][\/et_pb_contact_form][\/et_pb_column][\/et_pb_row][\/et_pb_section]","_et_gb_content_width":"","_monsterinsights_skip_tracking":false,"_monsterinsights_sitenote_active":false,"_monsterinsights_sitenote_note":"","_monsterinsights_sitenote_category":0,"footnotes":""},"class_list":["post-53317","page","type-page","status-publish","has-post-thumbnail","hentry"],"acf":[],"yoast_head":"<!-- This site is optimized with the Yoast SEO plugin v27.4 - https:\/\/yoast.com\/product\/yoast-seo-wordpress\/ -->\n<title>Nuevos Cursos - Herzog College<\/title>\n<meta name=\"description\" content=\"Nuestros nuevos cursos est\u00e1n subvencionados por UNITED. El semestre comenzar\u00e1 el 20 de febrero de 2024.\" \/>\n<meta name=\"robots\" content=\"index, follow, max-snippet:-1, max-image-preview:large, max-video-preview:-1\" \/>\n<link rel=\"canonical\" href=\"https:\/\/global.herzog.ac.il\/es\/nuevos-cursos\/\" \/>\n<meta property=\"og:locale\" content=\"es_ES\" \/>\n<meta property=\"og:type\" content=\"article\" \/>\n<meta property=\"og:title\" content=\"Nuevos Cursos - Herzog College\" \/>\n<meta property=\"og:description\" content=\"Nuestros nuevos cursos est\u00e1n subvencionados por UNITED. El semestre comenzar\u00e1 el 20 de febrero de 2024.\" \/>\n<meta property=\"og:site_name\" content=\"Herzog College\" \/>\n<meta property=\"article:modified_time\" content=\"2024-06-30T13:35:14+00:00\" \/>\n<meta property=\"og:image\" content=\"https:\/\/global.herzog.ac.il\/wp-content\/uploads\/2024\/01\/CURSOS-1.jpg\" \/>\n\t<meta property=\"og:image:width\" content=\"999\" \/>\n\t<meta property=\"og:image:height\" content=\"846\" \/>\n\t<meta property=\"og:image:type\" content=\"image\/jpeg\" \/>\n<meta name=\"twitter:card\" content=\"summary_large_image\" \/>\n<meta name=\"twitter:label1\" content=\"Tiempo de lectura\" \/>\n\t<meta name=\"twitter:data1\" content=\"5 minutos\" \/>\n<script type=\"application\/ld+json\" class=\"yoast-schema-graph\">{\"@context\":\"https:\\\/\\\/schema.org\",\"@graph\":[{\"@type\":\"WebPage\",\"@id\":\"https:\\\/\\\/global.herzog.ac.il\\\/es\\\/nuevos-cursos\\\/\",\"url\":\"https:\\\/\\\/global.herzog.ac.il\\\/es\\\/nuevos-cursos\\\/\",\"name\":\"Nuevos Cursos - Herzog College\",\"isPartOf\":{\"@id\":\"https:\\\/\\\/global.herzog.ac.il\\\/#website\"},\"primaryImageOfPage\":{\"@id\":\"https:\\\/\\\/global.herzog.ac.il\\\/es\\\/nuevos-cursos\\\/#primaryimage\"},\"image\":{\"@id\":\"https:\\\/\\\/global.herzog.ac.il\\\/es\\\/nuevos-cursos\\\/#primaryimage\"},\"thumbnailUrl\":\"https:\\\/\\\/global.herzog.ac.il\\\/wp-content\\\/uploads\\\/2024\\\/01\\\/CURSOS-1.jpg\",\"datePublished\":\"2022-03-24T12:38:03+00:00\",\"dateModified\":\"2024-06-30T13:35:14+00:00\",\"description\":\"Nuestros nuevos cursos est\u00e1n subvencionados por UNITED. El semestre comenzar\u00e1 el 20 de febrero de 2024.\",\"breadcrumb\":{\"@id\":\"https:\\\/\\\/global.herzog.ac.il\\\/es\\\/nuevos-cursos\\\/#breadcrumb\"},\"inLanguage\":\"es\",\"potentialAction\":[{\"@type\":\"ReadAction\",\"target\":[\"https:\\\/\\\/global.herzog.ac.il\\\/es\\\/nuevos-cursos\\\/\"]}]},{\"@type\":\"ImageObject\",\"inLanguage\":\"es\",\"@id\":\"https:\\\/\\\/global.herzog.ac.il\\\/es\\\/nuevos-cursos\\\/#primaryimage\",\"url\":\"https:\\\/\\\/global.herzog.ac.il\\\/wp-content\\\/uploads\\\/2024\\\/01\\\/CURSOS-1.jpg\",\"contentUrl\":\"https:\\\/\\\/global.herzog.ac.il\\\/wp-content\\\/uploads\\\/2024\\\/01\\\/CURSOS-1.jpg\",\"width\":999,\"height\":846},{\"@type\":\"BreadcrumbList\",\"@id\":\"https:\\\/\\\/global.herzog.ac.il\\\/es\\\/nuevos-cursos\\\/#breadcrumb\",\"itemListElement\":[{\"@type\":\"ListItem\",\"position\":1,\"name\":\"Home\",\"item\":\"https:\\\/\\\/global.herzog.ac.il\\\/\"},{\"@type\":\"ListItem\",\"position\":2,\"name\":\"Nuevos Cursos\"}]},{\"@type\":\"WebSite\",\"@id\":\"https:\\\/\\\/global.herzog.ac.il\\\/#website\",\"url\":\"https:\\\/\\\/global.herzog.ac.il\\\/\",\"name\":\"Herzog College\",\"description\":\"Empowering Jewish Education\",\"publisher\":{\"@id\":\"https:\\\/\\\/global.herzog.ac.il\\\/#organization\"},\"potentialAction\":[{\"@type\":\"SearchAction\",\"target\":{\"@type\":\"EntryPoint\",\"urlTemplate\":\"https:\\\/\\\/global.herzog.ac.il\\\/?s={search_term_string}\"},\"query-input\":{\"@type\":\"PropertyValueSpecification\",\"valueRequired\":true,\"valueName\":\"search_term_string\"}}],\"inLanguage\":\"es\"},{\"@type\":\"Organization\",\"@id\":\"https:\\\/\\\/global.herzog.ac.il\\\/#organization\",\"name\":\"Herzog College Global Courses\",\"url\":\"https:\\\/\\\/global.herzog.ac.il\\\/\",\"logo\":{\"@type\":\"ImageObject\",\"inLanguage\":\"es\",\"@id\":\"https:\\\/\\\/global.herzog.ac.il\\\/#\\\/schema\\\/logo\\\/image\\\/\",\"url\":\"https:\\\/\\\/global.herzog.ac.il\\\/wp-content\\\/uploads\\\/2021\\\/12\\\/logo-herzog-bg.jpg\",\"contentUrl\":\"https:\\\/\\\/global.herzog.ac.il\\\/wp-content\\\/uploads\\\/2021\\\/12\\\/logo-herzog-bg.jpg\",\"width\":410,\"height\":110,\"caption\":\"Herzog College Global Courses\"},\"image\":{\"@id\":\"https:\\\/\\\/global.herzog.ac.il\\\/#\\\/schema\\\/logo\\\/image\\\/\"}}]}<\/script>\n<!-- \/ Yoast SEO plugin. -->","yoast_head_json":{"title":"Nuevos Cursos - Herzog College","description":"Nuestros nuevos cursos est\u00e1n subvencionados por UNITED. El semestre comenzar\u00e1 el 20 de febrero de 2024.","robots":{"index":"index","follow":"follow","max-snippet":"max-snippet:-1","max-image-preview":"max-image-preview:large","max-video-preview":"max-video-preview:-1"},"canonical":"https:\/\/global.herzog.ac.il\/es\/nuevos-cursos\/","og_locale":"es_ES","og_type":"article","og_title":"Nuevos Cursos - Herzog College","og_description":"Nuestros nuevos cursos est\u00e1n subvencionados por UNITED. El semestre comenzar\u00e1 el 20 de febrero de 2024.","og_site_name":"Herzog College","article_modified_time":"2024-06-30T13:35:14+00:00","og_image":[{"width":999,"height":846,"url":"https:\/\/global.herzog.ac.il\/wp-content\/uploads\/2024\/01\/CURSOS-1.jpg","type":"image\/jpeg"}],"twitter_card":"summary_large_image","twitter_misc":{"Tiempo de lectura":"5 minutos"},"schema":{"@context":"https:\/\/schema.org","@graph":[{"@type":"WebPage","@id":"https:\/\/global.herzog.ac.il\/es\/nuevos-cursos\/","url":"https:\/\/global.herzog.ac.il\/es\/nuevos-cursos\/","name":"Nuevos Cursos - Herzog College","isPartOf":{"@id":"https:\/\/global.herzog.ac.il\/#website"},"primaryImageOfPage":{"@id":"https:\/\/global.herzog.ac.il\/es\/nuevos-cursos\/#primaryimage"},"image":{"@id":"https:\/\/global.herzog.ac.il\/es\/nuevos-cursos\/#primaryimage"},"thumbnailUrl":"https:\/\/global.herzog.ac.il\/wp-content\/uploads\/2024\/01\/CURSOS-1.jpg","datePublished":"2022-03-24T12:38:03+00:00","dateModified":"2024-06-30T13:35:14+00:00","description":"Nuestros nuevos cursos est\u00e1n subvencionados por UNITED. El semestre comenzar\u00e1 el 20 de febrero de 2024.","breadcrumb":{"@id":"https:\/\/global.herzog.ac.il\/es\/nuevos-cursos\/#breadcrumb"},"inLanguage":"es","potentialAction":[{"@type":"ReadAction","target":["https:\/\/global.herzog.ac.il\/es\/nuevos-cursos\/"]}]},{"@type":"ImageObject","inLanguage":"es","@id":"https:\/\/global.herzog.ac.il\/es\/nuevos-cursos\/#primaryimage","url":"https:\/\/global.herzog.ac.il\/wp-content\/uploads\/2024\/01\/CURSOS-1.jpg","contentUrl":"https:\/\/global.herzog.ac.il\/wp-content\/uploads\/2024\/01\/CURSOS-1.jpg","width":999,"height":846},{"@type":"BreadcrumbList","@id":"https:\/\/global.herzog.ac.il\/es\/nuevos-cursos\/#breadcrumb","itemListElement":[{"@type":"ListItem","position":1,"name":"Home","item":"https:\/\/global.herzog.ac.il\/"},{"@type":"ListItem","position":2,"name":"Nuevos Cursos"}]},{"@type":"WebSite","@id":"https:\/\/global.herzog.ac.il\/#website","url":"https:\/\/global.herzog.ac.il\/","name":"Herzog College","description":"Empowering Jewish Education","publisher":{"@id":"https:\/\/global.herzog.ac.il\/#organization"},"potentialAction":[{"@type":"SearchAction","target":{"@type":"EntryPoint","urlTemplate":"https:\/\/global.herzog.ac.il\/?s={search_term_string}"},"query-input":{"@type":"PropertyValueSpecification","valueRequired":true,"valueName":"search_term_string"}}],"inLanguage":"es"},{"@type":"Organization","@id":"https:\/\/global.herzog.ac.il\/#organization","name":"Herzog College Global Courses","url":"https:\/\/global.herzog.ac.il\/","logo":{"@type":"ImageObject","inLanguage":"es","@id":"https:\/\/global.herzog.ac.il\/#\/schema\/logo\/image\/","url":"https:\/\/global.herzog.ac.il\/wp-content\/uploads\/2021\/12\/logo-herzog-bg.jpg","contentUrl":"https:\/\/global.herzog.ac.il\/wp-content\/uploads\/2021\/12\/logo-herzog-bg.jpg","width":410,"height":110,"caption":"Herzog College Global Courses"},"image":{"@id":"https:\/\/global.herzog.ac.il\/#\/schema\/logo\/image\/"}}]}},"_links":{"self":[{"href":"https:\/\/global.herzog.ac.il\/es\/wp-json\/wp\/v2\/pages\/53317","targetHints":{"allow":["GET"]}}],"collection":[{"href":"https:\/\/global.herzog.ac.il\/es\/wp-json\/wp\/v2\/pages"}],"about":[{"href":"https:\/\/global.herzog.ac.il\/es\/wp-json\/wp\/v2\/types\/page"}],"author":[{"embeddable":true,"href":"https:\/\/global.herzog.ac.il\/es\/wp-json\/wp\/v2\/users\/5"}],"replies":[{"embeddable":true,"href":"https:\/\/global.herzog.ac.il\/es\/wp-json\/wp\/v2\/comments?post=53317"}],"version-history":[{"count":48,"href":"https:\/\/global.herzog.ac.il\/es\/wp-json\/wp\/v2\/pages\/53317\/revisions"}],"predecessor-version":[{"id":64262,"href":"https:\/\/global.herzog.ac.il\/es\/wp-json\/wp\/v2\/pages\/53317\/revisions\/64262"}],"wp:featuredmedia":[{"embeddable":true,"href":"https:\/\/global.herzog.ac.il\/es\/wp-json\/wp\/v2\/media\/61984"}],"wp:attachment":[{"href":"https:\/\/global.herzog.ac.il\/es\/wp-json\/wp\/v2\/media?parent=53317"}],"curies":[{"name":"wp","href":"https:\/\/api.w.org\/{rel}","templated":true}]}}