{"id":65637,"date":"2024-12-17T16:19:35","date_gmt":"2024-12-17T16:19:35","guid":{"rendered":"https:\/\/global.herzog.ac.il\/?page_id=65637"},"modified":"2025-11-09T18:58:35","modified_gmt":"2025-11-09T18:58:35","slug":"maestria","status":"publish","type":"page","link":"https:\/\/global.herzog.ac.il\/es\/maestria\/","title":{"rendered":"Maestr\u00eda en Tanaj"},"content":{"rendered":"<p>[et_pb_section fb_built=\u00bb1&#8243; fullwidth=\u00bbon\u00bb _builder_version=\u00bb4.25.2&#8243; _module_preset=\u00bbdefault\u00bb global_colors_info=\u00bb{}\u00bb][et_pb_fullwidth_image src=\u00bbhttps:\/\/global.herzog.ac.il\/wp-content\/uploads\/2024\/12\/Masters-Half-Page.jpg\u00bb alt=\u00bbMasters in Tanakh &#038; Parshanut\u00bb title_text=\u00bbMasters Banner\u00bb _builder_version=\u00bb4.27.4&#8243; _module_preset=\u00bbdefault\u00bb global_colors_info=\u00bb{}\u00bb][\/et_pb_fullwidth_image][\/et_pb_section][et_pb_section fb_built=\u00bb1&#8243; _builder_version=\u00bb4.16&#8243; global_colors_info=\u00bb{}\u00bb][et_pb_row column_structure=\u00bb3_5,2_5&#8243; _builder_version=\u00bb4.27.4&#8243; background_size=\u00bbinitial\u00bb background_position=\u00bbtop_left\u00bb background_repeat=\u00bbrepeat\u00bb custom_margin=\u00bb||0px||false|false\u00bb global_colors_info=\u00bb{}\u00bb][et_pb_column type=\u00bb3_5&#8243; _builder_version=\u00bb4.16&#8243; custom_padding=\u00bb|||\u00bb global_colors_info=\u00bb{}\u00bb custom_padding__hover=\u00bb|||\u00bb][et_pb_text _builder_version=\u00bb4.27.4&#8243; background_size=\u00bbinitial\u00bb background_position=\u00bbtop_left\u00bb background_repeat=\u00bbrepeat\u00bb custom_margin=\u00bb||-25px|||\u00bb inline_fonts=\u00bbAbril Fatface,Abel\u00bb global_colors_info=\u00bb{}\u00bb]<\/p>\n<h1 style=\"text-align: left;\"><span style=\"color: #b4183d;\"><strong>Maestr\u00ed<\/strong><\/span><span style=\"color: #b4183d;\"><strong>a en Tanaj<\/strong><\/span><\/h1>\n<h1 style=\"text-align: left;\"><span style=\"color: #0f4f58; font-size: xx-large;\"><strong>+ <span style=\"text-decoration: underline;\">Incluye:<\/span> Cursos en Liderazgo Educativo<\/strong><br \/><\/span><span style=\"font-size: xx-large;\"><strong><span style=\"color: #0f4f58;\">+<\/span> <span style=\"color: #0f4f58;\">Viaje a Israel y estudio del Tanaj en donde sucedieron los hechos.<\/span><\/strong><\/span><\/h1>\n<blockquote>\n<h3><span style=\"font-size: xx-large;\"><strong><span style=\"color: #0f4f58;\">+<span style=\"font-family: Abel; font-weight: normal; font-size: x-large;\"> El titulo de Maestr\u00eda en Tanaj esta abierto para educadores del area judaica en la diaspora y para personas que viven en Israel.<\/span><\/span><\/strong><\/span><\/h3>\n<\/blockquote>\n<h2 style=\"text-align: left;\"><span style=\"color: #000000; font-size: 24px; font-weight: bold; text-align: left;\"><br \/>Mijlelet Herzog ofrece a educadores del mundo jud\u00edo, la oportunidad de estudiar una maestr\u00eda en Tanaj que combina estudios en l\u00ednea y estudios en Israel. Los cursos ser\u00e1n en general en espa\u00f1ol con algunos cursos en hebreo con los mejores profesores de Mijlelet Herzog.<\/span><\/h2>\n<p><span style=\"color: #b4183d;\"><strong><br \/>Requisitos basicos: <\/strong><\/span><\/p>\n<p><span style=\"color: #0f4f58;\">\u2714 Comprensi\u00f3n de hebreo hablado (se requiere realizar un examen)\u00a0<\/span><br \/><span style=\"color: #0f4f58;\">\u2714 Poseer t\u00edtulo acad\u00e9mico B.A o licenciatura<\/span><\/p>\n<p><strong><span class=\"HwtZe\" lang=\"es\" style=\"color: #b4183d;\"><span class=\"jCAhz ChMk0b\"><span class=\"ryNqvb\">Formato de estudios:<\/span><\/span><\/span><\/strong><\/p>\n<p><strong><span class=\"HwtZe\" lang=\"es\" style=\"color: #b4183d;\"><span class=\"jCAhz ChMk0b\"><span class=\"ryNqvb\"><span style=\"color: #0f4f58;\">\u2714 Un semestre de cursos a distancia asincr\u00f3nicos (Moodle)<\/span><\/span><\/span><\/span><\/strong><\/p>\n<p><strong><span class=\"HwtZe\" lang=\"es\" style=\"color: #b4183d;\"><span class=\"jCAhz ChMk0b\"><span class=\"ryNqvb\"><span style=\"color: #0f4f58;\">\u2714 Dos semestres de cursos h\u00edbridos a distancia asincr\u00f3nicos (Moodle)\u00a0 que comenzar\u00e1n o culminar\u00e1n en Israel.<\/span><\/span><\/span><\/span><\/strong><\/p>\n<p><strong><span class=\"HwtZe\" lang=\"es\" style=\"color: #b4183d;\"><span class=\"jCAhz ChMk0b\"><span class=\"ryNqvb\"><span style=\"color: #0f4f58;\">\u2714 Viaje de estudios a Israel de 16 d\u00edas.<\/span><\/span><\/span><\/span><\/strong><\/p>\n<p><strong><span class=\"HwtZe\" lang=\"es\" style=\"color: #b4183d;\"><span class=\"jCAhz ChMk0b\"><span class=\"ryNqvb\"><span style=\"color: #0f4f58;\">\u2714 Por semana hay que dedicar un promedio de 6 a 7 horas<\/span><\/span><\/span><\/span><\/strong><\/p>\n<p><strong><span class=\"HwtZe\" lang=\"es\" style=\"color: #b4183d;\"><span class=\"jCAhz ChMk0b\"><span class=\"ryNqvb\"><span style=\"color: #0f4f58;\">\u2714 Encuentros por zoom, hasta tres encuentros por semestre.<\/span><\/span><\/span><\/span><\/strong><\/p>\n<p>&nbsp;<\/p>\n<p><strong><span class=\"HwtZe\" lang=\"es\" style=\"color: #b4183d;\"><span class=\"jCAhz ChMk0b\"><span class=\"ryNqvb\">Calendario y subsidios:<\/span><\/span><\/span><\/strong><\/p>\n<ul>\n<li>Inicio de estudios programado para agosto 2026.<\/li>\n<li>Viaje a Israel: 22.12.2026 a 06.01.2027<\/li>\n<li>Finalizaci\u00f3n de estudios en linea: agosto 2027<\/li>\n<li>Precios muy subsidiados para educadores en escuelas jud\u00edas de la di\u00e1spora.<\/li>\n<li>Director del programa: Shmuel Kornblit<\/li>\n<li>E-mail de contacto: amlat@herzog.ac.il<\/li>\n<\/ul>\n<p>&nbsp;<\/p>\n<p><strong><span class=\"HwtZe\" lang=\"es\" style=\"color: #b4183d;\"><span class=\"jCAhz ChMk0b\"><span class=\"ryNqvb\">Cursos (lista parcial)<\/span><\/span><\/span><\/strong><\/p>\n<p>Una mirada general del Tanaj<\/p>\n<p>Sefer Bereshit y desaf\u00edos de su ense\u00f1anza<\/p>\n<p>Meguilot<\/p>\n<p>Yehoshua<\/p>\n<p>El Rab Jonatha Sack y su interpretaci\u00f3n a la Tora<\/p>\n<p>Elementos tecnol\u00f3gicos y pedag\u00f3gicos para la ense\u00f1anza del Tanaj<\/p>\n<p>Introducci\u00f3n general a la literatura de la Parshanut<\/p>\n<p>Liderazgo educativo<\/p>\n<p>Innovaci\u00f3n pedag\u00f3gica y tecnol\u00f3gica<\/p>\n<p>Midrash y Parshanut<\/p>\n<p>Jasidut y parshanut del Tanaj<\/p>\n<p>El Rab Shimshon Rafael Hirsch y su monumental obra de interpretaci\u00f3n<\/p>\n<p>Tanaj Bashetaj (recorridos por los lugares de los hechos del Tanaj)<\/p>\n<p>[\/et_pb_text][\/et_pb_column][et_pb_column type=\u00bb2_5&#8243; _builder_version=\u00bb4.16&#8243; custom_padding=\u00bb|||\u00bb global_colors_info=\u00bb{}\u00bb custom_padding__hover=\u00bb|||\u00bb][et_pb_text _builder_version=\u00bb4.27.4&#8243; _module_preset=\u00bbdefault\u00bb text_text_color=\u00bb#FFFFFF\u00bb header_text_color=\u00bb#FFFFFF\u00bb background_color=\u00bb#B4183D\u00bb custom_padding=\u00bb20px|||20px|false|false\u00bb global_colors_info=\u00bb{}\u00bb]<\/p>\n<p><span class=\"HwtZe\" lang=\"es\"><span class=\"jCAhz ChMk0b\"><span class=\"ryNqvb\">Si eres docente en el area judaica o tienes un puesto de direcci\u00f3n en una escuela jud\u00eda o si el Tanaj te interesa mucho: \u00a1Esta Maestr\u00eda en Espa\u00f1ol y Hebreo es para ti!<\/span><\/span> <span class=\"jCAhz\"><span class=\"ryNqvb\">\u00bfEstas interesado\/a en saber m\u00e1s?<\/span><\/span><br \/><span class=\"jCAhz ChMk0b\"><span class=\"ryNqvb\">Completa el siguiente formulario :<\/span><\/span><\/span><\/p>\n<p>&nbsp;<\/p>\n\n<div class=\"wpcf7 no-js\" id=\"wpcf7-f65656-o1\" lang=\"en-US\" dir=\"ltr\" data-wpcf7-id=\"65656\">\n<div class=\"screen-reader-response\"><p role=\"status\" aria-live=\"polite\" aria-atomic=\"true\"><\/p> <ul><\/ul><\/div>\n<form action=\"\/es\/wp-json\/wp\/v2\/pages\/65637#wpcf7-f65656-o1\" method=\"post\" class=\"wpcf7-form init\" aria-label=\"Contact form\" novalidate=\"novalidate\" data-status=\"init\">\n<fieldset class=\"hidden-fields-container\"><input type=\"hidden\" name=\"_wpcf7\" value=\"65656\" \/><input type=\"hidden\" name=\"_wpcf7_version\" value=\"6.1.5\" \/><input type=\"hidden\" name=\"_wpcf7_locale\" value=\"en_US\" \/><input type=\"hidden\" name=\"_wpcf7_unit_tag\" value=\"wpcf7-f65656-o1\" \/><input type=\"hidden\" name=\"_wpcf7_container_post\" value=\"0\" \/><input type=\"hidden\" name=\"_wpcf7_posted_data_hash\" value=\"\" \/><input type=\"hidden\" name=\"_wpcf7_recaptcha_response\" value=\"\" \/>\n<\/fieldset>\n<p><label> Nombre Completo <span class=\"wpcf7-form-control-wrap\" data-name=\"your-name\"><input size=\"40\" maxlength=\"400\" class=\"wpcf7-form-control wpcf7-text wpcf7-validates-as-required\" aria-required=\"true\" aria-invalid=\"false\" value=\"\" type=\"text\" name=\"your-name\" \/><\/span> <\/label>\n<\/p>\n<p><label> Correo electr\u00f3nico <span class=\"wpcf7-form-control-wrap\" data-name=\"your-email\"><input size=\"40\" maxlength=\"400\" class=\"wpcf7-form-control wpcf7-email wpcf7-validates-as-required wpcf7-text wpcf7-validates-as-email\" aria-required=\"true\" aria-invalid=\"false\" value=\"\" type=\"email\" name=\"your-email\" \/><\/span> <\/label>\n<\/p>\n<p><label> Tel\/Whatsapp<br \/>\n<span class=\"wpcf7-form-control-wrap\" data-name=\"tel-39\"><input size=\"40\" maxlength=\"400\" class=\"wpcf7-form-control wpcf7-tel wpcf7-validates-as-required wpcf7-text wpcf7-validates-as-tel\" aria-required=\"true\" aria-invalid=\"false\" value=\"\" type=\"tel\" name=\"tel-39\" \/><\/span> <\/label>\n<\/p>\n<p><label> \u00bfCu\u00e1l es tu t\u00edtulo de acad\u00e9mico? <span class=\"wpcf7-form-control-wrap\" data-name=\"text-315\"><input size=\"40\" maxlength=\"400\" class=\"wpcf7-form-control wpcf7-text wpcf7-validates-as-required\" aria-required=\"true\" aria-invalid=\"false\" value=\"\" type=\"text\" name=\"text-315\" \/><\/span><\/label>\n<\/p>\n<p><label> Escuela o instituci\u00f3n educativa que trabajas <span class=\"wpcf7-form-control-wrap\" data-name=\"text-683\"><input size=\"40\" maxlength=\"400\" class=\"wpcf7-form-control wpcf7-text wpcf7-validates-as-required\" aria-required=\"true\" aria-invalid=\"false\" value=\"\" type=\"text\" name=\"text-683\" \/><\/span><\/label>\n<\/p>\n<p><label> Ciudad en la que vives <span class=\"wpcf7-form-control-wrap\" data-name=\"text-607\"><input size=\"40\" maxlength=\"400\" class=\"wpcf7-form-control wpcf7-text wpcf7-validates-as-required\" aria-required=\"true\" aria-invalid=\"false\" value=\"\" type=\"text\" name=\"text-607\" \/><\/span> <\/label>\n<\/p>\n<span class=\"wpcf7-form-control-wrap recaptcha\" data-name=\"recaptcha\"><span data-sitekey=\"6LcOW_ApAAAAALCfjr3TA3xZCKexmbQU9ea_qKc1\" class=\"wpcf7-form-control wpcf7-recaptcha g-recaptcha\"><\/span>\r\n<noscript>\r\n\t<div class=\"grecaptcha-noscript\">\r\n\t\t<iframe loading=\"lazy\" src=\"https:\/\/www.google.com\/recaptcha\/api\/fallback?k=6LcOW_ApAAAAALCfjr3TA3xZCKexmbQU9ea_qKc1\" frameborder=\"0\" scrolling=\"no\" width=\"310\" height=\"430\">\r\n\t\t<\/iframe>\r\n\t\t<textarea name=\"g-recaptcha-response\" rows=\"3\" cols=\"40\" placeholder=\"reCaptcha Response Here\">\r\n\t\t<\/textarea>\r\n\t<\/div>\r\n<\/noscript>\r\n<\/span>\n<p><input class=\"wpcf7-form-control wpcf7-submit has-spinner\" type=\"submit\" value=\"Send\" \/>\n<\/p><div class=\"wpcf7-response-output\" aria-hidden=\"true\"><\/div>\n<\/form>\n<\/div>\n\n<p>[\/et_pb_text][\/et_pb_column][\/et_pb_row][et_pb_row _builder_version=\u00bb4.25.2&#8243; background_size=\u00bbinitial\u00bb background_position=\u00bbtop_left\u00bb background_repeat=\u00bbrepeat\u00bb custom_margin=\u00bb0px||||false|false\u00bb custom_padding=\u00bb0px||||false|false\u00bb global_colors_info=\u00bb{}\u00bb][et_pb_column type=\u00bb4_4&#8243; _builder_version=\u00bb4.16&#8243; custom_padding=\u00bb|||\u00bb global_colors_info=\u00bb{}\u00bb custom_padding__hover=\u00bb|||\u00bb][\/et_pb_column][\/et_pb_row][\/et_pb_section]<\/p>\n","protected":false},"excerpt":{"rendered":"<p>Maestr\u00eda en Tanaj + Incluye: Cursos en Liderazgo Educativo+ Viaje a Israel y estudio del Tanaj en donde sucedieron los hechos. + El titulo de Maestr\u00eda en Tanaj esta abierto para educadores del area judaica en la diaspora y para personas que viven en Israel. Mijlelet Herzog ofrece a educadores del mundo jud\u00edo, la oportunidad [&hellip;]<\/p>\n","protected":false},"author":6,"featured_media":0,"parent":0,"menu_order":0,"comment_status":"closed","ping_status":"closed","template":"page-template-blank.php","meta":{"_acf_changed":false,"_et_pb_use_builder":"on","_et_pb_old_content":"<h1><strong>How Would a Master\u2019s Degree <\/strong><strong><em>Boost<\/em><\/strong><strong> Your Career?<\/strong><\/h1><ul><li>Learn online in your own time over 2 years without losing teaching hours.<\/li><li>Study with Herzog College\u2019s leading Bible experts in English.<\/li><li>Join a two-week semester in Israel (July 2025) for Tanakh & Archeology courses.<br \/><br \/><\/li><\/ul><h1><strong>M.A. in Teaching Tanakh & Parshanut<\/strong><\/h1><ul><li>Invest just <strong>31,000 NIS<\/strong>* (approx. $8,000) and transform your career!<\/li><li>Apply before September 31 and start learning in November 2024.<\/li><li>Expert teaching faculty includes:<\/li><\/ul><p><br \/><br \/><\/p><p>\u00a0<\/p><p>\u00a0\u00a0\u00a0\u00a0\u00a0\u00a0\u00a0\u00a0\u00a0\u00a0\u00a0<\/p><p>*Introductory price for 2024-2026 cohort <br \/><br \/><\/p><p>\u00a0<\/p><p>\u00a0<\/p><p>Whether you are a Tanakh teacher or just enjoy learning Tanakh, this Master\u2019s Degree in English is for you! Interested to find out more?<\/p><p>\u00a0<\/p><table><tbody><tr><td width=\"689\"><p>First name*<\/p><\/td><\/tr><tr><td width=\"689\"><p>Family name*<\/p><\/td><\/tr><tr><td width=\"689\"><p>Telephone*<\/p><\/td><\/tr><tr><td width=\"689\"><p>Email Address*<\/p><\/td><\/tr><\/tbody><\/table><p>SEND<\/p><p>\u00a0<\/p>","_et_gb_content_width":"","_monsterinsights_skip_tracking":false,"_monsterinsights_sitenote_active":false,"_monsterinsights_sitenote_note":"","_monsterinsights_sitenote_category":0,"footnotes":""},"class_list":["post-65637","page","type-page","status-publish","hentry"],"acf":[],"yoast_head":"<!-- This site is optimized with the Yoast SEO plugin v27.3 - https:\/\/yoast.com\/product\/yoast-seo-wordpress\/ -->\n<title>Maestr\u00eda en Tanaj - Herzog College<\/title>\n<meta name=\"description\" content=\"Maestr\u00eda en Tanaj + Cursos en Liderazgo Educativo + Viaje a Israel y estudio del Tanaj en donde sucedieron los hechos.\" \/>\n<meta name=\"robots\" content=\"index, follow, max-snippet:-1, max-image-preview:large, max-video-preview:-1\" \/>\n<link rel=\"canonical\" href=\"https:\/\/global.herzog.ac.il\/es\/maestria\/\" \/>\n<meta property=\"og:locale\" content=\"es_ES\" \/>\n<meta property=\"og:type\" content=\"article\" \/>\n<meta property=\"og:title\" content=\"Maestr\u00eda en Tanaj - Herzog College\" \/>\n<meta property=\"og:description\" content=\"Maestr\u00eda en Tanaj + Cursos en Liderazgo Educativo + Viaje a Israel y estudio del Tanaj en donde sucedieron los hechos.\" \/>\n<meta property=\"og:site_name\" content=\"Herzog College\" \/>\n<meta property=\"article:modified_time\" content=\"2025-11-09T18:58:35+00:00\" \/>\n<meta name=\"twitter:card\" content=\"summary_large_image\" \/>\n<meta name=\"twitter:label1\" content=\"Tiempo de lectura\" \/>\n\t<meta name=\"twitter:data1\" content=\"1 minuto\" \/>\n<script type=\"application\/ld+json\" class=\"yoast-schema-graph\">{\"@context\":\"https:\\\/\\\/schema.org\",\"@graph\":[{\"@type\":\"WebPage\",\"@id\":\"https:\\\/\\\/global.herzog.ac.il\\\/es\\\/maestria\\\/\",\"url\":\"https:\\\/\\\/global.herzog.ac.il\\\/es\\\/maestria\\\/\",\"name\":\"Maestr\u00eda en Tanaj - Herzog College\",\"isPartOf\":{\"@id\":\"https:\\\/\\\/global.herzog.ac.il\\\/#website\"},\"datePublished\":\"2024-12-17T16:19:35+00:00\",\"dateModified\":\"2025-11-09T18:58:35+00:00\",\"description\":\"Maestr\u00eda en Tanaj + Cursos en Liderazgo Educativo + Viaje a Israel y estudio del Tanaj en donde sucedieron los hechos.\",\"breadcrumb\":{\"@id\":\"https:\\\/\\\/global.herzog.ac.il\\\/es\\\/maestria\\\/#breadcrumb\"},\"inLanguage\":\"es\",\"potentialAction\":[{\"@type\":\"ReadAction\",\"target\":[\"https:\\\/\\\/global.herzog.ac.il\\\/es\\\/maestria\\\/\"]}]},{\"@type\":\"BreadcrumbList\",\"@id\":\"https:\\\/\\\/global.herzog.ac.il\\\/es\\\/maestria\\\/#breadcrumb\",\"itemListElement\":[{\"@type\":\"ListItem\",\"position\":1,\"name\":\"Home\",\"item\":\"https:\\\/\\\/global.herzog.ac.il\\\/\"},{\"@type\":\"ListItem\",\"position\":2,\"name\":\"Maestr\u00eda en Tanaj\"}]},{\"@type\":\"WebSite\",\"@id\":\"https:\\\/\\\/global.herzog.ac.il\\\/#website\",\"url\":\"https:\\\/\\\/global.herzog.ac.il\\\/\",\"name\":\"Herzog College\",\"description\":\"Empowering Jewish Education\",\"publisher\":{\"@id\":\"https:\\\/\\\/global.herzog.ac.il\\\/#organization\"},\"potentialAction\":[{\"@type\":\"SearchAction\",\"target\":{\"@type\":\"EntryPoint\",\"urlTemplate\":\"https:\\\/\\\/global.herzog.ac.il\\\/?s={search_term_string}\"},\"query-input\":{\"@type\":\"PropertyValueSpecification\",\"valueRequired\":true,\"valueName\":\"search_term_string\"}}],\"inLanguage\":\"es\"},{\"@type\":\"Organization\",\"@id\":\"https:\\\/\\\/global.herzog.ac.il\\\/#organization\",\"name\":\"Herzog College Global Courses\",\"url\":\"https:\\\/\\\/global.herzog.ac.il\\\/\",\"logo\":{\"@type\":\"ImageObject\",\"inLanguage\":\"es\",\"@id\":\"https:\\\/\\\/global.herzog.ac.il\\\/#\\\/schema\\\/logo\\\/image\\\/\",\"url\":\"https:\\\/\\\/global.herzog.ac.il\\\/wp-content\\\/uploads\\\/2021\\\/12\\\/logo-herzog-bg.jpg\",\"contentUrl\":\"https:\\\/\\\/global.herzog.ac.il\\\/wp-content\\\/uploads\\\/2021\\\/12\\\/logo-herzog-bg.jpg\",\"width\":410,\"height\":110,\"caption\":\"Herzog College Global Courses\"},\"image\":{\"@id\":\"https:\\\/\\\/global.herzog.ac.il\\\/#\\\/schema\\\/logo\\\/image\\\/\"}}]}<\/script>\n<!-- \/ Yoast SEO plugin. -->","yoast_head_json":{"title":"Maestr\u00eda en Tanaj - Herzog College","description":"Maestr\u00eda en Tanaj + Cursos en Liderazgo Educativo + Viaje a Israel y estudio del Tanaj en donde sucedieron los hechos.","robots":{"index":"index","follow":"follow","max-snippet":"max-snippet:-1","max-image-preview":"max-image-preview:large","max-video-preview":"max-video-preview:-1"},"canonical":"https:\/\/global.herzog.ac.il\/es\/maestria\/","og_locale":"es_ES","og_type":"article","og_title":"Maestr\u00eda en Tanaj - Herzog College","og_description":"Maestr\u00eda en Tanaj + Cursos en Liderazgo Educativo + Viaje a Israel y estudio del Tanaj en donde sucedieron los hechos.","og_site_name":"Herzog College","article_modified_time":"2025-11-09T18:58:35+00:00","twitter_card":"summary_large_image","twitter_misc":{"Tiempo de lectura":"1 minuto"},"schema":{"@context":"https:\/\/schema.org","@graph":[{"@type":"WebPage","@id":"https:\/\/global.herzog.ac.il\/es\/maestria\/","url":"https:\/\/global.herzog.ac.il\/es\/maestria\/","name":"Maestr\u00eda en Tanaj - Herzog College","isPartOf":{"@id":"https:\/\/global.herzog.ac.il\/#website"},"datePublished":"2024-12-17T16:19:35+00:00","dateModified":"2025-11-09T18:58:35+00:00","description":"Maestr\u00eda en Tanaj + Cursos en Liderazgo Educativo + Viaje a Israel y estudio del Tanaj en donde sucedieron los hechos.","breadcrumb":{"@id":"https:\/\/global.herzog.ac.il\/es\/maestria\/#breadcrumb"},"inLanguage":"es","potentialAction":[{"@type":"ReadAction","target":["https:\/\/global.herzog.ac.il\/es\/maestria\/"]}]},{"@type":"BreadcrumbList","@id":"https:\/\/global.herzog.ac.il\/es\/maestria\/#breadcrumb","itemListElement":[{"@type":"ListItem","position":1,"name":"Home","item":"https:\/\/global.herzog.ac.il\/"},{"@type":"ListItem","position":2,"name":"Maestr\u00eda en Tanaj"}]},{"@type":"WebSite","@id":"https:\/\/global.herzog.ac.il\/#website","url":"https:\/\/global.herzog.ac.il\/","name":"Herzog College","description":"Empowering Jewish Education","publisher":{"@id":"https:\/\/global.herzog.ac.il\/#organization"},"potentialAction":[{"@type":"SearchAction","target":{"@type":"EntryPoint","urlTemplate":"https:\/\/global.herzog.ac.il\/?s={search_term_string}"},"query-input":{"@type":"PropertyValueSpecification","valueRequired":true,"valueName":"search_term_string"}}],"inLanguage":"es"},{"@type":"Organization","@id":"https:\/\/global.herzog.ac.il\/#organization","name":"Herzog College Global Courses","url":"https:\/\/global.herzog.ac.il\/","logo":{"@type":"ImageObject","inLanguage":"es","@id":"https:\/\/global.herzog.ac.il\/#\/schema\/logo\/image\/","url":"https:\/\/global.herzog.ac.il\/wp-content\/uploads\/2021\/12\/logo-herzog-bg.jpg","contentUrl":"https:\/\/global.herzog.ac.il\/wp-content\/uploads\/2021\/12\/logo-herzog-bg.jpg","width":410,"height":110,"caption":"Herzog College Global Courses"},"image":{"@id":"https:\/\/global.herzog.ac.il\/#\/schema\/logo\/image\/"}}]}},"_links":{"self":[{"href":"https:\/\/global.herzog.ac.il\/es\/wp-json\/wp\/v2\/pages\/65637","targetHints":{"allow":["GET"]}}],"collection":[{"href":"https:\/\/global.herzog.ac.il\/es\/wp-json\/wp\/v2\/pages"}],"about":[{"href":"https:\/\/global.herzog.ac.il\/es\/wp-json\/wp\/v2\/types\/page"}],"author":[{"embeddable":true,"href":"https:\/\/global.herzog.ac.il\/es\/wp-json\/wp\/v2\/users\/6"}],"replies":[{"embeddable":true,"href":"https:\/\/global.herzog.ac.il\/es\/wp-json\/wp\/v2\/comments?post=65637"}],"version-history":[{"count":25,"href":"https:\/\/global.herzog.ac.il\/es\/wp-json\/wp\/v2\/pages\/65637\/revisions"}],"predecessor-version":[{"id":68613,"href":"https:\/\/global.herzog.ac.il\/es\/wp-json\/wp\/v2\/pages\/65637\/revisions\/68613"}],"wp:attachment":[{"href":"https:\/\/global.herzog.ac.il\/es\/wp-json\/wp\/v2\/media?parent=65637"}],"curies":[{"name":"wp","href":"https:\/\/api.w.org\/{rel}","templated":true}]}}