{"id":66542,"date":"2025-02-13T13:24:43","date_gmt":"2025-02-13T13:24:43","guid":{"rendered":"https:\/\/global.herzog.ac.il\/?page_id=66542"},"modified":"2025-11-09T08:29:11","modified_gmt":"2025-11-09T08:29:11","slug":"tios","status":"publish","type":"page","link":"https:\/\/global.herzog.ac.il\/es\/tios\/","title":{"rendered":"TIOS"},"content":{"rendered":"<p>[et_pb_section fb_built=\u00bb1&#8243; admin_label=\u00bbsection\u00bb _builder_version=\u00bb4.27.4&#8243; global_colors_info=\u00bb{}\u00bb][et_pb_row admin_label=\u00bbrow\u00bb _builder_version=\u00bb4.27.4&#8243; background_size=\u00bbinitial\u00bb background_position=\u00bbtop_left\u00bb background_repeat=\u00bbrepeat\u00bb custom_padding=\u00bb||0px|||\u00bb global_colors_info=\u00bb{}\u00bb][et_pb_column type=\u00bb4_4&#8243; _builder_version=\u00bb4.16&#8243; custom_padding=\u00bb|||\u00bb global_colors_info=\u00bb{}\u00bb custom_padding__hover=\u00bb|||\u00bb][et_pb_text _builder_version=\u00bb4.27.4&#8243; _module_preset=\u00bbdefault\u00bb custom_margin=\u00bb||20px||false|false\u00bb global_colors_info=\u00bb{}\u00bb]<\/p>\n<h3 style=\"text-align: center;\">\u00a0<\/h3>\n<h2><strong>Ense\u00f1ar Tanaj y juda\u00edsmo en forma vivencial y con significado<\/strong><\/h2>\n<h2><span style=\"text-decoration: underline;\"><strong>Programa de capacitaci\u00f3n para escuelas jud\u00edas<\/strong><\/span><\/h2>\n<p>[\/et_pb_text][\/et_pb_column][\/et_pb_row][et_pb_row column_structure=\u00bb1_2,1_2&#8243; admin_label=\u00bbrow\u00bb _builder_version=\u00bb4.27.4&#8243; background_size=\u00bbinitial\u00bb background_position=\u00bbtop_left\u00bb background_repeat=\u00bbrepeat\u00bb custom_padding=\u00bb||0px|||\u00bb global_colors_info=\u00bb{}\u00bb][et_pb_column type=\u00bb1_2&#8243; _builder_version=\u00bb4.27.4&#8243; custom_padding=\u00bb|||\u00bb global_colors_info=\u00bb{}\u00bb custom_padding__hover=\u00bb|||\u00bb][et_pb_text _builder_version=\u00bb4.27.4&#8243; _module_preset=\u00bbdefault\u00bb custom_margin=\u00bb||8px|||\u00bb global_colors_info=\u00bb{}\u00bb]<\/p>\n<h2>\u00a1Morim y Morot!<\/h2>\n<p><strong><\/strong><\/p>\n<p><strong>\u00bfQuieren convertir las clases de Tanaj y juda\u00edsmo en una experiencia significativa, viva y relevante? \u00a1Est\u00e1n invitados a completar el formulario de inter\u00e9s inicial para un curso innovador y subsidiado!<\/strong><\/p>\n<p><strong>Duraci\u00f3n: 10 semanas, dedicando aprox. una hora por semana.<\/strong><\/p>\n<p><strong>Comienzo del pr\u00f3ximo curso\u00a0 febrero 2026.<\/strong><\/p>\n<p><strong style=\"font-size: 22px;\">Sobre el curso en resumen:<\/strong><strong><\/strong><\/p>\n<p>\u2714 Desarrollo profesional para docentes del area judaica en escuelas de Am\u00e9rica Latina y Espa\u00f1a<\/p>\n<p>\u2714 3 encuentros por Zoom + 6 unidades online + acompa\u00f1amiento de los docentes y sus aulas.<\/p>\n<p>\u2714 M\u00e9todos de ense\u00f1anza innovadores, aprendizaje activo, conexi\u00f3n con la identidad y la tecnolog\u00eda<\/p>\n<p>\u2714 Presentaci\u00f3n de herramientas para la ense\u00f1anza del Tanaj y del \u00e1mbito del juda\u00edsmo<\/p>\n<p>\u2714 Acompa\u00f1amiento cercano durante todo el proceso<\/p>\n<p>\u2714 Apropiado para maestros que trabajan con ni\u00f1os en las edades de 10 a 17<\/p>\n<p>\u2714 Para participar hay que dictar al menos 4 clases y completar informes<\/p>\n<p>\u2714 Costo subsidiado a escuelas de la red escolar jud\u00eda: 400 d\u00f3lares <strong>por escuela<\/strong> (hasta 10 participantes)<\/p>\n<p>&nbsp;<\/p>\n<p>[\/et_pb_text][\/et_pb_column][et_pb_column type=\u00bb1_2&#8243; _builder_version=\u00bb4.16&#8243; custom_padding=\u00bb|||\u00bb global_colors_info=\u00bb{}\u00bb custom_padding__hover=\u00bb|||\u00bb][et_pb_image src=\u00bbhttps:\/\/global.herzog.ac.il\/wp-content\/uploads\/2025\/07\/TIOS-Course.jpg\u00bb title_text=\u00bbTIOS Course\u00bb _builder_version=\u00bb4.27.4&#8243; _module_preset=\u00bbdefault\u00bb global_colors_info=\u00bb{}\u00bb][\/et_pb_image][et_pb_text _builder_version=\u00bb4.27.4&#8243; _module_preset=\u00bbdefault\u00bb global_colors_info=\u00bb{}\u00bb]<\/p>\n<p><em>\u00a1El n\u00famero de lugares es limitado \u2013 ap\u00farense a inscribirse!<\/em><\/p>\n<p style=\"text-align: left;\"><strong>A trav\u00e9s\u00a0 del formulario de registro al pie de la p\u00e1gina.<\/strong><\/p>\n<p>Para m\u00e1s informaci\u00f3n: shmuelko@herzog.ac.il<\/p>\n<p>[\/et_pb_text][\/et_pb_column][\/et_pb_row][et_pb_row _builder_version=\u00bb4.27.4&#8243; _module_preset=\u00bbdefault\u00bb custom_padding=\u00bb5px|||||\u00bb global_colors_info=\u00bb{}\u00bb][et_pb_column type=\u00bb4_4&#8243; _builder_version=\u00bb4.27.4&#8243; _module_preset=\u00bbdefault\u00bb global_colors_info=\u00bb{}\u00bb][et_pb_heading title=\u00bb\u00bfQu\u00e9 incluye el programa?\u00bb _builder_version=\u00bb4.27.4&#8243; _module_preset=\u00bbdefault\u00bb title_font=\u00bb|700|||||||\u00bb title_text_align=\u00bbcenter\u00bb custom_margin=\u00bb||16px|||\u00bb global_colors_info=\u00bb{}\u00bb][\/et_pb_heading][et_pb_text _builder_version=\u00bb4.27.4&#8243; _module_preset=\u00bbdefault\u00bb custom_margin=\u00bb-23px||40px|||\u00bb global_colors_info=\u00bb{}\u00bb]<\/p>\n<p style=\"text-align: center;\"><strong><\/strong><\/p>\n<p style=\"text-align: center;\"><em><strong>Tocar el signo + para ver los contenidos del curso<\/strong><\/em><\/p>\n<p>[\/et_pb_text][et_pb_code _builder_version=\u00bb4.27.4&#8243; _module_preset=\u00bbdefault\u00bb global_colors_info=\u00bb{}\u00bb]<\/p>\n<div style=\"width: 100%;\">\n<div style=\"position: relative; padding-bottom: 24.92%; padding-top: 0; height: 0;\"><iframe loading=\"lazy\" title=\"\u05de\u05d1\u05e0\u05d4 \u05d4\u05e7\u05d5\u05e8\u05e1 \u05d1\u05e1\u05e4\u05e8\u05d3\u05d9\u05ea\" frameborder=\"0\" width=\"1200\" height=\"299\" style=\"position: absolute; top: 0; left: 0; width: 100%; height: 100%;\" src=\"https:\/\/view.genially.com\/681c9888dff7abac6eb71ebd\" type=\"text\/html\" allowscriptaccess=\"always\" allowfullscreen=\"true\" scrolling=\"yes\" allownetworking=\"all\"><\/iframe> <\/div>\n<\/p><\/div>\n<p>[\/et_pb_code][et_pb_heading title=\u00bbRegistro\u00bb _builder_version=\u00bb4.27.4&#8243; _module_preset=\u00bbdefault\u00bb title_font=\u00bb|700|||||||\u00bb title_text_align=\u00bbcenter\u00bb custom_margin=\u00bb||16px|||\u00bb global_colors_info=\u00bb{}\u00bb][\/et_pb_heading][et_pb_text _builder_version=\u00bb4.27.4&#8243; _module_preset=\u00bbdefault\u00bb min_height=\u00bb439.6px\u00bb custom_margin=\u00bb22px||40px|||\u00bb hover_enabled=\u00bb0&#8243; global_colors_info=\u00bb{}\u00bb sticky_enabled=\u00bb0&#8243;]<\/p>\n<p><strong><div id=\"quform-fe8822\" class=\"quform quform-36 quform-support-page-caching\"><form id=\"quform-form-fe8822\" class=\"quform-form quform-form-36\" action=\"\/es\/wp-json\/wp\/v2\/pages\/66542#quform-fe8822\" method=\"post\" enctype=\"multipart\/form-data\" novalidate=\"novalidate\" data-options=\"{&quot;id&quot;:36,&quot;uniqueId&quot;:&quot;fe8822&quot;,&quot;theme&quot;:&quot;&quot;,&quot;ajax&quot;:true,&quot;logic&quot;:{&quot;logic&quot;:[],&quot;dependents&quot;:[],&quot;elementIds&quot;:[],&quot;dependentElementIds&quot;:[],&quot;animate&quot;:true},&quot;currentPageId&quot;:1,&quot;errorsIcon&quot;:&quot;&quot;,&quot;updateFancybox&quot;:true,&quot;hasPages&quot;:false,&quot;pages&quot;:[1],&quot;pageProgressType&quot;:&quot;numbers&quot;,&quot;tooltipsEnabled&quot;:true,&quot;tooltipClasses&quot;:&quot;qtip-quform-dark qtip-shadow&quot;,&quot;tooltipMy&quot;:&quot;left center&quot;,&quot;tooltipAt&quot;:&quot;right center&quot;,&quot;isRtl&quot;:false,&quot;scrollOffset&quot;:-50,&quot;scrollSpeed&quot;:800}\"><button class=\"quform-default-submit\" name=\"quform_submit\" type=\"submit\" value=\"submit\" aria-hidden=\"true\" tabindex=\"-1\"><\/button><div class=\"quform-form-inner quform-form-inner-36\"><input type=\"hidden\" name=\"quform_form_id\" value=\"36\" \/><input type=\"hidden\" name=\"quform_form_uid\" value=\"fe8822\" \/><input type=\"hidden\" name=\"quform_count\" value=\"1\" \/><input type=\"hidden\" name=\"form_url\" value=\"https:\/\/global.herzog.ac.il\/es\/wp-json\/wp\/v2\/pages\/66542\" \/><input type=\"hidden\" name=\"referring_url\" value=\"\" \/><input type=\"hidden\" name=\"post_id\" value=\"\" \/><input type=\"hidden\" name=\"post_title\" value=\"\" \/><input type=\"hidden\" name=\"quform_current_page_id\" value=\"1\" \/><input type=\"hidden\" name=\"quform_loaded\" value=\"1777054200|158535e4e046ef3bcf81021dd95e71eb\" \/><input type=\"hidden\" name=\"quform_csrf_token\" value=\"RuOj5iNJahjvv04uMMdPg1c1nyKwEXNaCeZ35DSD\" \/><div class=\"quform-form-title-description\"><h2 class=\"quform-form-title\">Reg\u00edstrese hoy <\/h2><\/div><div class=\"quform-elements quform-elements-36 quform-cf quform-responsive-elements-phone-landscape\"><div class=\"quform-element quform-element-page quform-page-1 quform-page-36_1 quform-cf quform-group-style-plain quform-first-page quform-last-page quform-current-page\"><div class=\"quform-child-elements\"><div class=\"quform-element quform-element-html quform-element-36_3 quform-cf\"><div class=\"quform-spacer\"><p style=\"text-align: left;\">Env\u00eda este formulario y revisaremos tu solicitud.<\/p><\/div><\/div><div class=\"quform-element quform-element-row quform-element-row-36_13 quform-2-columns quform-element-row-size-fixed quform-responsive-columns-phone-landscape\"><div class=\"quform-element quform-element-column quform-element-36_14\"><div class=\"quform-element quform-element-text quform-element-36_4 quform-cf quform-labels-inside quform-element-required\"><div class=\"quform-spacer\"><div class=\"quform-label quform-label-36_4\"><label class=\"quform-label-text\" for=\"quform_36_4_fe8822\">Nombre<span class=\"quform-required\">*<\/span><\/label><\/div><div class=\"quform-inner quform-inner-text quform-inner-36_4\"><div class=\"quform-input quform-input-text quform-input-36_4 quform-cf\"><input type=\"text\" id=\"quform_36_4_fe8822\" name=\"quform_36_4\" class=\"quform-field quform-field-text quform-field-36_4\" \/><\/div><\/div><\/div><\/div><\/div><div class=\"quform-element quform-element-column quform-element-36_15\"><div class=\"quform-element quform-element-text quform-element-36_16 quform-cf quform-labels-inside quform-element-required\"><div class=\"quform-spacer\"><div class=\"quform-label quform-label-36_16\"><label class=\"quform-label-text\" for=\"quform_36_16_fe8822\">Apellido<span class=\"quform-required\">*<\/span><\/label><\/div><div class=\"quform-inner quform-inner-text quform-inner-36_16\"><div class=\"quform-input quform-input-text quform-input-36_16 quform-cf\"><input type=\"text\" id=\"quform_36_16_fe8822\" name=\"quform_36_16\" class=\"quform-field quform-field-text quform-field-36_16\" \/><\/div><\/div><\/div><\/div><\/div><\/div><div class=\"quform-element quform-element-row quform-element-row-36_25 quform-2-columns quform-element-row-size-fixed quform-responsive-columns-phone-landscape\"><div class=\"quform-element quform-element-column quform-element-36_26\"><div class=\"quform-element quform-element-email quform-element-36_5 quform-cf quform-labels-inside quform-element-required\"><div class=\"quform-spacer\"><div class=\"quform-label quform-label-36_5\"><label class=\"quform-label-text\" for=\"quform_36_5_fe8822\">Email<span class=\"quform-required\">*<\/span><\/label><\/div><div class=\"quform-inner quform-inner-email quform-inner-36_5\"><div class=\"quform-input quform-input-email quform-input-36_5 quform-cf\"><input type=\"email\" id=\"quform_36_5_fe8822\" name=\"quform_36_5\" class=\"quform-field quform-field-email quform-field-36_5\" \/><\/div><\/div><\/div><\/div><\/div><div class=\"quform-element quform-element-column quform-element-36_27\"><div class=\"quform-element quform-element-text quform-element-36_6 quform-cf quform-labels-inside quform-element-required\"><div class=\"quform-spacer\"><div class=\"quform-label quform-label-36_6\"><label class=\"quform-label-text\" for=\"quform_36_6_fe8822\">N\u00famero de Whatsapp<span class=\"quform-required\">*<\/span><\/label><\/div><div class=\"quform-inner quform-inner-text quform-inner-36_6\"><div class=\"quform-input quform-input-text quform-input-36_6 quform-cf\"><input type=\"text\" id=\"quform_36_6_fe8822\" name=\"quform_36_6\" class=\"quform-field quform-field-text quform-field-36_6\" \/><\/div><\/div><\/div><\/div><\/div><\/div><div class=\"quform-element quform-element-row quform-element-row-36_51 quform-2-columns quform-element-row-size-fixed quform-responsive-columns-phone-landscape\"><div class=\"quform-element quform-element-column quform-element-36_52\"><div class=\"quform-element quform-element-text quform-element-36_57 quform-cf quform-labels-inside quform-element-required\"><div class=\"quform-spacer\"><div class=\"quform-label quform-label-36_57\"><label class=\"quform-label-text\" for=\"quform_36_57_fe8822\">Escuela<span class=\"quform-required\">*<\/span><\/label><\/div><div class=\"quform-inner quform-inner-text quform-inner-36_57\"><div class=\"quform-input quform-input-text quform-input-36_57 quform-cf\"><input type=\"text\" id=\"quform_36_57_fe8822\" name=\"quform_36_57\" class=\"quform-field quform-field-text quform-field-36_57\" \/><\/div><\/div><\/div><\/div><\/div><div class=\"quform-element quform-element-column quform-element-36_54\"><div class=\"quform-element quform-element-text quform-element-36_8 quform-cf quform-labels-inside quform-element-required\"><div class=\"quform-spacer\"><div class=\"quform-label quform-label-36_8\"><label class=\"quform-label-text\" for=\"quform_36_8_fe8822\">Ciudad<span class=\"quform-required\">*<\/span><\/label><\/div><div class=\"quform-inner quform-inner-text quform-inner-36_8\"><div class=\"quform-input quform-input-text quform-input-36_8 quform-cf\"><input type=\"text\" id=\"quform_36_8_fe8822\" name=\"quform_36_8\" class=\"quform-field quform-field-text quform-field-36_8\" \/><\/div><\/div><\/div><\/div><\/div><\/div><div class=\"quform-element quform-element-text quform-element-36_56 quform-cf quform-labels-inside quform-element-required\"><div class=\"quform-spacer\"><div class=\"quform-label quform-label-36_56\"><label class=\"quform-label-text\" for=\"quform_36_56_fe8822\">Funci\u00f3n<span class=\"quform-required\">*<\/span><\/label><\/div><div class=\"quform-inner quform-inner-text quform-inner-36_56\"><div class=\"quform-input quform-input-text quform-input-36_56 quform-cf\"><input type=\"text\" id=\"quform_36_56_fe8822\" name=\"quform_36_56\" class=\"quform-field quform-field-text quform-field-36_56\" \/><\/div><\/div><\/div><\/div><div class=\"quform-element quform-element-submit quform-element-36_2 quform-cf quform-button-style-theme\"><div class=\"quform-button-submit quform-button-submit-default quform-button-submit-36_2\"><button name=\"quform_submit\" type=\"submit\" class=\"quform-submit\" value=\"submit\"><span class=\"quform-button-text quform-button-submit-text\">Enviar formulario<\/span><\/button><\/div><div class=\"quform-loading quform-loading-position-left quform-loading-type-spinner-1\"><div class=\"quform-loading-inner\"><div class=\"quform-loading-spinner\"><div class=\"quform-loading-spinner-inner\"><\/div><\/div><\/div><\/div><\/div><div class=\"quform-element quform-element-textarea quform-element-36_218607 quform-sr-only quform-cf\" style=\"clip: rect(1px, 1px, 1px, 1px); clip-path: inset(50%); position: absolute !important; height: 1px; width: 1px; overflow: hidden;\"><div class=\"quform-spacer\"><div class=\"quform-label quform-label-36_218607\"><label class=\"quform-label-text\" for=\"quform_36_218607_fe8822\">Email<span class=\"quform-required\">*<\/span><\/label><\/div><div class=\"quform-inner quform-inner-36_218607\"><textarea id=\"quform_36_218607_fe8822\" name=\"quform_36_218607\" class=\"quform-field quform-field-textarea quform-field-36_218607\" tabindex=\"-1\" autocomplete=\"new-password\"><\/textarea><\/div><\/div><\/div><\/div><\/div><\/div><\/div><\/form><\/div><\/strong><\/p>\n<p>[\/et_pb_text][\/et_pb_column][\/et_pb_row][\/et_pb_section]<\/p>\n","protected":false},"excerpt":{"rendered":"<p>\u00a0 Ense\u00f1ar Tanaj y juda\u00edsmo en forma vivencial y con significado Programa de capacitaci\u00f3n para escuelas jud\u00edas\u00a1Morim y Morot! \u00bfQuieren convertir las clases de Tanaj y juda\u00edsmo en una experiencia significativa, viva y relevante? \u00a1Est\u00e1n invitados a completar el formulario de inter\u00e9s inicial para un curso innovador y subsidiado! Duraci\u00f3n: 10 semanas, dedicando aprox. una [&hellip;]<\/p>\n","protected":false},"author":6,"featured_media":0,"parent":0,"menu_order":0,"comment_status":"closed","ping_status":"closed","template":"","meta":{"_acf_changed":false,"_et_pb_use_builder":"on","_et_pb_old_content":"","_et_gb_content_width":"","_monsterinsights_skip_tracking":false,"_monsterinsights_sitenote_active":false,"_monsterinsights_sitenote_note":"","_monsterinsights_sitenote_category":0,"footnotes":""},"class_list":["post-66542","page","type-page","status-publish","hentry"],"acf":[],"yoast_head":"<!-- This site is optimized with the Yoast SEO plugin v27.4 - https:\/\/yoast.com\/product\/yoast-seo-wordpress\/ -->\n<title>TIOS - Herzog College<\/title>\n<meta name=\"description\" content=\"El Tanaj es nuestra historia - Programa de capacitaci\u00f3n para escuelas jud\u00edas\" \/>\n<meta name=\"robots\" content=\"noindex, nofollow\" \/>\n<meta property=\"og:locale\" content=\"es_ES\" \/>\n<meta property=\"og:type\" content=\"article\" \/>\n<meta property=\"og:title\" content=\"TIOS - Herzog College\" \/>\n<meta property=\"og:description\" content=\"El Tanaj es nuestra historia - Programa de capacitaci\u00f3n para escuelas jud\u00edas\" \/>\n<meta property=\"og:site_name\" content=\"Herzog College\" \/>\n<meta property=\"article:modified_time\" content=\"2025-11-09T08:29:11+00:00\" \/>\n<meta name=\"twitter:card\" content=\"summary_large_image\" \/>\n<meta name=\"twitter:label1\" content=\"Tiempo de lectura\" \/>\n\t<meta name=\"twitter:data1\" content=\"2 minutos\" \/>\n<script type=\"application\/ld+json\" class=\"yoast-schema-graph\">{\"@context\":\"https:\\\/\\\/schema.org\",\"@graph\":[{\"@type\":\"WebPage\",\"@id\":\"https:\\\/\\\/global.herzog.ac.il\\\/es\\\/tios\\\/\",\"url\":\"https:\\\/\\\/global.herzog.ac.il\\\/es\\\/tios\\\/\",\"name\":\"TIOS - Herzog College\",\"isPartOf\":{\"@id\":\"https:\\\/\\\/global.herzog.ac.il\\\/#website\"},\"datePublished\":\"2025-02-13T13:24:43+00:00\",\"dateModified\":\"2025-11-09T08:29:11+00:00\",\"description\":\"El Tanaj es nuestra historia - Programa de capacitaci\u00f3n para escuelas jud\u00edas\",\"breadcrumb\":{\"@id\":\"https:\\\/\\\/global.herzog.ac.il\\\/es\\\/tios\\\/#breadcrumb\"},\"inLanguage\":\"es\",\"potentialAction\":[{\"@type\":\"ReadAction\",\"target\":[\"https:\\\/\\\/global.herzog.ac.il\\\/es\\\/tios\\\/\"]}]},{\"@type\":\"BreadcrumbList\",\"@id\":\"https:\\\/\\\/global.herzog.ac.il\\\/es\\\/tios\\\/#breadcrumb\",\"itemListElement\":[{\"@type\":\"ListItem\",\"position\":1,\"name\":\"Home\",\"item\":\"https:\\\/\\\/global.herzog.ac.il\\\/\"},{\"@type\":\"ListItem\",\"position\":2,\"name\":\"TIOS\"}]},{\"@type\":\"WebSite\",\"@id\":\"https:\\\/\\\/global.herzog.ac.il\\\/#website\",\"url\":\"https:\\\/\\\/global.herzog.ac.il\\\/\",\"name\":\"Herzog College\",\"description\":\"Empowering Jewish Education\",\"publisher\":{\"@id\":\"https:\\\/\\\/global.herzog.ac.il\\\/#organization\"},\"potentialAction\":[{\"@type\":\"SearchAction\",\"target\":{\"@type\":\"EntryPoint\",\"urlTemplate\":\"https:\\\/\\\/global.herzog.ac.il\\\/?s={search_term_string}\"},\"query-input\":{\"@type\":\"PropertyValueSpecification\",\"valueRequired\":true,\"valueName\":\"search_term_string\"}}],\"inLanguage\":\"es\"},{\"@type\":\"Organization\",\"@id\":\"https:\\\/\\\/global.herzog.ac.il\\\/#organization\",\"name\":\"Herzog College Global Courses\",\"url\":\"https:\\\/\\\/global.herzog.ac.il\\\/\",\"logo\":{\"@type\":\"ImageObject\",\"inLanguage\":\"es\",\"@id\":\"https:\\\/\\\/global.herzog.ac.il\\\/#\\\/schema\\\/logo\\\/image\\\/\",\"url\":\"https:\\\/\\\/global.herzog.ac.il\\\/wp-content\\\/uploads\\\/2021\\\/12\\\/logo-herzog-bg.jpg\",\"contentUrl\":\"https:\\\/\\\/global.herzog.ac.il\\\/wp-content\\\/uploads\\\/2021\\\/12\\\/logo-herzog-bg.jpg\",\"width\":410,\"height\":110,\"caption\":\"Herzog College Global Courses\"},\"image\":{\"@id\":\"https:\\\/\\\/global.herzog.ac.il\\\/#\\\/schema\\\/logo\\\/image\\\/\"}}]}<\/script>\n<!-- \/ Yoast SEO plugin. -->","yoast_head_json":{"title":"TIOS - Herzog College","description":"El Tanaj es nuestra historia - Programa de capacitaci\u00f3n para escuelas jud\u00edas","robots":{"index":"noindex","follow":"nofollow"},"og_locale":"es_ES","og_type":"article","og_title":"TIOS - Herzog College","og_description":"El Tanaj es nuestra historia - Programa de capacitaci\u00f3n para escuelas jud\u00edas","og_site_name":"Herzog College","article_modified_time":"2025-11-09T08:29:11+00:00","twitter_card":"summary_large_image","twitter_misc":{"Tiempo de lectura":"2 minutos"},"schema":{"@context":"https:\/\/schema.org","@graph":[{"@type":"WebPage","@id":"https:\/\/global.herzog.ac.il\/es\/tios\/","url":"https:\/\/global.herzog.ac.il\/es\/tios\/","name":"TIOS - Herzog College","isPartOf":{"@id":"https:\/\/global.herzog.ac.il\/#website"},"datePublished":"2025-02-13T13:24:43+00:00","dateModified":"2025-11-09T08:29:11+00:00","description":"El Tanaj es nuestra historia - Programa de capacitaci\u00f3n para escuelas jud\u00edas","breadcrumb":{"@id":"https:\/\/global.herzog.ac.il\/es\/tios\/#breadcrumb"},"inLanguage":"es","potentialAction":[{"@type":"ReadAction","target":["https:\/\/global.herzog.ac.il\/es\/tios\/"]}]},{"@type":"BreadcrumbList","@id":"https:\/\/global.herzog.ac.il\/es\/tios\/#breadcrumb","itemListElement":[{"@type":"ListItem","position":1,"name":"Home","item":"https:\/\/global.herzog.ac.il\/"},{"@type":"ListItem","position":2,"name":"TIOS"}]},{"@type":"WebSite","@id":"https:\/\/global.herzog.ac.il\/#website","url":"https:\/\/global.herzog.ac.il\/","name":"Herzog College","description":"Empowering Jewish Education","publisher":{"@id":"https:\/\/global.herzog.ac.il\/#organization"},"potentialAction":[{"@type":"SearchAction","target":{"@type":"EntryPoint","urlTemplate":"https:\/\/global.herzog.ac.il\/?s={search_term_string}"},"query-input":{"@type":"PropertyValueSpecification","valueRequired":true,"valueName":"search_term_string"}}],"inLanguage":"es"},{"@type":"Organization","@id":"https:\/\/global.herzog.ac.il\/#organization","name":"Herzog College Global Courses","url":"https:\/\/global.herzog.ac.il\/","logo":{"@type":"ImageObject","inLanguage":"es","@id":"https:\/\/global.herzog.ac.il\/#\/schema\/logo\/image\/","url":"https:\/\/global.herzog.ac.il\/wp-content\/uploads\/2021\/12\/logo-herzog-bg.jpg","contentUrl":"https:\/\/global.herzog.ac.il\/wp-content\/uploads\/2021\/12\/logo-herzog-bg.jpg","width":410,"height":110,"caption":"Herzog College Global Courses"},"image":{"@id":"https:\/\/global.herzog.ac.il\/#\/schema\/logo\/image\/"}}]}},"_links":{"self":[{"href":"https:\/\/global.herzog.ac.il\/es\/wp-json\/wp\/v2\/pages\/66542","targetHints":{"allow":["GET"]}}],"collection":[{"href":"https:\/\/global.herzog.ac.il\/es\/wp-json\/wp\/v2\/pages"}],"about":[{"href":"https:\/\/global.herzog.ac.il\/es\/wp-json\/wp\/v2\/types\/page"}],"author":[{"embeddable":true,"href":"https:\/\/global.herzog.ac.il\/es\/wp-json\/wp\/v2\/users\/6"}],"replies":[{"embeddable":true,"href":"https:\/\/global.herzog.ac.il\/es\/wp-json\/wp\/v2\/comments?post=66542"}],"version-history":[{"count":40,"href":"https:\/\/global.herzog.ac.il\/es\/wp-json\/wp\/v2\/pages\/66542\/revisions"}],"predecessor-version":[{"id":68611,"href":"https:\/\/global.herzog.ac.il\/es\/wp-json\/wp\/v2\/pages\/66542\/revisions\/68611"}],"wp:attachment":[{"href":"https:\/\/global.herzog.ac.il\/es\/wp-json\/wp\/v2\/media?parent=66542"}],"curies":[{"name":"wp","href":"https:\/\/api.w.org\/{rel}","templated":true}]}}