{"id":53671,"date":"2022-03-28T18:15:59","date_gmt":"2022-03-28T18:15:59","guid":{"rendered":"https:\/\/global.herzog.ac.il\/?post_type=product&#038;p=53671"},"modified":"2023-12-19T16:00:12","modified_gmt":"2023-12-19T16:00:12","slug":"continuidad-del-tanaj","status":"publish","type":"product","link":"https:\/\/global.herzog.ac.il\/es\/product\/continuidad-del-tanaj\/","title":{"rendered":"La continuidad del Tanaj"},"content":{"rendered":"<p>[et_pb_section fb_built=\u00bb1&#8243; _builder_version=\u00bb4.16&#8243; custom_padding=\u00bb0px||||false|false\u00bb global_colors_info=\u00bb{}\u00bb][et_pb_row _builder_version=\u00bb4.16&#8243; background_size=\u00bbinitial\u00bb background_position=\u00bbtop_left\u00bb background_repeat=\u00bbrepeat\u00bb width=\u00bb100%\u00bb custom_padding=\u00bb0px||0px||false|false\u00bb global_colors_info=\u00bb{}\u00bb][et_pb_column type=\u00bb4_4&#8243; _builder_version=\u00bb4.16&#8243; custom_padding=\u00bb|||\u00bb global_colors_info=\u00bb{}\u00bb custom_padding__hover=\u00bb|||\u00bb][et_pb_wc_breadcrumb _builder_version=\u00bb4.16&#8243; global_colors_info=\u00bb{}\u00bb][\/et_pb_wc_breadcrumb][et_pb_wc_cart_notice _builder_version=\u00bb4.16&#8243; global_colors_info=\u00bb{}\u00bb][\/et_pb_wc_cart_notice][\/et_pb_column][\/et_pb_row][et_pb_row column_structure=\u00bb1_2,1_2&#8243; _builder_version=\u00bb4.16&#8243; background_size=\u00bbinitial\u00bb background_position=\u00bbtop_left\u00bb background_repeat=\u00bbrepeat\u00bb width=\u00bb100%\u00bb custom_padding=\u00bb0px||||false|false\u00bb global_colors_info=\u00bb{}\u00bb][et_pb_column type=\u00bb1_2&#8243; _builder_version=\u00bb4.16&#8243; custom_padding=\u00bb|||\u00bb global_colors_info=\u00bb{}\u00bb custom_padding__hover=\u00bb|||\u00bb][et_pb_wc_images _builder_version=\u00bb4.16&#8243; global_colors_info=\u00bb{}\u00bb][\/et_pb_wc_images][\/et_pb_column][et_pb_column type=\u00bb1_2&#8243; _builder_version=\u00bb4.16&#8243; custom_padding=\u00bb|||\u00bb global_colors_info=\u00bb{}\u00bb custom_padding__hover=\u00bb|||\u00bb][et_pb_wc_title _builder_version=\u00bb4.16&#8243; global_colors_info=\u00bb{}\u00bb][\/et_pb_wc_title][et_pb_wc_rating _builder_version=\u00bb4.16.0&#8243; global_colors_info=\u00bb{}\u00bb][\/et_pb_wc_rating][et_pb_wc_price _builder_version=\u00bb4.16.0&#8243; global_colors_info=\u00bb{}\u00bb][\/et_pb_wc_price][et_pb_wc_description _builder_version=\u00bb4.16.0&#8243; global_colors_info=\u00bb{}\u00bb][\/et_pb_wc_description][et_pb_wc_add_to_cart _builder_version=\u00bb4.16.0&#8243; global_colors_info=\u00bb{}\u00bb][\/et_pb_wc_add_to_cart][et_pb_wc_meta _builder_version=\u00bb4.16.0&#8243; global_colors_info=\u00bb{}\u00bb][\/et_pb_wc_meta][\/et_pb_column][\/et_pb_row][et_pb_row _builder_version=\u00bb4.16&#8243; background_size=\u00bbinitial\u00bb background_position=\u00bbtop_left\u00bb background_repeat=\u00bbrepeat\u00bb width=\u00bb100%\u00bb global_colors_info=\u00bb{}\u00bb][et_pb_column type=\u00bb4_4&#8243; _builder_version=\u00bb4.16&#8243; custom_padding=\u00bb|||\u00bb global_colors_info=\u00bb{}\u00bb custom_padding__hover=\u00bb|||\u00bb][et_pb_wc_tabs _builder_version=\u00bb4.16&#8243; global_colors_info=\u00bb{}\u00bb] [\/et_pb_wc_tabs][et_pb_wc_upsells _builder_version=\u00bb4.16&#8243; global_colors_info=\u00bb{}\u00bb][\/et_pb_wc_upsells][et_pb_wc_related_products _builder_version=\u00bb4.16&#8243; global_colors_info=\u00bb{}\u00bb][\/et_pb_wc_related_products][\/et_pb_column][\/et_pb_row][\/et_pb_section]<\/p>\n","protected":false},"excerpt":{"rendered":"<p>Valores b\u00e1sicos que se aprender\u00e1n durante el curso: Liderazgo jud\u00edo en Israel y en la di\u00e1spora. Hacer frente a crisis personales, nacionales y sociales. La unidad de Israel. Liderazgo: entre el poder y la grandeza y la humildad. El lugar de Jerusalem y el Templo. Confianza y Fe. La tradici\u00f3n y la Tor\u00e1 como factor que une y preserva al pueblo jud\u00edo.<\/p>\n","protected":false},"featured_media":53727,"template":"","meta":{"_acf_changed":false,"_et_pb_use_builder":"on","_et_pb_old_content":"<img class=\"size-medium wp-image-53727 alignleft\" src=\"https:\/\/global.herzog.ac.il\/wp-content\/uploads\/2022\/03\/2-300x300.png\" alt=\"La continuidad del Tanaj\" width=\"300\" height=\"300\" \/>El objetivo del curso es proporcionar conocimientos y visi\u00f3n b\u00e1sicos y alentar al estudiante a continuar profundizando su comprensi\u00f3n de los eventos y valores.\r\n\r\n1. Abraham pionerismo, devoci\u00f3n y bondad\r\n\r\n2. Yaakov lidiar con la crisis, con luchas de dolor y victoria (Yaakov-Israel).\r\n\r\n3. Liderazgo y humildad de Moshe\r\n\r\n4. Yehoshua y la Tierra de Israel, asentamiento y conquista de la tierra\r\n\r\n5. Deborah justicia y union en Israel\r\n\r\n6. Shmuel David y Shlomo, Jerusalem y el templo\r\n\r\n7. Eliahu El celo y la tensi\u00f3n entre un rey y un profeta (Ajab) un rey malvado\r\n\r\n8. Jizkiahu - Irmiahu, Jerusalem - destrucci\u00f3n del templo\r\n\r\n9. Ezra y Ester regresan a Tzion y la preservaci\u00f3n de la herencia y la tradici\u00f3n. Ester y identidad jud\u00eda, el odio a Israel, el liderazgo de la vida en la di\u00e1spora.","_et_gb_content_width":"","_monsterinsights_skip_tracking":false,"_monsterinsights_sitenote_active":false,"_monsterinsights_sitenote_note":"","_monsterinsights_sitenote_category":0},"product_brand":[],"product_cat":[91,137],"product_tag":[],"class_list":{"0":"post-53671","1":"product","2":"type-product","3":"status-publish","4":"has-post-thumbnail","6":"product_cat-spanish","7":"product_cat-spanish2024","9":"first","10":"instock","11":"shipping-taxable","12":"product-type-simple"},"acf":[],"yoast_head":"<!-- This site is optimized with the Yoast SEO plugin v27.3 - https:\/\/yoast.com\/product\/yoast-seo-wordpress\/ -->\n<title>La continuidad del Tanaj - Herzog College<\/title>\n<meta name=\"description\" content=\"Valores b\u00e1sicos que se aprender\u00e1n durante el curso: Liderazgo jud\u00edo en Israel y en la di\u00e1spora. Hacer frente a crisis personales, nacionales y sociales. La unidad de Israel. Liderazgo: entre el poder y la grandeza y la humildad. El lugar de Jerusalem y el Templo. Confianza y Fe. La tradici\u00f3n y la Tor\u00e1 como factor que une y preserva al pueblo jud\u00edo.\" \/>\n<meta name=\"robots\" content=\"index, follow, max-snippet:-1, max-image-preview:large, max-video-preview:-1\" \/>\n<link rel=\"canonical\" href=\"https:\/\/global.herzog.ac.il\/es\/product\/continuidad-del-tanaj\/\" \/>\n<meta property=\"og:locale\" content=\"es_ES\" \/>\n<meta property=\"og:type\" content=\"article\" \/>\n<meta property=\"og:title\" content=\"La continuidad del Tanaj - Herzog College\" \/>\n<meta property=\"og:description\" content=\"Valores b\u00e1sicos que se aprender\u00e1n durante el curso: Liderazgo jud\u00edo en Israel y en la di\u00e1spora. Hacer frente a crisis personales, nacionales y sociales. La unidad de Israel. Liderazgo: entre el poder y la grandeza y la humildad. El lugar de Jerusalem y el Templo. Confianza y Fe. La tradici\u00f3n y la Tor\u00e1 como factor que une y preserva al pueblo jud\u00edo.\" \/>\n<meta property=\"og:site_name\" content=\"Herzog College\" \/>\n<meta property=\"article:modified_time\" content=\"2023-12-19T16:00:12+00:00\" \/>\n<meta property=\"og:image\" content=\"https:\/\/global.herzog.ac.il\/wp-content\/uploads\/2022\/03\/2.png\" \/>\n\t<meta property=\"og:image:width\" content=\"600\" \/>\n\t<meta property=\"og:image:height\" content=\"600\" \/>\n\t<meta property=\"og:image:type\" content=\"image\/png\" \/>\n<meta name=\"twitter:card\" content=\"summary_large_image\" \/>\n<meta name=\"twitter:label1\" content=\"Tiempo de lectura\" \/>\n\t<meta name=\"twitter:data1\" content=\"4 minutos\" \/>\n<script type=\"application\/ld+json\" class=\"yoast-schema-graph\">{\"@context\":\"https:\\\/\\\/schema.org\",\"@graph\":[{\"@type\":\"WebPage\",\"@id\":\"https:\\\/\\\/global.herzog.ac.il\\\/es\\\/product\\\/continuidad-del-tanaj\\\/\",\"url\":\"https:\\\/\\\/global.herzog.ac.il\\\/es\\\/product\\\/continuidad-del-tanaj\\\/\",\"name\":\"La continuidad del Tanaj - Herzog College\",\"isPartOf\":{\"@id\":\"https:\\\/\\\/global.herzog.ac.il\\\/#website\"},\"primaryImageOfPage\":{\"@id\":\"https:\\\/\\\/global.herzog.ac.il\\\/es\\\/product\\\/continuidad-del-tanaj\\\/#primaryimage\"},\"image\":{\"@id\":\"https:\\\/\\\/global.herzog.ac.il\\\/es\\\/product\\\/continuidad-del-tanaj\\\/#primaryimage\"},\"thumbnailUrl\":\"https:\\\/\\\/global.herzog.ac.il\\\/wp-content\\\/uploads\\\/2022\\\/03\\\/2.png\",\"datePublished\":\"2022-03-28T18:15:59+00:00\",\"dateModified\":\"2023-12-19T16:00:12+00:00\",\"description\":\"Valores b\u00e1sicos que se aprender\u00e1n durante el curso: Liderazgo jud\u00edo en Israel y en la di\u00e1spora. Hacer frente a crisis personales, nacionales y sociales. La unidad de Israel. Liderazgo: entre el poder y la grandeza y la humildad. El lugar de Jerusalem y el Templo. Confianza y Fe. La tradici\u00f3n y la Tor\u00e1 como factor que une y preserva al pueblo jud\u00edo.\",\"breadcrumb\":{\"@id\":\"https:\\\/\\\/global.herzog.ac.il\\\/es\\\/product\\\/continuidad-del-tanaj\\\/#breadcrumb\"},\"inLanguage\":\"es\",\"potentialAction\":[{\"@type\":\"ReadAction\",\"target\":[\"https:\\\/\\\/global.herzog.ac.il\\\/es\\\/product\\\/continuidad-del-tanaj\\\/\"]}]},{\"@type\":\"ImageObject\",\"inLanguage\":\"es\",\"@id\":\"https:\\\/\\\/global.herzog.ac.il\\\/es\\\/product\\\/continuidad-del-tanaj\\\/#primaryimage\",\"url\":\"https:\\\/\\\/global.herzog.ac.il\\\/wp-content\\\/uploads\\\/2022\\\/03\\\/2.png\",\"contentUrl\":\"https:\\\/\\\/global.herzog.ac.il\\\/wp-content\\\/uploads\\\/2022\\\/03\\\/2.png\",\"width\":600,\"height\":600,\"caption\":\"La continuidad del Tanaj\"},{\"@type\":\"BreadcrumbList\",\"@id\":\"https:\\\/\\\/global.herzog.ac.il\\\/es\\\/product\\\/continuidad-del-tanaj\\\/#breadcrumb\",\"itemListElement\":[{\"@type\":\"ListItem\",\"position\":1,\"name\":\"Home\",\"item\":\"https:\\\/\\\/global.herzog.ac.il\\\/\"},{\"@type\":\"ListItem\",\"position\":2,\"name\":\"Recursos digitales\",\"item\":\"https:\\\/\\\/global.herzog.ac.il\\\/es\\\/recursos-educativos\\\/\"},{\"@type\":\"ListItem\",\"position\":3,\"name\":\"La continuidad del Tanaj\"}]},{\"@type\":\"WebSite\",\"@id\":\"https:\\\/\\\/global.herzog.ac.il\\\/#website\",\"url\":\"https:\\\/\\\/global.herzog.ac.il\\\/\",\"name\":\"Herzog College\",\"description\":\"Empowering Jewish Education\",\"publisher\":{\"@id\":\"https:\\\/\\\/global.herzog.ac.il\\\/#organization\"},\"potentialAction\":[{\"@type\":\"SearchAction\",\"target\":{\"@type\":\"EntryPoint\",\"urlTemplate\":\"https:\\\/\\\/global.herzog.ac.il\\\/?s={search_term_string}\"},\"query-input\":{\"@type\":\"PropertyValueSpecification\",\"valueRequired\":true,\"valueName\":\"search_term_string\"}}],\"inLanguage\":\"es\"},{\"@type\":\"Organization\",\"@id\":\"https:\\\/\\\/global.herzog.ac.il\\\/#organization\",\"name\":\"Herzog College Global Courses\",\"url\":\"https:\\\/\\\/global.herzog.ac.il\\\/\",\"logo\":{\"@type\":\"ImageObject\",\"inLanguage\":\"es\",\"@id\":\"https:\\\/\\\/global.herzog.ac.il\\\/#\\\/schema\\\/logo\\\/image\\\/\",\"url\":\"https:\\\/\\\/global.herzog.ac.il\\\/wp-content\\\/uploads\\\/2021\\\/12\\\/logo-herzog-bg.jpg\",\"contentUrl\":\"https:\\\/\\\/global.herzog.ac.il\\\/wp-content\\\/uploads\\\/2021\\\/12\\\/logo-herzog-bg.jpg\",\"width\":410,\"height\":110,\"caption\":\"Herzog College Global Courses\"},\"image\":{\"@id\":\"https:\\\/\\\/global.herzog.ac.il\\\/#\\\/schema\\\/logo\\\/image\\\/\"}}]}<\/script>\n<!-- \/ Yoast SEO plugin. -->","yoast_head_json":{"title":"La continuidad del Tanaj - Herzog College","description":"Valores b\u00e1sicos que se aprender\u00e1n durante el curso: Liderazgo jud\u00edo en Israel y en la di\u00e1spora. Hacer frente a crisis personales, nacionales y sociales. La unidad de Israel. Liderazgo: entre el poder y la grandeza y la humildad. El lugar de Jerusalem y el Templo. Confianza y Fe. La tradici\u00f3n y la Tor\u00e1 como factor que une y preserva al pueblo jud\u00edo.","robots":{"index":"index","follow":"follow","max-snippet":"max-snippet:-1","max-image-preview":"max-image-preview:large","max-video-preview":"max-video-preview:-1"},"canonical":"https:\/\/global.herzog.ac.il\/es\/product\/continuidad-del-tanaj\/","og_locale":"es_ES","og_type":"article","og_title":"La continuidad del Tanaj - Herzog College","og_description":"Valores b\u00e1sicos que se aprender\u00e1n durante el curso: Liderazgo jud\u00edo en Israel y en la di\u00e1spora. Hacer frente a crisis personales, nacionales y sociales. La unidad de Israel. Liderazgo: entre el poder y la grandeza y la humildad. El lugar de Jerusalem y el Templo. Confianza y Fe. La tradici\u00f3n y la Tor\u00e1 como factor que une y preserva al pueblo jud\u00edo.","og_site_name":"Herzog College","article_modified_time":"2023-12-19T16:00:12+00:00","og_image":[{"width":600,"height":600,"url":"https:\/\/global.herzog.ac.il\/wp-content\/uploads\/2022\/03\/2.png","type":"image\/png"}],"twitter_card":"summary_large_image","twitter_misc":{"Tiempo de lectura":"4 minutos"},"schema":{"@context":"https:\/\/schema.org","@graph":[{"@type":"WebPage","@id":"https:\/\/global.herzog.ac.il\/es\/product\/continuidad-del-tanaj\/","url":"https:\/\/global.herzog.ac.il\/es\/product\/continuidad-del-tanaj\/","name":"La continuidad del Tanaj - Herzog College","isPartOf":{"@id":"https:\/\/global.herzog.ac.il\/#website"},"primaryImageOfPage":{"@id":"https:\/\/global.herzog.ac.il\/es\/product\/continuidad-del-tanaj\/#primaryimage"},"image":{"@id":"https:\/\/global.herzog.ac.il\/es\/product\/continuidad-del-tanaj\/#primaryimage"},"thumbnailUrl":"https:\/\/global.herzog.ac.il\/wp-content\/uploads\/2022\/03\/2.png","datePublished":"2022-03-28T18:15:59+00:00","dateModified":"2023-12-19T16:00:12+00:00","description":"Valores b\u00e1sicos que se aprender\u00e1n durante el curso: Liderazgo jud\u00edo en Israel y en la di\u00e1spora. Hacer frente a crisis personales, nacionales y sociales. La unidad de Israel. Liderazgo: entre el poder y la grandeza y la humildad. El lugar de Jerusalem y el Templo. Confianza y Fe. La tradici\u00f3n y la Tor\u00e1 como factor que une y preserva al pueblo jud\u00edo.","breadcrumb":{"@id":"https:\/\/global.herzog.ac.il\/es\/product\/continuidad-del-tanaj\/#breadcrumb"},"inLanguage":"es","potentialAction":[{"@type":"ReadAction","target":["https:\/\/global.herzog.ac.il\/es\/product\/continuidad-del-tanaj\/"]}]},{"@type":"ImageObject","inLanguage":"es","@id":"https:\/\/global.herzog.ac.il\/es\/product\/continuidad-del-tanaj\/#primaryimage","url":"https:\/\/global.herzog.ac.il\/wp-content\/uploads\/2022\/03\/2.png","contentUrl":"https:\/\/global.herzog.ac.il\/wp-content\/uploads\/2022\/03\/2.png","width":600,"height":600,"caption":"La continuidad del Tanaj"},{"@type":"BreadcrumbList","@id":"https:\/\/global.herzog.ac.il\/es\/product\/continuidad-del-tanaj\/#breadcrumb","itemListElement":[{"@type":"ListItem","position":1,"name":"Home","item":"https:\/\/global.herzog.ac.il\/"},{"@type":"ListItem","position":2,"name":"Recursos digitales","item":"https:\/\/global.herzog.ac.il\/es\/recursos-educativos\/"},{"@type":"ListItem","position":3,"name":"La continuidad del Tanaj"}]},{"@type":"WebSite","@id":"https:\/\/global.herzog.ac.il\/#website","url":"https:\/\/global.herzog.ac.il\/","name":"Herzog College","description":"Empowering Jewish Education","publisher":{"@id":"https:\/\/global.herzog.ac.il\/#organization"},"potentialAction":[{"@type":"SearchAction","target":{"@type":"EntryPoint","urlTemplate":"https:\/\/global.herzog.ac.il\/?s={search_term_string}"},"query-input":{"@type":"PropertyValueSpecification","valueRequired":true,"valueName":"search_term_string"}}],"inLanguage":"es"},{"@type":"Organization","@id":"https:\/\/global.herzog.ac.il\/#organization","name":"Herzog College Global Courses","url":"https:\/\/global.herzog.ac.il\/","logo":{"@type":"ImageObject","inLanguage":"es","@id":"https:\/\/global.herzog.ac.il\/#\/schema\/logo\/image\/","url":"https:\/\/global.herzog.ac.il\/wp-content\/uploads\/2021\/12\/logo-herzog-bg.jpg","contentUrl":"https:\/\/global.herzog.ac.il\/wp-content\/uploads\/2021\/12\/logo-herzog-bg.jpg","width":410,"height":110,"caption":"Herzog College Global Courses"},"image":{"@id":"https:\/\/global.herzog.ac.il\/#\/schema\/logo\/image\/"}}]}},"thumbnail":"https:\/\/global.herzog.ac.il\/wp-content\/uploads\/2022\/03\/2.png","price_html":"","on_sale":false,"stock_status":"instock","rating_html":"","rating_count":0,"_links":{"self":[{"href":"https:\/\/global.herzog.ac.il\/es\/wp-json\/wp\/v2\/product\/53671","targetHints":{"allow":["GET"]}}],"collection":[{"href":"https:\/\/global.herzog.ac.il\/es\/wp-json\/wp\/v2\/product"}],"about":[{"href":"https:\/\/global.herzog.ac.il\/es\/wp-json\/wp\/v2\/types\/product"}],"wp:featuredmedia":[{"embeddable":true,"href":"https:\/\/global.herzog.ac.il\/es\/wp-json\/wp\/v2\/media\/53727"}],"wp:attachment":[{"href":"https:\/\/global.herzog.ac.il\/es\/wp-json\/wp\/v2\/media?parent=53671"}],"wp:term":[{"taxonomy":"product_brand","embeddable":true,"href":"https:\/\/global.herzog.ac.il\/es\/wp-json\/wp\/v2\/product_brand?post=53671"},{"taxonomy":"product_cat","embeddable":true,"href":"https:\/\/global.herzog.ac.il\/es\/wp-json\/wp\/v2\/product_cat?post=53671"},{"taxonomy":"product_tag","embeddable":true,"href":"https:\/\/global.herzog.ac.il\/es\/wp-json\/wp\/v2\/product_tag?post=53671"}],"curies":[{"name":"wp","href":"https:\/\/api.w.org\/{rel}","templated":true}]}}