{"id":53687,"date":"2022-03-30T06:39:14","date_gmt":"2022-03-30T06:39:14","guid":{"rendered":"https:\/\/global.herzog.ac.il\/?post_type=product&#038;p=53687"},"modified":"2023-12-19T15:36:42","modified_gmt":"2023-12-19T15:36:42","slug":"historia-judia","status":"publish","type":"product","link":"https:\/\/global.herzog.ac.il\/es\/product\/historia-judia\/","title":{"rendered":"De crisis a desarrollo hitos en la historia jud\u00eda"},"content":{"rendered":"<p>[et_pb_section fb_built=\u00bb1&#8243; admin_label=\u00bbSecci\u00f3n\u00bb _builder_version=\u00bb4.16&#8243; custom_padding=\u00bb0px||||false|false\u00bb global_colors_info=\u00bb{}\u00bb][et_pb_row _builder_version=\u00bb4.16.0&#8243; background_size=\u00bbinitial\u00bb background_position=\u00bbtop_left\u00bb background_repeat=\u00bbrepeat\u00bb width=\u00bb100%\u00bb custom_padding=\u00bb0px||0px||false|false\u00bb global_colors_info=\u00bb{}\u00bb][et_pb_column type=\u00bb4_4&#8243; _builder_version=\u00bb4.16&#8243; custom_padding=\u00bb|||\u00bb global_colors_info=\u00bb{}\u00bb custom_padding__hover=\u00bb|||\u00bb][et_pb_wc_breadcrumb _builder_version=\u00bb4.16.0&#8243; global_colors_info=\u00bb{}\u00bb][\/et_pb_wc_breadcrumb][et_pb_wc_cart_notice _builder_version=\u00bb4.16.0&#8243; global_colors_info=\u00bb{}\u00bb][\/et_pb_wc_cart_notice][\/et_pb_column][\/et_pb_row][et_pb_row column_structure=\u00bb1_2,1_2&#8243; _builder_version=\u00bb4.16.0&#8243; background_size=\u00bbinitial\u00bb background_position=\u00bbtop_left\u00bb background_repeat=\u00bbrepeat\u00bb width=\u00bb100%\u00bb custom_padding=\u00bb0px||||false|false\u00bb global_colors_info=\u00bb{}\u00bb][et_pb_column type=\u00bb1_2&#8243; _builder_version=\u00bb4.16&#8243; custom_padding=\u00bb|||\u00bb global_colors_info=\u00bb{}\u00bb custom_padding__hover=\u00bb|||\u00bb][et_pb_wc_images _builder_version=\u00bb4.16&#8243; global_colors_info=\u00bb{}\u00bb][\/et_pb_wc_images][\/et_pb_column][et_pb_column type=\u00bb1_2&#8243; _builder_version=\u00bb4.16&#8243; custom_padding=\u00bb|||\u00bb global_colors_info=\u00bb{}\u00bb custom_padding__hover=\u00bb|||\u00bb][et_pb_wc_title _builder_version=\u00bb4.16&#8243; global_colors_info=\u00bb{}\u00bb][\/et_pb_wc_title][et_pb_wc_rating _builder_version=\u00bb4.16&#8243; global_colors_info=\u00bb{}\u00bb][\/et_pb_wc_rating][et_pb_wc_price _builder_version=\u00bb4.16&#8243; global_colors_info=\u00bb{}\u00bb][\/et_pb_wc_price][et_pb_wc_description _builder_version=\u00bb4.16&#8243; global_colors_info=\u00bb{}\u00bb][\/et_pb_wc_description][et_pb_wc_add_to_cart _builder_version=\u00bb4.16&#8243; global_colors_info=\u00bb{}\u00bb][\/et_pb_wc_add_to_cart][et_pb_wc_meta _builder_version=\u00bb4.16&#8243; global_colors_info=\u00bb{}\u00bb][\/et_pb_wc_meta][\/et_pb_column][\/et_pb_row][et_pb_row _builder_version=\u00bb4.16&#8243; background_size=\u00bbinitial\u00bb background_position=\u00bbtop_left\u00bb background_repeat=\u00bbrepeat\u00bb width=\u00bb100%\u00bb global_colors_info=\u00bb{}\u00bb][et_pb_column type=\u00bb4_4&#8243; _builder_version=\u00bb4.16&#8243; custom_padding=\u00bb|||\u00bb global_colors_info=\u00bb{}\u00bb custom_padding__hover=\u00bb|||\u00bb][et_pb_wc_tabs _builder_version=\u00bb4.16&#8243; global_colors_info=\u00bb{}\u00bb]\t\t\t\t\t[\/et_pb_wc_tabs][et_pb_wc_upsells _builder_version=\u00bb4.16&#8243; global_colors_info=\u00bb{}\u00bb][\/et_pb_wc_upsells][et_pb_wc_related_products _builder_version=\u00bb4.16&#8243; global_colors_info=\u00bb{}\u00bb][\/et_pb_wc_related_products][\/et_pb_column][\/et_pb_row][\/et_pb_section]<\/p>\n","protected":false},"excerpt":{"rendered":"<p>A lo largo de los miles de a\u00f1os de su existencia, el pueblo de Israel sufri\u00f3 muchos eventos dram\u00e1ticos de grandes crisis. Muchos pagaron con sus vidas, pero adem\u00e1s dichas cat\u00e1strofes ocasionaron da\u00f1os econ\u00f3micos y espirituales. Obviamente, promovieron grandes penas y dolores y estados de gran desesperaci\u00f3n. Paralelamente, dichos sucesos fueron puntos de inflexi\u00f3n que posibilitaron la aparici\u00f3n de nuevos aspectos. Examinando la historia jud\u00eda podemos obtener herramientas tambi\u00e9n para nuestra vida actual y revisar c\u00f3mo se puede crecer a partir de tiempos cr\u00edticos y sucesos dif\u00edciles.<\/p>\n","protected":false},"featured_media":53736,"template":"","meta":{"_acf_changed":false,"_et_pb_use_builder":"on","_et_pb_old_content":"<img class=\"size-medium wp-image-53736 alignleft\" src=\"https:\/\/global.herzog.ac.il\/wp-content\/uploads\/2022\/03\/7-300x300.png\" alt=\"De crisis a desarrollo, hitos en la historia jud\u00eda\" width=\"300\" height=\"300\" \/>1. El pueblo del libro\r\n\r\n2. La destrucci\u00f3n del Segundo Templo y Rab\u00e1n Yojan\u00e1n ben Zakai trata de ayudar al pueblo en la grave situaci\u00f3n en que estaba sumido. La consolidaci\u00f3n de la Tor\u00e1 oral y su registro escrito.\r\n\r\n3. La existencia jud\u00eda en el exilio, el desarrollo de los dos centros jud\u00edos de Eretz Israel y Babilonia. Babilonia y el liderazgo de los Gueonim\r\n\r\n4. Las cruzadas y las comunidades jud\u00edas\r\n\r\n5. Mi coraz\u00f3n est\u00e1 en oriente y yo al final de occidente - La conquista musulmana en Espa\u00f1a y la Edad de Oro\r\n\r\n6. Los sucesos de la expulsi\u00f3n de Espa\u00f1a y sus consecuencias\r\n\r\n7. Es una gran mitzv\u00e1 permanecer en la alegr\u00eda - el Baal Shem Tov y la fundaci\u00f3n del jasidismo\r\n\r\n8. Hacia la tierra del oro - la gran inmigraci\u00f3n jud\u00eda de Europa a Am\u00e9rica\r\n\r\n9. Proceso de fundaci\u00f3n del Estado - Sionismo e inmigraciones en el siglo 20\r\n\r\n10. El Holocausto de los jud\u00edos en Europa y el regreso a la vida","_et_gb_content_width":"","_monsterinsights_skip_tracking":false,"_monsterinsights_sitenote_active":false,"_monsterinsights_sitenote_note":"","_monsterinsights_sitenote_category":0},"product_brand":[],"product_cat":[91,137],"product_tag":[],"class_list":{"0":"post-53687","1":"product","2":"type-product","3":"status-publish","4":"has-post-thumbnail","6":"product_cat-spanish","7":"product_cat-spanish2024","9":"first","10":"instock","11":"shipping-taxable","12":"product-type-simple"},"acf":[],"yoast_head":"<!-- This site is optimized with the Yoast SEO plugin v27.5 - https:\/\/yoast.com\/product\/yoast-seo-wordpress\/ -->\n<title>De crisis a desarrollo hitos en la historia jud\u00eda - Herzog College<\/title>\n<meta name=\"description\" content=\"Examinando la historia jud\u00eda podemos obtener herramientas tambi\u00e9n para nuestra vida actual y revisar c\u00f3mo se puede crecer a partir de tiempos cr\u00edticos y sucesos dif\u00edciles.\" \/>\n<meta name=\"robots\" content=\"index, follow, max-snippet:-1, max-image-preview:large, max-video-preview:-1\" \/>\n<link rel=\"canonical\" href=\"https:\/\/global.herzog.ac.il\/es\/product\/historia-judia\/\" \/>\n<meta property=\"og:locale\" content=\"es_ES\" \/>\n<meta property=\"og:type\" content=\"article\" \/>\n<meta property=\"og:title\" content=\"De crisis a desarrollo hitos en la historia jud\u00eda - Herzog College\" \/>\n<meta property=\"og:description\" content=\"Examinando la historia jud\u00eda podemos obtener herramientas tambi\u00e9n para nuestra vida actual y revisar c\u00f3mo se puede crecer a partir de tiempos cr\u00edticos y sucesos dif\u00edciles.\" \/>\n<meta property=\"og:site_name\" content=\"Herzog College\" \/>\n<meta property=\"article:modified_time\" content=\"2023-12-19T15:36:42+00:00\" \/>\n<meta property=\"og:image\" content=\"https:\/\/global.herzog.ac.il\/wp-content\/uploads\/2022\/03\/7.png\" \/>\n\t<meta property=\"og:image:width\" content=\"600\" \/>\n\t<meta property=\"og:image:height\" content=\"600\" \/>\n\t<meta property=\"og:image:type\" content=\"image\/png\" \/>\n<meta name=\"twitter:card\" content=\"summary_large_image\" \/>\n<meta name=\"twitter:label1\" content=\"Tiempo de lectura\" \/>\n\t<meta name=\"twitter:data1\" content=\"4 minutos\" \/>\n<script type=\"application\/ld+json\" class=\"yoast-schema-graph\">{\"@context\":\"https:\\\/\\\/schema.org\",\"@graph\":[{\"@type\":\"WebPage\",\"@id\":\"https:\\\/\\\/global.herzog.ac.il\\\/es\\\/product\\\/historia-judia\\\/\",\"url\":\"https:\\\/\\\/global.herzog.ac.il\\\/es\\\/product\\\/historia-judia\\\/\",\"name\":\"De crisis a desarrollo hitos en la historia jud\u00eda - Herzog College\",\"isPartOf\":{\"@id\":\"https:\\\/\\\/global.herzog.ac.il\\\/#website\"},\"primaryImageOfPage\":{\"@id\":\"https:\\\/\\\/global.herzog.ac.il\\\/es\\\/product\\\/historia-judia\\\/#primaryimage\"},\"image\":{\"@id\":\"https:\\\/\\\/global.herzog.ac.il\\\/es\\\/product\\\/historia-judia\\\/#primaryimage\"},\"thumbnailUrl\":\"https:\\\/\\\/global.herzog.ac.il\\\/wp-content\\\/uploads\\\/2022\\\/03\\\/7.png\",\"datePublished\":\"2022-03-30T06:39:14+00:00\",\"dateModified\":\"2023-12-19T15:36:42+00:00\",\"description\":\"Examinando la historia jud\u00eda podemos obtener herramientas tambi\u00e9n para nuestra vida actual y revisar c\u00f3mo se puede crecer a partir de tiempos cr\u00edticos y sucesos dif\u00edciles.\",\"breadcrumb\":{\"@id\":\"https:\\\/\\\/global.herzog.ac.il\\\/es\\\/product\\\/historia-judia\\\/#breadcrumb\"},\"inLanguage\":\"es\",\"potentialAction\":[{\"@type\":\"ReadAction\",\"target\":[\"https:\\\/\\\/global.herzog.ac.il\\\/es\\\/product\\\/historia-judia\\\/\"]}]},{\"@type\":\"ImageObject\",\"inLanguage\":\"es\",\"@id\":\"https:\\\/\\\/global.herzog.ac.il\\\/es\\\/product\\\/historia-judia\\\/#primaryimage\",\"url\":\"https:\\\/\\\/global.herzog.ac.il\\\/wp-content\\\/uploads\\\/2022\\\/03\\\/7.png\",\"contentUrl\":\"https:\\\/\\\/global.herzog.ac.il\\\/wp-content\\\/uploads\\\/2022\\\/03\\\/7.png\",\"width\":600,\"height\":600,\"caption\":\"De crisis a desarrollo, hitos en la historia jud\u00eda\"},{\"@type\":\"BreadcrumbList\",\"@id\":\"https:\\\/\\\/global.herzog.ac.il\\\/es\\\/product\\\/historia-judia\\\/#breadcrumb\",\"itemListElement\":[{\"@type\":\"ListItem\",\"position\":1,\"name\":\"Home\",\"item\":\"https:\\\/\\\/global.herzog.ac.il\\\/\"},{\"@type\":\"ListItem\",\"position\":2,\"name\":\"Recursos digitales\",\"item\":\"https:\\\/\\\/global.herzog.ac.il\\\/es\\\/recursos-educativos\\\/\"},{\"@type\":\"ListItem\",\"position\":3,\"name\":\"De crisis a desarrollo hitos en la historia jud\u00eda\"}]},{\"@type\":\"WebSite\",\"@id\":\"https:\\\/\\\/global.herzog.ac.il\\\/#website\",\"url\":\"https:\\\/\\\/global.herzog.ac.il\\\/\",\"name\":\"Herzog College\",\"description\":\"Empowering Jewish Education\",\"publisher\":{\"@id\":\"https:\\\/\\\/global.herzog.ac.il\\\/#organization\"},\"potentialAction\":[{\"@type\":\"SearchAction\",\"target\":{\"@type\":\"EntryPoint\",\"urlTemplate\":\"https:\\\/\\\/global.herzog.ac.il\\\/?s={search_term_string}\"},\"query-input\":{\"@type\":\"PropertyValueSpecification\",\"valueRequired\":true,\"valueName\":\"search_term_string\"}}],\"inLanguage\":\"es\"},{\"@type\":\"Organization\",\"@id\":\"https:\\\/\\\/global.herzog.ac.il\\\/#organization\",\"name\":\"Herzog College Global Courses\",\"url\":\"https:\\\/\\\/global.herzog.ac.il\\\/\",\"logo\":{\"@type\":\"ImageObject\",\"inLanguage\":\"es\",\"@id\":\"https:\\\/\\\/global.herzog.ac.il\\\/#\\\/schema\\\/logo\\\/image\\\/\",\"url\":\"https:\\\/\\\/global.herzog.ac.il\\\/wp-content\\\/uploads\\\/2021\\\/12\\\/logo-herzog-bg.jpg\",\"contentUrl\":\"https:\\\/\\\/global.herzog.ac.il\\\/wp-content\\\/uploads\\\/2021\\\/12\\\/logo-herzog-bg.jpg\",\"width\":410,\"height\":110,\"caption\":\"Herzog College Global Courses\"},\"image\":{\"@id\":\"https:\\\/\\\/global.herzog.ac.il\\\/#\\\/schema\\\/logo\\\/image\\\/\"}}]}<\/script>\n<!-- \/ Yoast SEO plugin. -->","yoast_head_json":{"title":"De crisis a desarrollo hitos en la historia jud\u00eda - Herzog College","description":"Examinando la historia jud\u00eda podemos obtener herramientas tambi\u00e9n para nuestra vida actual y revisar c\u00f3mo se puede crecer a partir de tiempos cr\u00edticos y sucesos dif\u00edciles.","robots":{"index":"index","follow":"follow","max-snippet":"max-snippet:-1","max-image-preview":"max-image-preview:large","max-video-preview":"max-video-preview:-1"},"canonical":"https:\/\/global.herzog.ac.il\/es\/product\/historia-judia\/","og_locale":"es_ES","og_type":"article","og_title":"De crisis a desarrollo hitos en la historia jud\u00eda - Herzog College","og_description":"Examinando la historia jud\u00eda podemos obtener herramientas tambi\u00e9n para nuestra vida actual y revisar c\u00f3mo se puede crecer a partir de tiempos cr\u00edticos y sucesos dif\u00edciles.","og_site_name":"Herzog College","article_modified_time":"2023-12-19T15:36:42+00:00","og_image":[{"width":600,"height":600,"url":"https:\/\/global.herzog.ac.il\/wp-content\/uploads\/2022\/03\/7.png","type":"image\/png"}],"twitter_card":"summary_large_image","twitter_misc":{"Tiempo de lectura":"4 minutos"},"schema":{"@context":"https:\/\/schema.org","@graph":[{"@type":"WebPage","@id":"https:\/\/global.herzog.ac.il\/es\/product\/historia-judia\/","url":"https:\/\/global.herzog.ac.il\/es\/product\/historia-judia\/","name":"De crisis a desarrollo hitos en la historia jud\u00eda - Herzog College","isPartOf":{"@id":"https:\/\/global.herzog.ac.il\/#website"},"primaryImageOfPage":{"@id":"https:\/\/global.herzog.ac.il\/es\/product\/historia-judia\/#primaryimage"},"image":{"@id":"https:\/\/global.herzog.ac.il\/es\/product\/historia-judia\/#primaryimage"},"thumbnailUrl":"https:\/\/global.herzog.ac.il\/wp-content\/uploads\/2022\/03\/7.png","datePublished":"2022-03-30T06:39:14+00:00","dateModified":"2023-12-19T15:36:42+00:00","description":"Examinando la historia jud\u00eda podemos obtener herramientas tambi\u00e9n para nuestra vida actual y revisar c\u00f3mo se puede crecer a partir de tiempos cr\u00edticos y sucesos dif\u00edciles.","breadcrumb":{"@id":"https:\/\/global.herzog.ac.il\/es\/product\/historia-judia\/#breadcrumb"},"inLanguage":"es","potentialAction":[{"@type":"ReadAction","target":["https:\/\/global.herzog.ac.il\/es\/product\/historia-judia\/"]}]},{"@type":"ImageObject","inLanguage":"es","@id":"https:\/\/global.herzog.ac.il\/es\/product\/historia-judia\/#primaryimage","url":"https:\/\/global.herzog.ac.il\/wp-content\/uploads\/2022\/03\/7.png","contentUrl":"https:\/\/global.herzog.ac.il\/wp-content\/uploads\/2022\/03\/7.png","width":600,"height":600,"caption":"De crisis a desarrollo, hitos en la historia jud\u00eda"},{"@type":"BreadcrumbList","@id":"https:\/\/global.herzog.ac.il\/es\/product\/historia-judia\/#breadcrumb","itemListElement":[{"@type":"ListItem","position":1,"name":"Home","item":"https:\/\/global.herzog.ac.il\/"},{"@type":"ListItem","position":2,"name":"Recursos digitales","item":"https:\/\/global.herzog.ac.il\/es\/recursos-educativos\/"},{"@type":"ListItem","position":3,"name":"De crisis a desarrollo hitos en la historia jud\u00eda"}]},{"@type":"WebSite","@id":"https:\/\/global.herzog.ac.il\/#website","url":"https:\/\/global.herzog.ac.il\/","name":"Herzog College","description":"Empowering Jewish Education","publisher":{"@id":"https:\/\/global.herzog.ac.il\/#organization"},"potentialAction":[{"@type":"SearchAction","target":{"@type":"EntryPoint","urlTemplate":"https:\/\/global.herzog.ac.il\/?s={search_term_string}"},"query-input":{"@type":"PropertyValueSpecification","valueRequired":true,"valueName":"search_term_string"}}],"inLanguage":"es"},{"@type":"Organization","@id":"https:\/\/global.herzog.ac.il\/#organization","name":"Herzog College Global Courses","url":"https:\/\/global.herzog.ac.il\/","logo":{"@type":"ImageObject","inLanguage":"es","@id":"https:\/\/global.herzog.ac.il\/#\/schema\/logo\/image\/","url":"https:\/\/global.herzog.ac.il\/wp-content\/uploads\/2021\/12\/logo-herzog-bg.jpg","contentUrl":"https:\/\/global.herzog.ac.il\/wp-content\/uploads\/2021\/12\/logo-herzog-bg.jpg","width":410,"height":110,"caption":"Herzog College Global Courses"},"image":{"@id":"https:\/\/global.herzog.ac.il\/#\/schema\/logo\/image\/"}}]}},"thumbnail":"https:\/\/global.herzog.ac.il\/wp-content\/uploads\/2022\/03\/7.png","price_html":"","on_sale":false,"stock_status":"instock","rating_html":"","rating_count":0,"_links":{"self":[{"href":"https:\/\/global.herzog.ac.il\/es\/wp-json\/wp\/v2\/product\/53687","targetHints":{"allow":["GET"]}}],"collection":[{"href":"https:\/\/global.herzog.ac.il\/es\/wp-json\/wp\/v2\/product"}],"about":[{"href":"https:\/\/global.herzog.ac.il\/es\/wp-json\/wp\/v2\/types\/product"}],"wp:featuredmedia":[{"embeddable":true,"href":"https:\/\/global.herzog.ac.il\/es\/wp-json\/wp\/v2\/media\/53736"}],"wp:attachment":[{"href":"https:\/\/global.herzog.ac.il\/es\/wp-json\/wp\/v2\/media?parent=53687"}],"wp:term":[{"taxonomy":"product_brand","embeddable":true,"href":"https:\/\/global.herzog.ac.il\/es\/wp-json\/wp\/v2\/product_brand?post=53687"},{"taxonomy":"product_cat","embeddable":true,"href":"https:\/\/global.herzog.ac.il\/es\/wp-json\/wp\/v2\/product_cat?post=53687"},{"taxonomy":"product_tag","embeddable":true,"href":"https:\/\/global.herzog.ac.il\/es\/wp-json\/wp\/v2\/product_tag?post=53687"}],"curies":[{"name":"wp","href":"https:\/\/api.w.org\/{rel}","templated":true}]}}